{"id":24202,"date":"2025-01-06T16:51:34","date_gmt":"2025-01-06T13:51:34","guid":{"rendered":"https:\/\/www.makitamarket.com.tr\/site\/urun\/gison-gp848t31a-yedek-havali-kilic-testere-bicagi-24-dis\/"},"modified":"2026-04-06T17:25:18","modified_gmt":"2026-04-06T14:25:18","slug":"gison-gp848t31a-yedek-havali-kilic-testere-bicagi-24-dis","status":"publish","type":"product","link":"https:\/\/www.makitamarket.com.tr\/site\/urun\/gison-gp848t31a-yedek-havali-kilic-testere-bicagi-24-dis\/","title":{"rendered":"Gison GP848T31A YEDEK HAVALI KILI\u00c7 TESTERE BI\u00c7A\u011eI 24 D\u0130\u015e"},"content":{"rendered":"<p>Kullan\u0131m Alan\u0131:Yumu\u015fak metal<\/p>\n<table>\n<tr>\n<td>Kullan\u0131ld\u0131\u011f\u0131 Makine<\/td>\n<td>GP-848T Haval\u0131 K\u0131l\u0131\u00e7 Testere<\/td>\n<\/tr>\n<tr>\n<td>Di\u015f Say\u0131s\u0131<\/td>\n<td>24 di\u015f<\/td>\n<\/tr>\n<\/table>\n","protected":false},"excerpt":{"rendered":"<p>Kullan\u0131m Alan\u0131:Yumu\u015fak metal<\/p>\n","protected":false},"featured_media":20819,"comment_status":"open","ping_status":"closed","template":"","meta":{"_acf_changed":false},"product_brand":[1512],"product_cat":[1119],"product_tag":[],"class_list":{"0":"post-24202","1":"product","2":"type-product","3":"status-publish","4":"has-post-thumbnail","6":"product_brand-gison","7":"product_cat-havali-kilic-testere-ve-egeler","9":"first","10":"instock","11":"taxable","12":"shipping-taxable","13":"purchasable","14":"product-type-simple","15":"add-to-wishlist-after_add_to_cart"},"acf":[],"_links":{"self":[{"href":"https:\/\/www.makitamarket.com.tr\/site\/wp-json\/wp\/v2\/product\/24202","targetHints":{"allow":["GET"]}}],"collection":[{"href":"https:\/\/www.makitamarket.com.tr\/site\/wp-json\/wp\/v2\/product"}],"about":[{"href":"https:\/\/www.makitamarket.com.tr\/site\/wp-json\/wp\/v2\/types\/product"}],"replies":[{"embeddable":true,"href":"https:\/\/www.makitamarket.com.tr\/site\/wp-json\/wp\/v2\/comments?post=24202"}],"wp:featuredmedia":[{"embeddable":true,"href":"https:\/\/www.makitamarket.com.tr\/site\/wp-json\/wp\/v2\/media\/20819"}],"wp:attachment":[{"href":"https:\/\/www.makitamarket.com.tr\/site\/wp-json\/wp\/v2\/media?parent=24202"}],"wp:term":[{"taxonomy":"product_brand","embeddable":true,"href":"https:\/\/www.makitamarket.com.tr\/site\/wp-json\/wp\/v2\/product_brand?post=24202"},{"taxonomy":"product_cat","embeddable":true,"href":"https:\/\/www.makitamarket.com.tr\/site\/wp-json\/wp\/v2\/product_cat?post=24202"},{"taxonomy":"product_tag","embeddable":true,"href":"https:\/\/www.makitamarket.com.tr\/site\/wp-json\/wp\/v2\/product_tag?post=24202"}],"curies":[{"name":"wp","href":"https:\/\/api.w.org\/{rel}","templated":true}]}}