{"id":24209,"date":"2025-01-06T16:51:43","date_gmt":"2025-01-06T13:51:43","guid":{"rendered":"https:\/\/www.makitamarket.com.tr\/site\/urun\/todrill-td50733-sds-plus-adaptor\/"},"modified":"2026-03-30T10:51:34","modified_gmt":"2026-03-30T07:51:34","slug":"todrill-td50733-sds-plus-adaptor","status":"publish","type":"product","link":"https:\/\/www.makitamarket.com.tr\/site\/urun\/todrill-td50733-sds-plus-adaptor\/","title":{"rendered":"Todrill TD50733 SDS PLUS ADAPT\u00d6R"},"content":{"rendered":"<table>\n<tr>\n<td>\u00d6l\u00e7\u00fc<\/td>\n<td>200 mm.<\/td>\n<\/tr>\n<tr>\n<td>Koli \u0130\u00e7i Adedi<\/td>\n<td>25<\/td>\n<\/tr>\n<tr>\n<td>Tip<\/td>\n<td>SDS Plus<\/td>\n<\/tr>\n<\/table>\n","protected":false},"excerpt":{"rendered":"<p>\u00d6l\u00e7\u00fc 200 mm. Koli \u0130\u00e7i Adedi 25 Tip SDS Plus<\/p>\n","protected":false},"featured_media":20909,"comment_status":"open","ping_status":"closed","template":"","meta":{"_acf_changed":false},"product_brand":[1544],"product_cat":[1047],"product_tag":[],"class_list":{"0":"post-24209","1":"product","2":"type-product","3":"status-publish","4":"has-post-thumbnail","6":"product_brand-todrill","7":"product_cat-bits-uclar-aparatlar-adaptorler","9":"first","10":"instock","11":"taxable","12":"shipping-taxable","13":"purchasable","14":"product-type-simple","15":"add-to-wishlist-after_add_to_cart"},"acf":[],"_links":{"self":[{"href":"https:\/\/www.makitamarket.com.tr\/site\/wp-json\/wp\/v2\/product\/24209","targetHints":{"allow":["GET"]}}],"collection":[{"href":"https:\/\/www.makitamarket.com.tr\/site\/wp-json\/wp\/v2\/product"}],"about":[{"href":"https:\/\/www.makitamarket.com.tr\/site\/wp-json\/wp\/v2\/types\/product"}],"replies":[{"embeddable":true,"href":"https:\/\/www.makitamarket.com.tr\/site\/wp-json\/wp\/v2\/comments?post=24209"}],"wp:featuredmedia":[{"embeddable":true,"href":"https:\/\/www.makitamarket.com.tr\/site\/wp-json\/wp\/v2\/media\/20909"}],"wp:attachment":[{"href":"https:\/\/www.makitamarket.com.tr\/site\/wp-json\/wp\/v2\/media?parent=24209"}],"wp:term":[{"taxonomy":"product_brand","embeddable":true,"href":"https:\/\/www.makitamarket.com.tr\/site\/wp-json\/wp\/v2\/product_brand?post=24209"},{"taxonomy":"product_cat","embeddable":true,"href":"https:\/\/www.makitamarket.com.tr\/site\/wp-json\/wp\/v2\/product_cat?post=24209"},{"taxonomy":"product_tag","embeddable":true,"href":"https:\/\/www.makitamarket.com.tr\/site\/wp-json\/wp\/v2\/product_tag?post=24209"}],"curies":[{"name":"wp","href":"https:\/\/api.w.org\/{rel}","templated":true}]}}