{"id":24219,"date":"2025-01-06T16:51:49","date_gmt":"2025-01-06T13:51:49","guid":{"rendered":"https:\/\/www.makitamarket.com.tr\/site\/urun\/gison-gp848b4618-yedek-havali-kilic-testere-bicagi-18-dis\/"},"modified":"2026-04-06T17:29:40","modified_gmt":"2026-04-06T14:29:40","slug":"gison-gp848b4618-yedek-havali-kilic-testere-bicagi-18-dis","status":"publish","type":"product","link":"https:\/\/www.makitamarket.com.tr\/site\/urun\/gison-gp848b4618-yedek-havali-kilic-testere-bicagi-18-dis\/","title":{"rendered":"Gison GP848B4618 YEDEK HAVALI KILI\u00c7 TESTERE BI\u00c7A\u011eI 18 D\u0130\u015e"},"content":{"rendered":"<table>\n<tr>\n<td>Di\u015f Say\u0131s\u0131<\/td>\n<td>18<\/td>\n<\/tr>\n<tr>\n<td>Kulland\u0131\u011f\u0131 Makine<\/td>\n<td>GP848B uyumlu<\/td>\n<\/tr>\n<tr>\n<td>Kesime uygun malzeme<\/td>\n<td>Al\u00fcminyum, Plastik, A\u011fa\u00e7<\/td>\n<\/tr>\n<\/table>\n","protected":false},"excerpt":{"rendered":"<p>Di\u015f Say\u0131s\u0131 18 Kulland\u0131\u011f\u0131 Makine GP848B uyumlu Kesime uygun malzeme Al\u00fcminyum, Plastik, A\u011fa\u00e7<\/p>\n","protected":false},"featured_media":20982,"comment_status":"open","ping_status":"closed","template":"","meta":{"_acf_changed":false},"product_brand":[1512],"product_cat":[1119],"product_tag":[],"class_list":{"0":"post-24219","1":"product","2":"type-product","3":"status-publish","4":"has-post-thumbnail","6":"product_brand-gison","7":"product_cat-havali-kilic-testere-ve-egeler","9":"first","10":"instock","11":"taxable","12":"shipping-taxable","13":"purchasable","14":"product-type-simple","15":"add-to-wishlist-after_add_to_cart"},"acf":[],"_links":{"self":[{"href":"https:\/\/www.makitamarket.com.tr\/site\/wp-json\/wp\/v2\/product\/24219","targetHints":{"allow":["GET"]}}],"collection":[{"href":"https:\/\/www.makitamarket.com.tr\/site\/wp-json\/wp\/v2\/product"}],"about":[{"href":"https:\/\/www.makitamarket.com.tr\/site\/wp-json\/wp\/v2\/types\/product"}],"replies":[{"embeddable":true,"href":"https:\/\/www.makitamarket.com.tr\/site\/wp-json\/wp\/v2\/comments?post=24219"}],"wp:featuredmedia":[{"embeddable":true,"href":"https:\/\/www.makitamarket.com.tr\/site\/wp-json\/wp\/v2\/media\/20982"}],"wp:attachment":[{"href":"https:\/\/www.makitamarket.com.tr\/site\/wp-json\/wp\/v2\/media?parent=24219"}],"wp:term":[{"taxonomy":"product_brand","embeddable":true,"href":"https:\/\/www.makitamarket.com.tr\/site\/wp-json\/wp\/v2\/product_brand?post=24219"},{"taxonomy":"product_cat","embeddable":true,"href":"https:\/\/www.makitamarket.com.tr\/site\/wp-json\/wp\/v2\/product_cat?post=24219"},{"taxonomy":"product_tag","embeddable":true,"href":"https:\/\/www.makitamarket.com.tr\/site\/wp-json\/wp\/v2\/product_tag?post=24219"}],"curies":[{"name":"wp","href":"https:\/\/api.w.org\/{rel}","templated":true}]}}