{"id":24220,"date":"2025-01-06T16:51:52","date_gmt":"2025-01-06T13:51:52","guid":{"rendered":"https:\/\/www.makitamarket.com.tr\/site\/urun\/proxxon-28808-kesme-diski-10-lu-22-mm\/"},"modified":"2026-03-30T10:54:22","modified_gmt":"2026-03-30T07:54:22","slug":"proxxon-28808-kesme-diski-10-lu-22-mm","status":"publish","type":"product","link":"https:\/\/www.makitamarket.com.tr\/site\/urun\/proxxon-28808-kesme-diski-10-lu-22-mm\/","title":{"rendered":"Proxxon 28808 KESME D\u0130SK\u0130 10 LU 22 mm"},"content":{"rendered":"<p>\n\t<span style=\"font-size:12px;\"><span style=\"font-family:tahoma,geneva,sans-serif;\"><strong>Kaplamal\u0131 al\u00fcminyum oksit<br \/>\n\t<\/strong><\/span><\/span><\/p>\n<p>\n\t<span style=\"font-size:12px;\"><span style=\"font-family:tahoma,geneva,sans-serif;\">Kesme diskleri 22 x 0.8 ve 38 x 1 \u00f6l\u00e7\u00fclerinde bulunabilmektedir. \u00c7ok zor k\u0131r\u0131ld\u0131\u011f\u0131 i\u00e7in p\u00fcr\u00fcz alma i\u015fleminde kullan\u0131labilir.<br \/>\n\t<\/span><\/span><\/p>\n<p>\n\t<span style=\"font-size:12px;\"><span style=\"font-family:tahoma,geneva,sans-serif;\">Ala\u015f\u0131ml\u0131, standart ve paslanmaz \u00e7elik, demirsiz metal ve hatta ah\u015fap ve plasti\u011fi keser. \u0130\u00e7 mil \u00e7ap\u0131 2.35&#8217;dir.<br \/>\n\t<\/span><\/span><\/p>\n<table>\n<tr>\n<td>Mil \u00c7ap\u0131<\/td>\n<td>2,35 mm<\/td>\n<\/tr>\n<tr>\n<td>Disk \u00c7ap\u0131<\/td>\n<td>22 mm.<\/td>\n<\/tr>\n<\/table>\n","protected":false},"excerpt":{"rendered":"<p>\n\t<span style=\"font-size:12px;\"><span style=\"font-family:tahoma,geneva,sans-serif;\"><strong>Kaplamal\u0131 al\u00fcminyum oksit<br \/>\n\t<\/strong><\/span><\/span><\/p>\n<p>\n\t<span style=\"font-size:12px;\"><span style=\"font-family:tahoma,geneva,sans-serif;\">Kesme diskleri 22 x 0.8 ve 38 x 1 \u00f6l\u00e7\u00fclerinde bulunabilmektedir. \u00c7ok zor k\u0131r\u0131ld\u0131\u011f\u0131 i\u00e7in p\u00fcr\u00fcz alma i\u015fleminde kullan\u0131labilir.<br \/>\n\t<\/span><\/span><\/p>\n<p>\n\t<span style=\"font-size:12px;\"><span style=\"font-family:tahoma,geneva,sans-serif;\">Ala\u015f\u0131ml\u0131, standart ve paslanmaz \u00e7elik, demirsiz metal ve hatta ah\u015fap ve plasti\u011fi keser. \u0130\u00e7 mil \u00e7ap\u0131 2.35&#8217;dir.<br \/>\n\t<\/span><\/span><\/p>\n","protected":false},"featured_media":21000,"comment_status":"open","ping_status":"closed","template":"","meta":{"_acf_changed":false},"product_brand":[1501],"product_cat":[926],"product_tag":[],"class_list":{"0":"post-24220","1":"product","2":"type-product","3":"status-publish","4":"has-post-thumbnail","6":"product_brand-proxxon","7":"product_cat-aksesuarlar-mikro-aletleri","9":"first","10":"instock","11":"taxable","12":"shipping-taxable","13":"purchasable","14":"product-type-simple","15":"add-to-wishlist-after_add_to_cart"},"acf":[],"_links":{"self":[{"href":"https:\/\/www.makitamarket.com.tr\/site\/wp-json\/wp\/v2\/product\/24220","targetHints":{"allow":["GET"]}}],"collection":[{"href":"https:\/\/www.makitamarket.com.tr\/site\/wp-json\/wp\/v2\/product"}],"about":[{"href":"https:\/\/www.makitamarket.com.tr\/site\/wp-json\/wp\/v2\/types\/product"}],"replies":[{"embeddable":true,"href":"https:\/\/www.makitamarket.com.tr\/site\/wp-json\/wp\/v2\/comments?post=24220"}],"wp:featuredmedia":[{"embeddable":true,"href":"https:\/\/www.makitamarket.com.tr\/site\/wp-json\/wp\/v2\/media\/21000"}],"wp:attachment":[{"href":"https:\/\/www.makitamarket.com.tr\/site\/wp-json\/wp\/v2\/media?parent=24220"}],"wp:term":[{"taxonomy":"product_brand","embeddable":true,"href":"https:\/\/www.makitamarket.com.tr\/site\/wp-json\/wp\/v2\/product_brand?post=24220"},{"taxonomy":"product_cat","embeddable":true,"href":"https:\/\/www.makitamarket.com.tr\/site\/wp-json\/wp\/v2\/product_cat?post=24220"},{"taxonomy":"product_tag","embeddable":true,"href":"https:\/\/www.makitamarket.com.tr\/site\/wp-json\/wp\/v2\/product_tag?post=24220"}],"curies":[{"name":"wp","href":"https:\/\/api.w.org\/{rel}","templated":true}]}}