{"id":24224,"date":"2025-01-06T16:51:56","date_gmt":"2025-01-06T13:51:56","guid":{"rendered":"https:\/\/www.makitamarket.com.tr\/site\/urun\/proxxon-28302-taslama-ucu-10-lu-22-mm\/"},"modified":"2026-05-12T19:29:29","modified_gmt":"2026-05-12T16:29:29","slug":"proxxon-28302-taslama-ucu-10-lu-22-mm","status":"publish","type":"product","link":"https:\/\/www.makitamarket.com.tr\/site\/urun\/proxxon-28302-taslama-ucu-10-lu-22-mm\/","title":{"rendered":"Proxxon 28302 TA\u015eLAMA UCU 10 LU 22 mm"},"content":{"rendered":"<p>Y\u00fcksek kalite korundum ta\u015flama u\u00e7lar\u0131. Daimi sertlikte, kaliteli ana malzemeden u\u00e7 ve setler. En geni\u015f kapsamda her uygulama i\u00e7in \u00e7e\u015fitli \u015fekillerde. \u00d6zellikle demir d\u00f6k\u00fcm, \u00e7elik ve sert metal ala\u015f\u0131mlar\u0131n \u00fczerinde \u00e7al\u0131\u015fmak i\u00e7in. Do\u011fru \u00e7apta 2.35 veya 3 &#8216; lik mil \u00e7ap\u0131 maksimum hassasiyeti sa\u011flamaktad\u0131r.<\/p>\n<p>Ta\u015flama kural\u0131 : yumu\u015fak malzeme = sert ta\u015flama ucu; sert malzeme = yumu\u015fak ta\u015flama ucu.<\/p>\n<table>\n<tr>\n<td>Mil \u00c7ap\u0131<\/td>\n<td>2,35 mm<\/td>\n<\/tr>\n<\/table>\n","protected":false},"excerpt":{"rendered":"<p>Y\u00fcksek kalite korundum ta\u015flama u\u00e7lar\u0131. Daimi sertlikte, kaliteli ana malzemeden u\u00e7 ve setler. En geni\u015f kapsamda her uygulama i\u00e7in \u00e7e\u015fitli \u015fekillerde. \u00d6zellikle demir d\u00f6k\u00fcm, \u00e7elik ve sert metal ala\u015f\u0131mlar\u0131n \u00fczerinde \u00e7al\u0131\u015fmak i\u00e7in. Do\u011fru \u00e7apta 2.35 veya 3 &#8216; lik mil \u00e7ap\u0131 maksimum hassasiyeti sa\u011flamaktad\u0131r.<\/p>\n<p>Ta\u015flama kural\u0131 : yumu\u015fak malzeme = sert ta\u015flama ucu; sert malzeme = yumu\u015fak ta\u015flama ucu.<\/p>\n","protected":false},"featured_media":21039,"comment_status":"open","ping_status":"closed","template":"","meta":{"_acf_changed":false},"product_brand":[1501],"product_cat":[926],"product_tag":[],"class_list":{"0":"post-24224","1":"product","2":"type-product","3":"status-publish","4":"has-post-thumbnail","6":"product_brand-proxxon","7":"product_cat-aksesuarlar-mikro-aletleri","9":"first","10":"instock","11":"taxable","12":"shipping-taxable","13":"purchasable","14":"product-type-simple","15":"add-to-wishlist-after_add_to_cart"},"acf":[],"_links":{"self":[{"href":"https:\/\/www.makitamarket.com.tr\/site\/wp-json\/wp\/v2\/product\/24224","targetHints":{"allow":["GET"]}}],"collection":[{"href":"https:\/\/www.makitamarket.com.tr\/site\/wp-json\/wp\/v2\/product"}],"about":[{"href":"https:\/\/www.makitamarket.com.tr\/site\/wp-json\/wp\/v2\/types\/product"}],"replies":[{"embeddable":true,"href":"https:\/\/www.makitamarket.com.tr\/site\/wp-json\/wp\/v2\/comments?post=24224"}],"wp:featuredmedia":[{"embeddable":true,"href":"https:\/\/www.makitamarket.com.tr\/site\/wp-json\/wp\/v2\/media\/21039"}],"wp:attachment":[{"href":"https:\/\/www.makitamarket.com.tr\/site\/wp-json\/wp\/v2\/media?parent=24224"}],"wp:term":[{"taxonomy":"product_brand","embeddable":true,"href":"https:\/\/www.makitamarket.com.tr\/site\/wp-json\/wp\/v2\/product_brand?post=24224"},{"taxonomy":"product_cat","embeddable":true,"href":"https:\/\/www.makitamarket.com.tr\/site\/wp-json\/wp\/v2\/product_cat?post=24224"},{"taxonomy":"product_tag","embeddable":true,"href":"https:\/\/www.makitamarket.com.tr\/site\/wp-json\/wp\/v2\/product_tag?post=24224"}],"curies":[{"name":"wp","href":"https:\/\/api.w.org\/{rel}","templated":true}]}}