{"id":24227,"date":"2025-01-06T16:52:00","date_gmt":"2025-01-06T13:52:00","guid":{"rendered":"https:\/\/www.makitamarket.com.tr\/site\/urun\/proxxon-28982-zimpara-18-mm\/"},"modified":"2026-04-06T17:32:21","modified_gmt":"2026-04-06T14:32:21","slug":"proxxon-28982-zimpara-18-mm","status":"publish","type":"product","link":"https:\/\/www.makitamarket.com.tr\/site\/urun\/proxxon-28982-zimpara-18-mm\/","title":{"rendered":"Proxxon 28982 ZIMPARA 18 mm"},"content":{"rendered":"<p>\n\t<span style=\"font-size:12px;\"><span style=\"font-family:tahoma,geneva,sans-serif;\"><strong>Z\u0131mpara disk, silindir ve tekerleri<\/strong> standart korundumdan imal edilmi\u015ftir. Farkl\u0131 z\u0131mpara i\u015flemleri i\u00e7in standart sert ve farkl\u0131 kumda bile\u015fimlerden olu\u015fmu\u015ftur. Bir \u00e7ok uygulamalar i\u00e7in uzun \u00f6m\u00fcrl\u00fc ve farkl\u0131 \u015fekillerdedir. \u00c7elik,demirsiz metal, plastik, kau\u00e7uk, deri, ah\u015fap (hatta kenarlar) \u00fczerinde \u00e7al\u0131\u015fmak i\u00e7in ve oluk a\u00e7mada da kullan\u0131labilir.<br \/>\n\t<\/span><\/span><\/p>\n<p>\n\t<span style=\"font-size:12px;\"><span style=\"font-family:tahoma,geneva,sans-serif;\">D\u00f6n\u00fc\u015f h\u0131z\u0131n\u0131 malzemenin cinsine g\u00f6re ayarlay\u0131n\u0131z. D\u00f6n\u00fc\u015f h\u0131z\u0131 \u00e7elik i\u015flerken h\u0131zl\u0131, ah\u015fap i\u015flerken orta ve plastik i\u015flerken d\u00fc\u015f\u00fck olmal\u0131d\u0131r.<br \/>\n\t<\/span><\/span><\/p>\n<p>\n\t<span style=\"font-size:12px;\"><span style=\"font-family:tahoma,geneva,sans-serif;\">B\u00fct\u00fcn saplar 3 mm&#8217;dir.<br \/>\n\t<\/span><\/span><\/p>\n<table>\n<tr>\n<td>Mil \u00c7ap\u0131<\/td>\n<td>3,0 mm<\/td>\n<\/tr>\n<\/table>\n","protected":false},"excerpt":{"rendered":"<p>\n\t<span style=\"font-size:12px;\"><span style=\"font-family:tahoma,geneva,sans-serif;\"><strong>Z\u0131mpara disk, silindir ve tekerleri<\/strong> standart korundumdan imal edilmi\u015ftir. Farkl\u0131 z\u0131mpara i\u015flemleri i\u00e7in standart sert ve farkl\u0131 kumda bile\u015fimlerden olu\u015fmu\u015ftur. Bir \u00e7ok uygulamalar i\u00e7in uzun \u00f6m\u00fcrl\u00fc ve farkl\u0131 \u015fekillerdedir. \u00c7elik,demirsiz metal, plastik, kau\u00e7uk, deri, ah\u015fap (hatta kenarlar) \u00fczerinde \u00e7al\u0131\u015fmak i\u00e7in ve oluk a\u00e7mada da kullan\u0131labilir.<br \/>\n\t<\/span><\/span><\/p>\n<p>\n\t<span style=\"font-size:12px;\"><span style=\"font-family:tahoma,geneva,sans-serif;\">D\u00f6n\u00fc\u015f h\u0131z\u0131n\u0131 malzemenin cinsine g\u00f6re ayarlay\u0131n\u0131z. D\u00f6n\u00fc\u015f h\u0131z\u0131 \u00e7elik i\u015flerken h\u0131zl\u0131, ah\u015fap i\u015flerken orta ve plastik i\u015flerken d\u00fc\u015f\u00fck olmal\u0131d\u0131r.<br \/>\n\t<\/span><\/span><\/p>\n<p>\n\t<span style=\"font-size:12px;\"><span style=\"font-family:tahoma,geneva,sans-serif;\">B\u00fct\u00fcn saplar 3 mm&#8217;dir.<br \/>\n\t<\/span><\/span><\/p>\n","protected":false},"featured_media":21084,"comment_status":"open","ping_status":"closed","template":"","meta":{"_acf_changed":false},"product_brand":[1501],"product_cat":[926],"product_tag":[],"class_list":{"0":"post-24227","1":"product","2":"type-product","3":"status-publish","4":"has-post-thumbnail","6":"product_brand-proxxon","7":"product_cat-aksesuarlar-mikro-aletleri","9":"first","10":"instock","11":"taxable","12":"shipping-taxable","13":"purchasable","14":"product-type-simple","15":"add-to-wishlist-after_add_to_cart"},"acf":[],"_links":{"self":[{"href":"https:\/\/www.makitamarket.com.tr\/site\/wp-json\/wp\/v2\/product\/24227","targetHints":{"allow":["GET"]}}],"collection":[{"href":"https:\/\/www.makitamarket.com.tr\/site\/wp-json\/wp\/v2\/product"}],"about":[{"href":"https:\/\/www.makitamarket.com.tr\/site\/wp-json\/wp\/v2\/types\/product"}],"replies":[{"embeddable":true,"href":"https:\/\/www.makitamarket.com.tr\/site\/wp-json\/wp\/v2\/comments?post=24227"}],"wp:featuredmedia":[{"embeddable":true,"href":"https:\/\/www.makitamarket.com.tr\/site\/wp-json\/wp\/v2\/media\/21084"}],"wp:attachment":[{"href":"https:\/\/www.makitamarket.com.tr\/site\/wp-json\/wp\/v2\/media?parent=24227"}],"wp:term":[{"taxonomy":"product_brand","embeddable":true,"href":"https:\/\/www.makitamarket.com.tr\/site\/wp-json\/wp\/v2\/product_brand?post=24227"},{"taxonomy":"product_cat","embeddable":true,"href":"https:\/\/www.makitamarket.com.tr\/site\/wp-json\/wp\/v2\/product_cat?post=24227"},{"taxonomy":"product_tag","embeddable":true,"href":"https:\/\/www.makitamarket.com.tr\/site\/wp-json\/wp\/v2\/product_tag?post=24227"}],"curies":[{"name":"wp","href":"https:\/\/api.w.org\/{rel}","templated":true}]}}