{"id":24264,"date":"2025-01-06T16:52:41","date_gmt":"2025-01-06T13:52:41","guid":{"rendered":"https:\/\/www.makitamarket.com.tr\/site\/urun\/proxxon-28801-hassas-polisaj-2-li\/"},"modified":"2026-04-06T17:43:46","modified_gmt":"2026-04-06T14:43:46","slug":"proxxon-28801-hassas-polisaj-2-li","status":"publish","type":"product","link":"https:\/\/www.makitamarket.com.tr\/site\/urun\/proxxon-28801-hassas-polisaj-2-li\/","title":{"rendered":"Proxxon 28801 HASSAS POL\u0130SAJ 2 L\u0130"},"content":{"rendered":"<p>\n\t<span style=\"font-size:12px;\"><span style=\"font-family:tahoma,geneva,sans-serif;\"><strong>Ke\u00e7e polisaj ve ke\u00e7e diskleri<br \/>\n\t<\/strong><\/span><\/span><\/p>\n<p>\n\t<span style=\"font-size:12px;\"><span style=\"font-family:tahoma,geneva,sans-serif;\">Farkl\u0131 uygulamalar i\u00e7in de\u011fi\u015fik \u015fekiller ve profillerde.<br \/>\n\t<\/span><\/span><\/p>\n<p>\n\t<span style=\"font-size:12px;\"><span style=\"font-family:tahoma,geneva,sans-serif;\">Polisaj macunu kullan\u0131ld\u0131\u011f\u0131nda metal, alt\u0131n, g\u00fcm\u00fc\u015f, pirin\u00e7 ve al\u00fcminyum parlatmak i\u00e7in. Kal\u0131p yap\u0131m\u0131 ve alet \u00fcretiminde de kullan\u0131ma uygundur. B\u00fct\u00fcn saplar 2.35 mm.<br \/>\n\t<\/span><\/span><\/p>\n<p>\n\t<span style=\"font-size:12px;\"><span style=\"font-family:tahoma,geneva,sans-serif;\">Polisaj yaparken daima malzemeyi ve ucu korumak i\u00e7in d\u00fc\u015f\u00fck h\u0131zda \u00e7al\u0131\u015f\u0131n.<br \/>\n\t<\/span><\/span><\/p>\n<p>\n\t<span style=\"font-size:12px;\"><span style=\"font-family:tahoma,geneva,sans-serif;\">Sert polisaj macunu ihtiva eden ya\u011f\u0131 yumu\u015fat\u0131n ve hafif \u0131s\u0131t\u0131n.<br \/>\n\t<\/span><\/span><\/p>\n<table>\n<tr>\n<td>Mil \u00c7ap\u0131<\/td>\n<td>2,35 mm<\/td>\n<\/tr>\n<\/table>\n","protected":false},"excerpt":{"rendered":"<p>\n\t<span style=\"font-size:12px;\"><span style=\"font-family:tahoma,geneva,sans-serif;\"><strong>Ke\u00e7e polisaj ve ke\u00e7e diskleri<br \/>\n\t<\/strong><\/span><\/span><\/p>\n<p>\n\t<span style=\"font-size:12px;\"><span style=\"font-family:tahoma,geneva,sans-serif;\">Farkl\u0131 uygulamalar i\u00e7in de\u011fi\u015fik \u015fekiller ve profillerde.<br \/>\n\t<\/span><\/span><\/p>\n<p>\n\t<span style=\"font-size:12px;\"><span style=\"font-family:tahoma,geneva,sans-serif;\">Polisaj macunu kullan\u0131ld\u0131\u011f\u0131nda metal, alt\u0131n, g\u00fcm\u00fc\u015f, pirin\u00e7 ve al\u00fcminyum parlatmak i\u00e7in. Kal\u0131p yap\u0131m\u0131 ve alet \u00fcretiminde de kullan\u0131ma uygundur. B\u00fct\u00fcn saplar 2.35 mm.<br \/>\n\t<\/span><\/span><\/p>\n<p>\n\t<span style=\"font-size:12px;\"><span style=\"font-family:tahoma,geneva,sans-serif;\">Polisaj yaparken daima malzemeyi ve ucu korumak i\u00e7in d\u00fc\u015f\u00fck h\u0131zda \u00e7al\u0131\u015f\u0131n.<br \/>\n\t<\/span><\/span><\/p>\n<p>\n\t<span style=\"font-size:12px;\"><span style=\"font-family:tahoma,geneva,sans-serif;\">Sert polisaj macunu ihtiva eden ya\u011f\u0131 yumu\u015fat\u0131n ve hafif \u0131s\u0131t\u0131n.<br \/>\n\t<\/span><\/span><\/p>\n","protected":false},"featured_media":21556,"comment_status":"open","ping_status":"closed","template":"","meta":{"_acf_changed":false},"product_brand":[1501],"product_cat":[926],"product_tag":[],"class_list":{"0":"post-24264","1":"product","2":"type-product","3":"status-publish","4":"has-post-thumbnail","6":"product_brand-proxxon","7":"product_cat-aksesuarlar-mikro-aletleri","9":"first","10":"instock","11":"taxable","12":"shipping-taxable","13":"purchasable","14":"product-type-simple","15":"add-to-wishlist-after_add_to_cart"},"acf":[],"_links":{"self":[{"href":"https:\/\/www.makitamarket.com.tr\/site\/wp-json\/wp\/v2\/product\/24264","targetHints":{"allow":["GET"]}}],"collection":[{"href":"https:\/\/www.makitamarket.com.tr\/site\/wp-json\/wp\/v2\/product"}],"about":[{"href":"https:\/\/www.makitamarket.com.tr\/site\/wp-json\/wp\/v2\/types\/product"}],"replies":[{"embeddable":true,"href":"https:\/\/www.makitamarket.com.tr\/site\/wp-json\/wp\/v2\/comments?post=24264"}],"wp:featuredmedia":[{"embeddable":true,"href":"https:\/\/www.makitamarket.com.tr\/site\/wp-json\/wp\/v2\/media\/21556"}],"wp:attachment":[{"href":"https:\/\/www.makitamarket.com.tr\/site\/wp-json\/wp\/v2\/media?parent=24264"}],"wp:term":[{"taxonomy":"product_brand","embeddable":true,"href":"https:\/\/www.makitamarket.com.tr\/site\/wp-json\/wp\/v2\/product_brand?post=24264"},{"taxonomy":"product_cat","embeddable":true,"href":"https:\/\/www.makitamarket.com.tr\/site\/wp-json\/wp\/v2\/product_cat?post=24264"},{"taxonomy":"product_tag","embeddable":true,"href":"https:\/\/www.makitamarket.com.tr\/site\/wp-json\/wp\/v2\/product_tag?post=24264"}],"curies":[{"name":"wp","href":"https:\/\/api.w.org\/{rel}","templated":true}]}}