{"id":24269,"date":"2025-01-06T16:52:46","date_gmt":"2025-01-06T13:52:46","guid":{"rendered":"https:\/\/www.makitamarket.com.tr\/site\/urun\/makita-b-22931-ucgen-zimpara-kagidi-240-kum\/"},"modified":"2026-03-30T11:07:12","modified_gmt":"2026-03-30T08:07:12","slug":"makita-b-22931-ucgen-zimpara-kagidi-240-kum","status":"publish","type":"product","link":"https:\/\/www.makitamarket.com.tr\/site\/urun\/makita-b-22931-ucgen-zimpara-kagidi-240-kum\/","title":{"rendered":"Makita B-22931 \u00dc\u00c7GEN ZIMPARA KA\u011eIDI 240 KUM"},"content":{"rendered":"<table>\n<tr>\n<td>Ka\u011f\u0131t \u00d6l\u00e7\u00fcleri<\/td>\n<td>93 mm<\/td>\n<\/tr>\n<tr>\n<td>Kum<\/td>\n<td>240<\/td>\n<\/tr>\n<tr>\n<td>Ambalaj<\/td>\n<td>10<\/td>\n<\/tr>\n<\/table>\n","protected":false},"excerpt":{"rendered":"<p>Ka\u011f\u0131t \u00d6l\u00e7\u00fcleri 93 mm Kum 240 Ambalaj 10<\/p>\n","protected":false},"featured_media":0,"comment_status":"open","ping_status":"closed","template":"","meta":{"_acf_changed":false},"product_brand":[1485],"product_cat":[1280],"product_tag":[],"class_list":{"0":"post-24269","1":"product","2":"type-product","3":"status-publish","5":"product_brand-makita","6":"product_cat-zimparalar-polisaj-kece-ve-aksesuarlari","8":"first","9":"instock","10":"taxable","11":"shipping-taxable","12":"purchasable","13":"product-type-simple","14":"add-to-wishlist-after_add_to_cart"},"acf":[],"_links":{"self":[{"href":"https:\/\/www.makitamarket.com.tr\/site\/wp-json\/wp\/v2\/product\/24269","targetHints":{"allow":["GET"]}}],"collection":[{"href":"https:\/\/www.makitamarket.com.tr\/site\/wp-json\/wp\/v2\/product"}],"about":[{"href":"https:\/\/www.makitamarket.com.tr\/site\/wp-json\/wp\/v2\/types\/product"}],"replies":[{"embeddable":true,"href":"https:\/\/www.makitamarket.com.tr\/site\/wp-json\/wp\/v2\/comments?post=24269"}],"wp:attachment":[{"href":"https:\/\/www.makitamarket.com.tr\/site\/wp-json\/wp\/v2\/media?parent=24269"}],"wp:term":[{"taxonomy":"product_brand","embeddable":true,"href":"https:\/\/www.makitamarket.com.tr\/site\/wp-json\/wp\/v2\/product_brand?post=24269"},{"taxonomy":"product_cat","embeddable":true,"href":"https:\/\/www.makitamarket.com.tr\/site\/wp-json\/wp\/v2\/product_cat?post=24269"},{"taxonomy":"product_tag","embeddable":true,"href":"https:\/\/www.makitamarket.com.tr\/site\/wp-json\/wp\/v2\/product_tag?post=24269"}],"curies":[{"name":"wp","href":"https:\/\/api.w.org\/{rel}","templated":true}]}}