{"id":24280,"date":"2025-01-06T16:52:56","date_gmt":"2025-01-06T13:52:56","guid":{"rendered":"https:\/\/www.makitamarket.com.tr\/site\/urun\/proxxon-28984-zimpara-18-mm\/"},"modified":"2026-03-30T11:08:37","modified_gmt":"2026-03-30T08:08:37","slug":"proxxon-28984-zimpara-18-mm","status":"publish","type":"product","link":"https:\/\/www.makitamarket.com.tr\/site\/urun\/proxxon-28984-zimpara-18-mm\/","title":{"rendered":"Proxxon 28984 ZIMPARA 18 mm"},"content":{"rendered":"<p>\n\t<span style=\"font-size:12px;\"><span style=\"font-family:tahoma,geneva,sans-serif;\">Bu f\u0131rf\u0131r z\u0131mparalar esnektir ve \u00e7al\u0131\u015fma par\u00e7as\u0131n\u0131n \u015feklini al\u0131r.<br \/>\n\t<\/span><\/span><\/p>\n<p>\n\t<span style=\"font-size:12px;\"><span style=\"font-family:tahoma,geneva,sans-serif;\">Eri\u015filemeyen yerleri z\u0131mparalamak i\u00e7in idealdir.<br \/>\n\t<\/span><\/span><\/p>\n<table>\n<tr>\n<td>Mil \u00c7ap\u0131<\/td>\n<td>3,0 mm<\/td>\n<\/tr>\n<tr>\n<td>Kum<\/td>\n<td>120 kum<\/td>\n<\/tr>\n<\/table>\n","protected":false},"excerpt":{"rendered":"<p>\n\t<span style=\"font-size:12px;\"><span style=\"font-family:tahoma,geneva,sans-serif;\">Bu f\u0131rf\u0131r z\u0131mparalar esnektir ve \u00e7al\u0131\u015fma par\u00e7as\u0131n\u0131n \u015feklini al\u0131r.<br \/>\n\t<\/span><\/span><\/p>\n<p>\n\t<span style=\"font-size:12px;\"><span style=\"font-family:tahoma,geneva,sans-serif;\">Eri\u015filemeyen yerleri z\u0131mparalamak i\u00e7in idealdir.<br \/>\n\t<\/span><\/span><\/p>\n","protected":false},"featured_media":21713,"comment_status":"open","ping_status":"closed","template":"","meta":{"_acf_changed":false},"product_brand":[1501],"product_cat":[926],"product_tag":[],"class_list":{"0":"post-24280","1":"product","2":"type-product","3":"status-publish","4":"has-post-thumbnail","6":"product_brand-proxxon","7":"product_cat-aksesuarlar-mikro-aletleri","9":"first","10":"instock","11":"taxable","12":"shipping-taxable","13":"purchasable","14":"product-type-simple","15":"add-to-wishlist-after_add_to_cart"},"acf":[],"_links":{"self":[{"href":"https:\/\/www.makitamarket.com.tr\/site\/wp-json\/wp\/v2\/product\/24280","targetHints":{"allow":["GET"]}}],"collection":[{"href":"https:\/\/www.makitamarket.com.tr\/site\/wp-json\/wp\/v2\/product"}],"about":[{"href":"https:\/\/www.makitamarket.com.tr\/site\/wp-json\/wp\/v2\/types\/product"}],"replies":[{"embeddable":true,"href":"https:\/\/www.makitamarket.com.tr\/site\/wp-json\/wp\/v2\/comments?post=24280"}],"wp:featuredmedia":[{"embeddable":true,"href":"https:\/\/www.makitamarket.com.tr\/site\/wp-json\/wp\/v2\/media\/21713"}],"wp:attachment":[{"href":"https:\/\/www.makitamarket.com.tr\/site\/wp-json\/wp\/v2\/media?parent=24280"}],"wp:term":[{"taxonomy":"product_brand","embeddable":true,"href":"https:\/\/www.makitamarket.com.tr\/site\/wp-json\/wp\/v2\/product_brand?post=24280"},{"taxonomy":"product_cat","embeddable":true,"href":"https:\/\/www.makitamarket.com.tr\/site\/wp-json\/wp\/v2\/product_cat?post=24280"},{"taxonomy":"product_tag","embeddable":true,"href":"https:\/\/www.makitamarket.com.tr\/site\/wp-json\/wp\/v2\/product_tag?post=24280"}],"curies":[{"name":"wp","href":"https:\/\/api.w.org\/{rel}","templated":true}]}}