{"id":24286,"date":"2025-01-06T16:53:08","date_gmt":"2025-01-06T13:53:08","guid":{"rendered":"https:\/\/www.makitamarket.com.tr\/site\/urun\/knisaw-ks51744-5-li-dekupaj-testere-bicagi-18-dis\/"},"modified":"2026-04-06T17:50:47","modified_gmt":"2026-04-06T14:50:47","slug":"knisaw-ks51744-5-li-dekupaj-testere-bicagi-18-dis","status":"publish","type":"product","link":"https:\/\/www.makitamarket.com.tr\/site\/urun\/knisaw-ks51744-5-li-dekupaj-testere-bicagi-18-dis\/","title":{"rendered":"Knisaw KS51744 5 L\u0130 DEKUPAJ TESTERE BI\u00c7A\u011eI 18 D\u0130\u015e"},"content":{"rendered":"<table>\n<tr>\n<td>Uyum<\/td>\n<td>HCS T144D muadili<\/td>\n<\/tr>\n<tr>\n<td>Uzunluk (mm)<\/td>\n<td>100\/75 mm.<\/td>\n<\/tr>\n<tr>\n<td>Di\u015f<\/td>\n<td>18<\/td>\n<\/tr>\n<tr>\n<td>Kullan\u0131m Alan\u0131<\/td>\n<td>Ah\u015fap<\/td>\n<\/tr>\n<\/table>\n","protected":false},"excerpt":{"rendered":"<p>Uyum HCS T144D muadili Uzunluk (mm) 100\/75 mm. Di\u015f 18 Kullan\u0131m Alan\u0131 Ah\u015fap<\/p>\n","protected":false},"featured_media":21862,"comment_status":"open","ping_status":"closed","template":"","meta":{"_acf_changed":false},"product_brand":[1550],"product_cat":[1204],"product_tag":[],"class_list":{"0":"post-24286","1":"product","2":"type-product","3":"status-publish","4":"has-post-thumbnail","6":"product_brand-knisaw","7":"product_cat-b-tipi-kama-tipi-bicaklar","9":"first","10":"instock","11":"taxable","12":"shipping-taxable","13":"purchasable","14":"product-type-simple","15":"add-to-wishlist-after_add_to_cart"},"acf":[],"_links":{"self":[{"href":"https:\/\/www.makitamarket.com.tr\/site\/wp-json\/wp\/v2\/product\/24286","targetHints":{"allow":["GET"]}}],"collection":[{"href":"https:\/\/www.makitamarket.com.tr\/site\/wp-json\/wp\/v2\/product"}],"about":[{"href":"https:\/\/www.makitamarket.com.tr\/site\/wp-json\/wp\/v2\/types\/product"}],"replies":[{"embeddable":true,"href":"https:\/\/www.makitamarket.com.tr\/site\/wp-json\/wp\/v2\/comments?post=24286"}],"wp:featuredmedia":[{"embeddable":true,"href":"https:\/\/www.makitamarket.com.tr\/site\/wp-json\/wp\/v2\/media\/21862"}],"wp:attachment":[{"href":"https:\/\/www.makitamarket.com.tr\/site\/wp-json\/wp\/v2\/media?parent=24286"}],"wp:term":[{"taxonomy":"product_brand","embeddable":true,"href":"https:\/\/www.makitamarket.com.tr\/site\/wp-json\/wp\/v2\/product_brand?post=24286"},{"taxonomy":"product_cat","embeddable":true,"href":"https:\/\/www.makitamarket.com.tr\/site\/wp-json\/wp\/v2\/product_cat?post=24286"},{"taxonomy":"product_tag","embeddable":true,"href":"https:\/\/www.makitamarket.com.tr\/site\/wp-json\/wp\/v2\/product_tag?post=24286"}],"curies":[{"name":"wp","href":"https:\/\/api.w.org\/{rel}","templated":true}]}}