{"id":24289,"date":"2025-01-06T16:53:11","date_gmt":"2025-01-06T13:53:11","guid":{"rendered":"https:\/\/www.makitamarket.com.tr\/site\/urun\/proxxon-28270-taslama-ucu-2-li\/"},"modified":"2026-04-06T17:51:45","modified_gmt":"2026-04-06T14:51:45","slug":"proxxon-28270-taslama-ucu-2-li","status":"publish","type":"product","link":"https:\/\/www.makitamarket.com.tr\/site\/urun\/proxxon-28270-taslama-ucu-2-li\/","title":{"rendered":"Proxxon 28270 TA\u015eLAMA UCU 2 L\u0130"},"content":{"rendered":"<p>\n\t<strong><font color=\"#1f1a17\"><font color=\"#1f1a17\"><font color=\"#1f1a17\">Silikon karb\u00fcr ta\u015flama u\u00e7lar\u0131.\u00a0\u00a0\u00a0 <\/font><\/font><\/font><br \/>\n\t<\/strong><\/p>\n<p>\n\t<font color=\"#1f1a17\"><font color=\"#1f1a17\"><font color=\"#1f1a17\">Cam ve seramiklerin grav\u00fcrlenmesi ve buzlanmas\u0131 i\u00e7in daimi sertlikte hassas par\u00e7alar.<br \/>\n\t<\/font><\/font><\/font><\/p>\n<p>\n\t<font color=\"#1f1a17\">B\u00fct\u00fcn mil \u00e7aplar\u0131 2.35&#8217;dir.<\/font><\/p>\n<table>\n<tr>\n<td>Mil \u00c7ap\u0131<\/td>\n<td>2,35 mm<\/td>\n<\/tr>\n<\/table>\n","protected":false},"excerpt":{"rendered":"<p>\n\t<strong><font color=\"#1f1a17\"><font color=\"#1f1a17\"><font color=\"#1f1a17\">Silikon karb\u00fcr ta\u015flama u\u00e7lar\u0131.\u00a0\u00a0\u00a0 <\/font><\/font><\/font><br \/>\n\t<\/strong><\/p>\n<p>\n\t<font color=\"#1f1a17\"><font color=\"#1f1a17\"><font color=\"#1f1a17\">Cam ve seramiklerin grav\u00fcrlenmesi ve buzlanmas\u0131 i\u00e7in daimi sertlikte hassas par\u00e7alar.<br \/>\n\t<\/font><\/font><\/font><\/p>\n<p>\n\t<font color=\"#1f1a17\">B\u00fct\u00fcn mil \u00e7aplar\u0131 2.35&#8217;dir.<\/font><\/p>\n","protected":false},"featured_media":21893,"comment_status":"open","ping_status":"closed","template":"","meta":{"_acf_changed":false},"product_brand":[1501],"product_cat":[926],"product_tag":[],"class_list":{"0":"post-24289","1":"product","2":"type-product","3":"status-publish","4":"has-post-thumbnail","6":"product_brand-proxxon","7":"product_cat-aksesuarlar-mikro-aletleri","9":"first","10":"instock","11":"taxable","12":"shipping-taxable","13":"purchasable","14":"product-type-simple","15":"add-to-wishlist-after_add_to_cart"},"acf":[],"_links":{"self":[{"href":"https:\/\/www.makitamarket.com.tr\/site\/wp-json\/wp\/v2\/product\/24289","targetHints":{"allow":["GET"]}}],"collection":[{"href":"https:\/\/www.makitamarket.com.tr\/site\/wp-json\/wp\/v2\/product"}],"about":[{"href":"https:\/\/www.makitamarket.com.tr\/site\/wp-json\/wp\/v2\/types\/product"}],"replies":[{"embeddable":true,"href":"https:\/\/www.makitamarket.com.tr\/site\/wp-json\/wp\/v2\/comments?post=24289"}],"wp:featuredmedia":[{"embeddable":true,"href":"https:\/\/www.makitamarket.com.tr\/site\/wp-json\/wp\/v2\/media\/21893"}],"wp:attachment":[{"href":"https:\/\/www.makitamarket.com.tr\/site\/wp-json\/wp\/v2\/media?parent=24289"}],"wp:term":[{"taxonomy":"product_brand","embeddable":true,"href":"https:\/\/www.makitamarket.com.tr\/site\/wp-json\/wp\/v2\/product_brand?post=24289"},{"taxonomy":"product_cat","embeddable":true,"href":"https:\/\/www.makitamarket.com.tr\/site\/wp-json\/wp\/v2\/product_cat?post=24289"},{"taxonomy":"product_tag","embeddable":true,"href":"https:\/\/www.makitamarket.com.tr\/site\/wp-json\/wp\/v2\/product_tag?post=24289"}],"curies":[{"name":"wp","href":"https:\/\/api.w.org\/{rel}","templated":true}]}}