{"id":24301,"date":"2025-01-06T16:53:48","date_gmt":"2025-01-06T13:53:48","guid":{"rendered":"https:\/\/www.makitamarket.com.tr\/site\/urun\/makita-dtwa260z-darbeli-somun-sikma-18v\/"},"modified":"2026-04-13T23:58:39","modified_gmt":"2026-04-13T20:58:39","slug":"makita-dtwa260z-darbeli-somun-sikma-18v","status":"publish","type":"product","link":"https:\/\/www.makitamarket.com.tr\/site\/urun\/makita-dtwa260z-darbeli-somun-sikma-18v\/","title":{"rendered":"Makita DTWA260Z DARBEL\u0130 SOMUN SIKMA 18V"},"content":{"rendered":"<p><strong class=\"red-title\" style=\"font-size: 16px;\">A\u00e7\u0131klama:<\/strong> <span><\/p>\n<p>Model DTWA260Z<\/p>\n<p>Darbeli Somun S\u0131kma<\/p>\n<p><span style=\"color: rgb(0, 112, 192);\">Model DTWA260, 18V LXT\u00ae Li-Ion ak\u00fc ile \u00e7al\u0131\u015fan bir ak\u00fcl\u00fc darbeli somun s\u0131kmad\u0131r.<\/span><\/p>\n<p>Bu model, Maksimum s\u0131kma tork g\u00fcc\u00fc 260N\u2219m&#8217;dir. Makinan\u0131n arkas\u0131nda bulunan torku tan\u0131mlamak i\u00e7in bir ID kapa\u011f\u0131 vard\u0131r ve rengi sar\u0131d\u0131r.<\/p>\n<p><span style=\"color: red;\">Kullan\u0131m amac\u0131: <\/span>Bu aletin c\u0131vata ve somunlar\u0131 s\u0131kmak i\u00e7in kullan\u0131lmas\u0131 ama\u00e7lanm\u0131\u015ft\u0131r.<\/p>\n<p><u>\u00d6zellikleri:<\/u><\/p>\n<p>Ak\u00fcl\u00fc yap\u0131s\u0131 kullan\u0131c\u0131ya kablosuz kullan\u0131m imkan\u0131 sunar ve bu sayede kullan\u0131c\u0131lar geni\u015f alanlarda kablo s\u0131n\u0131rlamalar\u0131 olmadan rahat\u00e7a \u00e7al\u0131\u015fabilirler.<\/p>\n<ol>\n<li data-list=\"bullet\"><span class=\"ql-ui\" contenteditable=\"false\"><\/span>De\u011fi\u015fken h\u0131z \u00f6zelli\u011fine sahiptir.<\/li>\n<li data-list=\"bullet\"><span class=\"ql-ui\" contenteditable=\"false\"><\/span>Frenleme (Brake)<\/li>\n<li data-list=\"bullet\"><span class=\"ql-ui\" contenteditable=\"false\"><\/span>Sa\u011f-sol d\u00f6n\u00fc\u015f ayarl\u0131d\u0131r.<\/li>\n<li data-list=\"bullet\"><span class=\"ql-ui\" contenteditable=\"false\"><\/span>Sabit h\u0131z \u00f6zelli\u011fi vard\u0131r.<\/li>\n<li data-list=\"bullet\"><span class=\"ql-ui\" contenteditable=\"false\"><\/span>Led \u0131\u015f\u0131\u011f\u0131 vard\u0131r.<\/li>\n<\/ol>\n<p>Kapasite: Standart c\u0131vata:M14-M20 Y\u00fcksek germeli c\u0131vata:M10-M16<\/p>\n<p>Bo\u015fta devir:0-2800 devir\/dk<\/p>\n<p>G\u00fc\u00e7 kapasite: 18V\/Li-ion<\/p>\n<p>Net a\u011f\u0131rl\u0131k:1.8kg<\/p>\n<p>Koli i\u00e7i adedi: 1<\/p>\n<p><span style=\"color: red;\">Ambalaj i\u00e7eri\u011finde ak\u00fc ve \u015farj cihaz\u0131 bulunmamaktad\u0131r.<\/span><\/p>\n<p><\/span><strong class=\"red-title\" style=\"font-size: 16px;\">Kullan\u0131m Amac\u0131:<\/strong> <span><\/p>\n<p><\/p>\n<p><\/span><strong class=\"red-title\" style=\"font-size: 16px;\">\u00d6zellikler:<\/strong> <span><\/p>\n<p><\/p>\n<p><\/span><strong class=\"red-title\" style=\"font-size: 16px;\">Paket \u0130\u00e7eri\u011fi:<\/strong> <span><\/p>\n<p><\/p>\n<p><\/span><\/p>\n<table>\n<tr>\n<td>Kapasite<\/td>\n<td>Standart civata: M14-M20, Y\u00fcksek germeli civata: M10-M16<\/td>\n<\/tr>\n<tr>\n<td>Bo\u015fta Devir<\/td>\n<td>0-2.800 devir\/dk<\/td>\n<\/tr>\n<tr>\n<td>Maksimum Tork<\/td>\n<td>260N.m<\/td>\n<\/tr>\n<tr>\n<td>G\u00fc\u00e7 kapasite<\/td>\n<td>18V\/Li-ion<\/td>\n<\/tr>\n<tr>\n<td>Net A\u011f\u0131rl\u0131k<\/td>\n<td>1.8<\/td>\n<\/tr>\n<tr>\n<td>Koli \u0130\u00e7i Adedi<\/td>\n<td>1<\/td>\n<\/tr>\n<\/table>\n","protected":false},"excerpt":{"rendered":"<p><strong class=\"red-title\" style=\"font-size: 16px;\">A\u00e7\u0131klama:<\/strong> <span><\/p>\n<p>Model DTWA260Z<\/p>\n<p>Darbeli Somun S\u0131kma<\/p>\n<p><span style=\"color: rgb(0, 112, 192);\">Model DTWA260, 18V LXT\u00ae Li-Ion ak\u00fc ile \u00e7al\u0131\u015fan bir ak\u00fcl\u00fc darbeli somun s\u0131kmad\u0131r.<\/span><\/p>\n<p>Bu model, Maksimum s\u0131kma tork g\u00fcc\u00fc 260N\u2219m&#8217;dir. Makinan\u0131n arkas\u0131nda bulunan torku tan\u0131mlamak i\u00e7in bir ID kapa\u011f\u0131 vard\u0131r ve rengi sar\u0131d\u0131r.<\/p>\n<p><span style=\"color: red;\">Kullan\u0131m amac\u0131: <\/span>Bu aletin c\u0131vata ve somunlar\u0131 s\u0131kmak i\u00e7in kullan\u0131lmas\u0131 ama\u00e7lanm\u0131\u015ft\u0131r.<\/p>\n<p><u>\u00d6zellikleri:<\/u><\/p>\n<p>Ak\u00fcl\u00fc yap\u0131s\u0131 kullan\u0131c\u0131ya kablosuz kullan\u0131m imkan\u0131 sunar ve bu sayede kullan\u0131c\u0131lar geni\u015f alanlarda kablo s\u0131n\u0131rlamalar\u0131 olmadan rahat\u00e7a \u00e7al\u0131\u015fabilirler.<\/p>\n<ol>\n<li data-list=\"bullet\"><span class=\"ql-ui\" contenteditable=\"false\"><\/span>De\u011fi\u015fken h\u0131z \u00f6zelli\u011fine sahiptir.<\/li>\n<li data-list=\"bullet\"><span class=\"ql-ui\" contenteditable=\"false\"><\/span>Frenleme (Brake)<\/li>\n<li data-list=\"bullet\"><span class=\"ql-ui\" contenteditable=\"false\"><\/span>Sa\u011f-sol d\u00f6n\u00fc\u015f ayarl\u0131d\u0131r.<\/li>\n<li data-list=\"bullet\"><span class=\"ql-ui\" contenteditable=\"false\"><\/span>Sabit h\u0131z \u00f6zelli\u011fi vard\u0131r.<\/li>\n<li data-list=\"bullet\"><span class=\"ql-ui\" contenteditable=\"false\"><\/span>Led \u0131\u015f\u0131\u011f\u0131 vard\u0131r.<\/li>\n<\/ol>\n<p>Kapasite: Standart c\u0131vata:M14-M20 Y\u00fcksek germeli c\u0131vata:M10-M16<\/p>\n<p>Bo\u015fta devir:0-2800 devir\/dk<\/p>\n<p>G\u00fc\u00e7 kapasite: 18V\/Li-ion<\/p>\n<p>Net a\u011f\u0131rl\u0131k:1.8kg<\/p>\n<p>Koli i\u00e7i adedi: 1<\/p>\n<p><span style=\"color: red;\">Ambalaj i\u00e7eri\u011finde ak\u00fc ve \u015farj cihaz\u0131 bulunmamaktad\u0131r.<\/span><\/p>\n<p><\/span><strong class=\"red-title\" style=\"font-size: 16px;\">Kullan\u0131m Amac\u0131:<\/strong> <span><\/p>\n<p><\/p>\n<p><\/span><strong class=\"red-title\" style=\"font-size: 16px;\">\u00d6zellikler:<\/strong> <span><\/p>\n<p><\/p>\n<p><\/span><strong class=\"red-title\" style=\"font-size: 16px;\">Paket \u0130\u00e7eri\u011fi:<\/strong> <span><\/p>\n<p><\/p>\n<p><\/span><\/p>\n","protected":false},"featured_media":22358,"comment_status":"open","ping_status":"closed","template":"","meta":{"_acf_changed":false},"product_brand":[1485],"product_cat":[1565],"product_tag":[],"class_list":{"0":"post-24301","1":"product","2":"type-product","3":"status-publish","4":"has-post-thumbnail","6":"product_brand-makita","7":"product_cat-yok-yok","9":"first","10":"instock","11":"taxable","12":"shipping-taxable","13":"purchasable","14":"product-type-simple","15":"add-to-wishlist-after_add_to_cart"},"acf":[],"_links":{"self":[{"href":"https:\/\/www.makitamarket.com.tr\/site\/wp-json\/wp\/v2\/product\/24301","targetHints":{"allow":["GET"]}}],"collection":[{"href":"https:\/\/www.makitamarket.com.tr\/site\/wp-json\/wp\/v2\/product"}],"about":[{"href":"https:\/\/www.makitamarket.com.tr\/site\/wp-json\/wp\/v2\/types\/product"}],"replies":[{"embeddable":true,"href":"https:\/\/www.makitamarket.com.tr\/site\/wp-json\/wp\/v2\/comments?post=24301"}],"wp:featuredmedia":[{"embeddable":true,"href":"https:\/\/www.makitamarket.com.tr\/site\/wp-json\/wp\/v2\/media\/22358"}],"wp:attachment":[{"href":"https:\/\/www.makitamarket.com.tr\/site\/wp-json\/wp\/v2\/media?parent=24301"}],"wp:term":[{"taxonomy":"product_brand","embeddable":true,"href":"https:\/\/www.makitamarket.com.tr\/site\/wp-json\/wp\/v2\/product_brand?post=24301"},{"taxonomy":"product_cat","embeddable":true,"href":"https:\/\/www.makitamarket.com.tr\/site\/wp-json\/wp\/v2\/product_cat?post=24301"},{"taxonomy":"product_tag","embeddable":true,"href":"https:\/\/www.makitamarket.com.tr\/site\/wp-json\/wp\/v2\/product_tag?post=24301"}],"curies":[{"name":"wp","href":"https:\/\/api.w.org\/{rel}","templated":true}]}}