{"id":24368,"date":"2025-01-09T21:24:13","date_gmt":"2025-01-09T18:24:13","guid":{"rendered":"https:\/\/www.makitamarket.com.tr\/site\/urun\/makita-lh1040-ust-tablali-gonye-kesme-makinasi\/"},"modified":"2026-04-13T19:06:33","modified_gmt":"2026-04-13T16:06:33","slug":"makita-lh1040-ust-tablali-gonye-kesme-makinasi","status":"publish","type":"product","link":"https:\/\/www.makitamarket.com.tr\/site\/urun\/makita-lh1040-ust-tablali-gonye-kesme-makinasi\/","title":{"rendered":"Makita LH1040 \u00dcST TABLALI G\u00d6NYE KESME MAK\u0130NASI"},"content":{"rendered":"<p><span style=\"color: rgb(33, 37, 41); background-color: white;\">Model LH1040<\/span><\/p>\n<p><span style=\"color: black; background-color: white;\">G\u00f6nye Kesme Makinalar\u0131<\/span><\/p>\n<p><span style=\"color: black; background-color: white;\">\u00dcst tablal\u0131<\/span><\/p>\n<p><span style=\"color: black; background-color: white;\">1.650 W \u2022 260 mm \u2022 4.800 dak\u207b\u00b9<\/span><\/p>\n<p><strong style=\"color: rgb(0, 112, 192);\">Ah\u015fap ve al\u00fcminyum kesimi i\u00e7in kompakt \u00fcst tablal\u0131 g\u00f6nye kesme modeli<\/strong><\/p>\n<p><span style=\"color: black; background-color: white;\">Hem g\u00f6nye testere hem de masa testere olarak kullan\u0131labilen \u00e7ok ama\u00e7l\u0131 bir testere modelidir. 1650 W motor g\u00fcc\u00fc, 260 mm b\u0131\u00e7ak \u00e7ap\u0131na sahiptir. 90\u00b0 93x 95 mm ve 45\u00b0 53x 95 mm g\u00f6nye ayar kapasitesi ile hassas kesimler yapar. Dakikada 4.800 bo\u015fta devire sahiptir.Masa testere fonksiyonu, d\u00fcz ve uzun kesimlerde \u00e7ok y\u00f6nl\u00fc kullan\u0131m imk\u00e2n\u0131 sa\u011flar. Kompakt ve ergonomik tasar\u0131m\u0131, dayan\u0131kl\u0131 yap\u0131s\u0131 ve kolay ayarlanabilir \u00f6zellikleriyle profesyonel ve amat\u00f6r kullan\u0131c\u0131lar i\u00e7in idealdir. Genellikle marangozluk, mobilya yap\u0131m\u0131 ve genel kesim i\u015flerinde tercih edilir.<\/span><\/p>\n<p><span style=\"color: red; background-color: white;\">Kullan\u0131m amac\u0131: <\/span><span style=\"color: black; background-color: white;\">Bu alet hassas d\u00fcz kesme ve (sadece alt tabla \u00fcst\u00fcnde bir g\u00f6nyeburun testeresi olarak kullan\u0131l\u0131rken) ah\u015fapta g\u00f6nyeli kesme i\u00e7in tasarlanm\u0131\u015ft\u0131r. <\/span><\/p>\n<p><u>\u00d6zellikleri:<\/u><\/p>\n<p><span style=\"color: red;\">G\u00fc\u00e7 Kayna\u011f\u0131: <\/span>Makinenin, yaln\u0131zca isim levhas\u0131nda belirtilenle ayn\u0131 voltajl\u0131 g\u00fc\u00e7 kayna\u011f\u0131na ba\u011flanmas\u0131 gerekir ve yaln\u0131zca tek fazl\u0131 AC g\u00fc\u00e7 kayna\u011f\u0131yla \u00e7al\u0131\u015ft\u0131r\u0131labilir. \u00c7ifte yal\u0131t\u0131ml\u0131d\u0131r ve topraklamas\u0131z prizlerle de kullan\u0131labilir.<\/p>\n<ol>\n<li data-list=\"bullet\"><span class=\"ql-ui\" contenteditable=\"false\"><\/span>\u00c7ift yal\u0131t\u0131ml\u0131d\u0131r.<\/li>\n<li data-list=\"bullet\"><span class=\"ql-ui\" contenteditable=\"false\"><\/span>Yumu\u015fak ba\u015flama \u00f6zelli\u011fi mevcuttur.<\/li>\n<li data-list=\"bullet\"><span class=\"ql-ui\" contenteditable=\"false\"><\/span><span style=\"color: black;\">Elektrik freni mevcuttur<\/span><\/li>\n<li data-list=\"bullet\"><span class=\"ql-ui\" contenteditable=\"false\"><\/span>45 derece sola a\u00e7\u0131l\u0131 kesme<\/li>\n<li data-list=\"bullet\"><span class=\"ql-ui\" contenteditable=\"false\"><\/span>Toz emme \u00fcnitesi mevcuttur.<\/li>\n<\/ol>\n<p>Ambalaj i\u00e7eri\u011fi: Karbit-tip testere, kenar g\u00f6nye, ayar plakas\u0131, tutucu, testere siperi, itme \u00e7ubu\u011fu, anahtar, \u00fc\u00e7gen g\u00f6nye, destek kolu, toz torbas\u0131<\/p>\n<table>\n<tr>\n<td>S\u00fcrekli Ak\u0131m Giri\u015fi<\/td>\n<td>1.650W<\/td>\n<\/tr>\n<tr>\n<td>Kapasite<\/td>\n<td>90\u00b0: 93&#215;95 mm, 45\u00b0 : 53&#215;95 mm<\/td>\n<\/tr>\n<tr>\n<td>Bo\u015fta Devir<\/td>\n<td>4800devir\/dk<\/td>\n<\/tr>\n<tr>\n<td>Net A\u011f\u0131rl\u0131k<\/td>\n<td>14.3 kg<\/td>\n<\/tr>\n<tr>\n<td>Ak\u0131m<\/td>\n<td>7.5Ah<\/td>\n<\/tr>\n<tr>\n<td>Testere \u00d6l\u00e7\u00fcleri<\/td>\n<td>260&#215;30 mm<\/td>\n<\/tr>\n<\/table>\n","protected":false},"excerpt":{"rendered":"<p><span style=\"color: rgb(33, 37, 41); background-color: white;\">Model LH1040<\/span><\/p>\n<p><span style=\"color: black; background-color: white;\">G\u00f6nye Kesme Makinalar\u0131<\/span><\/p>\n<p><span style=\"color: black; background-color: white;\">\u00dcst tablal\u0131<\/span><\/p>\n<p><span style=\"color: black; background-color: white;\">1.650 W \u2022 260 mm \u2022 4.800 dak\u207b\u00b9<\/span><\/p>\n<p><strong style=\"color: rgb(0, 112, 192);\">Ah\u015fap ve al\u00fcminyum kesimi i\u00e7in kompakt \u00fcst tablal\u0131 g\u00f6nye kesme modeli<\/strong><\/p>\n<p><span style=\"color: black; background-color: white;\">Hem g\u00f6nye testere hem de masa testere olarak kullan\u0131labilen \u00e7ok ama\u00e7l\u0131 bir testere modelidir. 1650 W motor g\u00fcc\u00fc, 260 mm b\u0131\u00e7ak \u00e7ap\u0131na sahiptir. 90\u00b0 93x 95 mm ve 45\u00b0 53x 95 mm g\u00f6nye ayar kapasitesi ile hassas kesimler yapar. Dakikada 4.800 bo\u015fta devire sahiptir.Masa testere fonksiyonu, d\u00fcz ve uzun kesimlerde \u00e7ok y\u00f6nl\u00fc kullan\u0131m imk\u00e2n\u0131 sa\u011flar. Kompakt ve ergonomik tasar\u0131m\u0131, dayan\u0131kl\u0131 yap\u0131s\u0131 ve kolay ayarlanabilir \u00f6zellikleriyle profesyonel ve amat\u00f6r kullan\u0131c\u0131lar i\u00e7in idealdir. Genellikle marangozluk, mobilya yap\u0131m\u0131 ve genel kesim i\u015flerinde tercih edilir.<\/span><\/p>\n<p><span style=\"color: red; background-color: white;\">Kullan\u0131m amac\u0131: <\/span><span style=\"color: black; background-color: white;\">Bu alet hassas d\u00fcz kesme ve (sadece alt tabla \u00fcst\u00fcnde bir g\u00f6nyeburun testeresi olarak kullan\u0131l\u0131rken) ah\u015fapta g\u00f6nyeli kesme i\u00e7in tasarlanm\u0131\u015ft\u0131r. <\/span><\/p>\n<p><u>\u00d6zellikleri:<\/u><\/p>\n<p><span style=\"color: red;\">G\u00fc\u00e7 Kayna\u011f\u0131: <\/span>Makinenin, yaln\u0131zca isim levhas\u0131nda belirtilenle ayn\u0131 voltajl\u0131 g\u00fc\u00e7 kayna\u011f\u0131na ba\u011flanmas\u0131 gerekir ve yaln\u0131zca tek fazl\u0131 AC g\u00fc\u00e7 kayna\u011f\u0131yla \u00e7al\u0131\u015ft\u0131r\u0131labilir. \u00c7ifte yal\u0131t\u0131ml\u0131d\u0131r ve topraklamas\u0131z prizlerle de kullan\u0131labilir.<\/p>\n<ol>\n<li data-list=\"bullet\"><span class=\"ql-ui\" contenteditable=\"false\"><\/span>\u00c7ift yal\u0131t\u0131ml\u0131d\u0131r.<\/li>\n<li data-list=\"bullet\"><span class=\"ql-ui\" contenteditable=\"false\"><\/span>Yumu\u015fak ba\u015flama \u00f6zelli\u011fi mevcuttur.<\/li>\n<li data-list=\"bullet\"><span class=\"ql-ui\" contenteditable=\"false\"><\/span><span style=\"color: black;\">Elektrik freni mevcuttur<\/span><\/li>\n<li data-list=\"bullet\"><span class=\"ql-ui\" contenteditable=\"false\"><\/span>45 derece sola a\u00e7\u0131l\u0131 kesme<\/li>\n<li data-list=\"bullet\"><span class=\"ql-ui\" contenteditable=\"false\"><\/span>Toz emme \u00fcnitesi mevcuttur.<\/li>\n<\/ol>\n<p>Ambalaj i\u00e7eri\u011fi: Karbit-tip testere, kenar g\u00f6nye, ayar plakas\u0131, tutucu, testere siperi, itme \u00e7ubu\u011fu, anahtar, \u00fc\u00e7gen g\u00f6nye, destek kolu, toz torbas\u0131<\/p>\n","protected":false},"featured_media":24367,"comment_status":"open","ping_status":"closed","template":"","meta":{"_acf_changed":false},"product_brand":[1485],"product_cat":[818],"product_tag":[],"class_list":{"0":"post-24368","1":"product","2":"type-product","3":"status-publish","4":"has-post-thumbnail","6":"product_brand-makita","7":"product_cat-gonye-kesme-makinalari","9":"first","10":"outofstock","11":"taxable","12":"shipping-taxable","13":"purchasable","14":"product-type-simple","15":"add-to-wishlist-after_add_to_cart"},"acf":[],"_links":{"self":[{"href":"https:\/\/www.makitamarket.com.tr\/site\/wp-json\/wp\/v2\/product\/24368","targetHints":{"allow":["GET"]}}],"collection":[{"href":"https:\/\/www.makitamarket.com.tr\/site\/wp-json\/wp\/v2\/product"}],"about":[{"href":"https:\/\/www.makitamarket.com.tr\/site\/wp-json\/wp\/v2\/types\/product"}],"replies":[{"embeddable":true,"href":"https:\/\/www.makitamarket.com.tr\/site\/wp-json\/wp\/v2\/comments?post=24368"}],"wp:featuredmedia":[{"embeddable":true,"href":"https:\/\/www.makitamarket.com.tr\/site\/wp-json\/wp\/v2\/media\/24367"}],"wp:attachment":[{"href":"https:\/\/www.makitamarket.com.tr\/site\/wp-json\/wp\/v2\/media?parent=24368"}],"wp:term":[{"taxonomy":"product_brand","embeddable":true,"href":"https:\/\/www.makitamarket.com.tr\/site\/wp-json\/wp\/v2\/product_brand?post=24368"},{"taxonomy":"product_cat","embeddable":true,"href":"https:\/\/www.makitamarket.com.tr\/site\/wp-json\/wp\/v2\/product_cat?post=24368"},{"taxonomy":"product_tag","embeddable":true,"href":"https:\/\/www.makitamarket.com.tr\/site\/wp-json\/wp\/v2\/product_tag?post=24368"}],"curies":[{"name":"wp","href":"https:\/\/api.w.org\/{rel}","templated":true}]}}