{"id":24370,"date":"2025-01-09T21:24:17","date_gmt":"2025-01-09T18:24:17","guid":{"rendered":"https:\/\/www.makitamarket.com.tr\/site\/urun\/makita-hr4002-elektropnomatik-delici-kirici\/"},"modified":"2026-04-06T12:25:04","modified_gmt":"2026-04-06T09:25:04","slug":"makita-hr4002-elektropnomatik-delici-kirici","status":"publish","type":"product","link":"https:\/\/www.makitamarket.com.tr\/site\/urun\/makita-hr4002-elektropnomatik-delici-kirici\/","title":{"rendered":"Makita HR4002 ELEKTROPN\u00d6MAT\u0130K DEL\u0130C\u0130 KIRICI"},"content":{"rendered":"<p>Model HR4002<\/p>\n<p>Elektropn\u00f6matik Delici K\u0131r\u0131c\u0131<\/p>\n<p>1.050 W \u2022 SDS-MAX \u2022 40 mm \u2022 6.1 J<\/p>\n<p><span style=\"color: rgb(0, 112, 192);\">Profesyonel elektropn\u00f6matik delici k\u0131r\u0131c\u0131lar<\/span><\/p>\n<p>SDS-MAX u\u00e7lar\u0131yla uyumlu verimli elektropn\u00f6matik delici k\u0131r\u0131c\u0131lar. Darbeli ve darbesiz delme ve ayr\u0131ca k\u0131rma i\u00e7in uygundur. 1.050 W motor kapasitesi ve Dakikada 680 bo\u015fta devire sahiptir. 6.1 J darbe enerjisine sahiptir. Yenileme ve in\u015faat projelerinde beton delme ve k\u0131rma i\u00e7in m\u00fckemmel bir ara\u00e7t\u0131r.<\/p>\n<p><span style=\"color: red;\">Kullan\u0131m amac\u0131: <\/span>Bu alet beton,tu\u011fla ve ta\u015fta darbeli delme ve keskiyle yontma yapmak amac\u0131yla kullan\u0131l\u0131r.<\/p>\n<p><u>\u00d6zellikleri:<\/u><\/p>\n<p><span style=\"color: red;\">G\u00fc\u00e7 Kayna\u011f\u0131: <\/span>Aletin, yaln\u0131zca isim levhas\u0131nda belirtilenle ayn\u0131 voltajl\u0131 g\u00fc\u00e7 kayna\u011f\u0131na ba\u011flanmas\u0131 gerekir ve yaln\u0131zca tek fazl\u0131 AC g\u00fc\u00e7 kayna\u011f\u0131yla \u00e7al\u0131\u015ft\u0131r\u0131labilir. \u00c7ifte yal\u0131t\u0131ml\u0131d\u0131r ve topraklamas\u0131z prizlerle de kullan\u0131labilir.<\/p>\n<ol>\n<li data-list=\"bullet\"><span class=\"ql-ui\" contenteditable=\"false\"><\/span>\u00c7ift yal\u0131t\u0131ml\u0131d\u0131r.<\/li>\n<li data-list=\"bullet\"><span class=\"ql-ui\" contenteditable=\"false\"><\/span>U\u00e7 s\u0131k\u0131\u015fmalar\u0131nda alet ve kullan\u0131c\u0131n\u0131n zarar g\u00f6rmesini \u00f6nlemek i\u00e7in tork s\u0131n\u0131rland\u0131r\u0131c\u0131 \u00f6zelli\u011fi vard\u0131r.<\/li>\n<li data-list=\"bullet\"><span class=\"ql-ui\" contenteditable=\"false\"><\/span>SDS-MAX tip ba\u011flant\u0131 \u00f6zellikli k\u0131r\u0131c\u0131 ve delici u\u00e7lar ile kullan\u0131l\u0131r.<\/li>\n<li data-list=\"bullet\"><span class=\"ql-ui\" contenteditable=\"false\"><\/span>Darbesiz delme,&nbsp;darbeli delme ve k\u0131rma&nbsp;fonksiyonlar\u0131na sahiptir.<\/li>\n<li data-list=\"bullet\"><span class=\"ql-ui\" contenteditable=\"false\"><\/span>Plastik ta\u015f\u0131ma \u00e7antal\u0131d\u0131r.<\/li>\n<\/ol>\n<p><span style=\"color: red;\">Mutlaka derinlik mesnedi ile kullan\u0131n\u0131z.<\/span><\/p>\n<p>Ambalaj i\u00e7eri\u011fi: Derinlik mesnedi,yan sap,u\u00e7 ya\u011f\u0131<\/p>\n<table>\n<tr>\n<td>S\u00fcrekli Ak\u0131m Giri\u015fi<\/td>\n<td>1050W<\/td>\n<\/tr>\n<tr>\n<td>Bo\u015fta Devir<\/td>\n<td>680devir\/dk<\/td>\n<\/tr>\n<tr>\n<td>Net A\u011f\u0131rl\u0131k<\/td>\n<td>6.6 <\/td>\n<\/tr>\n<tr>\n<td>Maksimum U\u00e7 \u00c7ap\u0131<\/td>\n<td>40mm<\/td>\n<\/tr>\n<tr>\n<td>Maksimum Karot U\u00e7 \u00c7ap\u0131<\/td>\n<td>105mm<\/td>\n<\/tr>\n<tr>\n<td>Darbe enerjisi<\/td>\n<td>Deney sonucu: 6.2 J , EPTA de\u011feri : 6.1 J<\/td>\n<\/tr>\n<\/table>\n","protected":false},"excerpt":{"rendered":"<p>Model HR4002<\/p>\n<p>Elektropn\u00f6matik Delici K\u0131r\u0131c\u0131<\/p>\n<p>1.050 W \u2022 SDS-MAX \u2022 40 mm \u2022 6.1 J<\/p>\n<p><span style=\"color: rgb(0, 112, 192);\">Profesyonel elektropn\u00f6matik delici k\u0131r\u0131c\u0131lar<\/span><\/p>\n<p>SDS-MAX u\u00e7lar\u0131yla uyumlu verimli elektropn\u00f6matik delici k\u0131r\u0131c\u0131lar. Darbeli ve darbesiz delme ve ayr\u0131ca k\u0131rma i\u00e7in uygundur. 1.050 W motor kapasitesi ve Dakikada 680 bo\u015fta devire sahiptir. 6.1 J darbe enerjisine sahiptir. Yenileme ve in\u015faat projelerinde beton delme ve k\u0131rma i\u00e7in m\u00fckemmel bir ara\u00e7t\u0131r.<\/p>\n<p><span style=\"color: red;\">Kullan\u0131m amac\u0131: <\/span>Bu alet beton,tu\u011fla ve ta\u015fta darbeli delme ve keskiyle yontma yapmak amac\u0131yla kullan\u0131l\u0131r.<\/p>\n<p><u>\u00d6zellikleri:<\/u><\/p>\n<p><span style=\"color: red;\">G\u00fc\u00e7 Kayna\u011f\u0131: <\/span>Aletin, yaln\u0131zca isim levhas\u0131nda belirtilenle ayn\u0131 voltajl\u0131 g\u00fc\u00e7 kayna\u011f\u0131na ba\u011flanmas\u0131 gerekir ve yaln\u0131zca tek fazl\u0131 AC g\u00fc\u00e7 kayna\u011f\u0131yla \u00e7al\u0131\u015ft\u0131r\u0131labilir. \u00c7ifte yal\u0131t\u0131ml\u0131d\u0131r ve topraklamas\u0131z prizlerle de kullan\u0131labilir.<\/p>\n<ol>\n<li data-list=\"bullet\"><span class=\"ql-ui\" contenteditable=\"false\"><\/span>\u00c7ift yal\u0131t\u0131ml\u0131d\u0131r.<\/li>\n<li data-list=\"bullet\"><span class=\"ql-ui\" contenteditable=\"false\"><\/span>U\u00e7 s\u0131k\u0131\u015fmalar\u0131nda alet ve kullan\u0131c\u0131n\u0131n zarar g\u00f6rmesini \u00f6nlemek i\u00e7in tork s\u0131n\u0131rland\u0131r\u0131c\u0131 \u00f6zelli\u011fi vard\u0131r.<\/li>\n<li data-list=\"bullet\"><span class=\"ql-ui\" contenteditable=\"false\"><\/span>SDS-MAX tip ba\u011flant\u0131 \u00f6zellikli k\u0131r\u0131c\u0131 ve delici u\u00e7lar ile kullan\u0131l\u0131r.<\/li>\n<li data-list=\"bullet\"><span class=\"ql-ui\" contenteditable=\"false\"><\/span>Darbesiz delme,&nbsp;darbeli delme ve k\u0131rma&nbsp;fonksiyonlar\u0131na sahiptir.<\/li>\n<li data-list=\"bullet\"><span class=\"ql-ui\" contenteditable=\"false\"><\/span>Plastik ta\u015f\u0131ma \u00e7antal\u0131d\u0131r.<\/li>\n<\/ol>\n<p><span style=\"color: red;\">Mutlaka derinlik mesnedi ile kullan\u0131n\u0131z.<\/span><\/p>\n<p>Ambalaj i\u00e7eri\u011fi: Derinlik mesnedi,yan sap,u\u00e7 ya\u011f\u0131<\/p>\n","protected":false},"featured_media":24369,"comment_status":"open","ping_status":"closed","template":"","meta":{"_acf_changed":false},"product_brand":[1485],"product_cat":[769],"product_tag":[],"class_list":{"0":"post-24370","1":"product","2":"type-product","3":"status-publish","4":"has-post-thumbnail","6":"product_brand-makita","7":"product_cat-insaat-grubu-elektrikli-ve-akulu-el-aletleri-elektrikli-ve-akulu-el-aletleri","9":"first","10":"instock","11":"taxable","12":"shipping-taxable","13":"purchasable","14":"product-type-simple","15":"add-to-wishlist-after_add_to_cart"},"acf":[],"_links":{"self":[{"href":"https:\/\/www.makitamarket.com.tr\/site\/wp-json\/wp\/v2\/product\/24370","targetHints":{"allow":["GET"]}}],"collection":[{"href":"https:\/\/www.makitamarket.com.tr\/site\/wp-json\/wp\/v2\/product"}],"about":[{"href":"https:\/\/www.makitamarket.com.tr\/site\/wp-json\/wp\/v2\/types\/product"}],"replies":[{"embeddable":true,"href":"https:\/\/www.makitamarket.com.tr\/site\/wp-json\/wp\/v2\/comments?post=24370"}],"wp:featuredmedia":[{"embeddable":true,"href":"https:\/\/www.makitamarket.com.tr\/site\/wp-json\/wp\/v2\/media\/24369"}],"wp:attachment":[{"href":"https:\/\/www.makitamarket.com.tr\/site\/wp-json\/wp\/v2\/media?parent=24370"}],"wp:term":[{"taxonomy":"product_brand","embeddable":true,"href":"https:\/\/www.makitamarket.com.tr\/site\/wp-json\/wp\/v2\/product_brand?post=24370"},{"taxonomy":"product_cat","embeddable":true,"href":"https:\/\/www.makitamarket.com.tr\/site\/wp-json\/wp\/v2\/product_cat?post=24370"},{"taxonomy":"product_tag","embeddable":true,"href":"https:\/\/www.makitamarket.com.tr\/site\/wp-json\/wp\/v2\/product_tag?post=24370"}],"curies":[{"name":"wp","href":"https:\/\/api.w.org\/{rel}","templated":true}]}}