{"id":24371,"date":"2025-01-09T21:24:19","date_gmt":"2025-01-09T18:24:19","guid":{"rendered":"https:\/\/www.makitamarket.com.tr\/site\/urun\/knipex-knipex-00-21-34-hl-s2-elektrikci-takim-cantasi-dolu-3\/"},"modified":"2025-01-09T21:24:19","modified_gmt":"2025-01-09T18:24:19","slug":"knipex-knipex-00-21-34-hl-s2-elektrikci-takim-cantasi-dolu-3","status":"publish","type":"product","link":"https:\/\/www.makitamarket.com.tr\/site\/urun\/knipex-knipex-00-21-34-hl-s2-elektrikci-takim-cantasi-dolu-3\/","title":{"rendered":"Knipex KNIPEX 00 21 34 HL S2 ELEKTR\u0130K\u00c7\u0130 TAKIM \u00c7ANTASI (DOLU)"},"content":{"rendered":"<p><b>00 21 34 HL S2 \u201cRobust23 Start\u201d Elektrik Alet \u00c7antas\u0131<\/b><br \/>6 KNIPEX aletle donat\u0131lm\u0131\u015f, toplam 24 \u00e7e\u015fit alet. En zorlu \u00e7al\u0131\u015fma ko\u015fullar\u0131 i\u00e7in: Toz ge\u00e7irmez, su ge\u00e7irmez ve s\u0131cakl\u0131\u011fa dayan\u0131kl\u0131. Maks. y\u00fck: 25 kg. Hacim: 23 litre. Darbeye dayan\u0131kl\u0131 polipropilenden \u00fcretilmi\u015f, u\u00e7u\u015f ebatlar\u0131na uygun g\u00f6vde. Kir tutmayan PP malzeme ve \u00e7ift duvarl\u0131 levhalardan yap\u0131lm\u0131\u015f paneller, alet cepleri ve ask\u0131lar\u0131. Al\u00fcminyum i\u00e7 par\u00e7alara sahip taban tepsisi. Hava bas\u0131nc\u0131 dengeleme valfi. -30\u00b0C ila +80\u00b0C aras\u0131nda s\u0131cakl\u0131k direnci. Asma kilit halkalar\u0131. D\u0131\u015f Boyutlar (G x Y x D): 470 x 370 x 190 mm \u0130\u00e7 Boyutlar (G x Y x D): 437 x 307 x 172 mm. <\/p>\n<li><b>D\u0131\u015f (i\u00e7) geni\u015flik \u00f6l\u00e7\u00fcs\u00fc: <\/b>470 mm 437 mm<\/li>\n<li><b>D\u0131\u015f (i\u00e7) y\u00fckseklik \u00f6l\u00e7\u00fcleri: <\/b>370 mm 307 mm<\/li>\n<li><b>D\u0131\u015f (i\u00e7) derinlik \u00f6l\u00e7\u00fcleri: <\/b>190 mm 172 mm<\/li>\n<p> <b>Teslimat kapsam\u0131:<\/b> 1 x 11 06 160 KNIPEX Kablo S\u0131y\u0131rma Pensesi \u00dcniversal a\u00e7ma yay\u0131 ile (\u00d8 5,0 mm \/ 10,0 mm\u00b2), 1 x 97 78 180 KNIPEX S\u0131kma Pensesi (Kablo Y\u00fcks\u00fckleri i\u00e7in) (0,25 \u2013 16 mm\u00b2), 1 x 16 95 01 SB KNIPEX ErgoStrip\u00ae \u00dcniversal Kablo K\u0131l\u0131f\u0131 Soyma Aleti sa\u011f elini kullananlar i\u00e7in uygun versiyon (\u00d8 8,0 \u2013 13,0 mm), 1 x 70 06 160 Knipex Yan keski (160 mm), 1 x 0022086 Wera Anahtar seti (1,5 &#8211; 10 mm), 1 x 031580 Wera D\u00fcz U\u00e7lu Tornavida 1160 i (0,4 x 2,5 x 80 mm), 1 x 031582 Wera D\u00fcz U\u00e7lu Tornavida 1160 i (0,6 x 3,5 x 100 mm), 1 x 031587 Wera D\u00fcz U\u00e7lu Tornavida 1160 i (1,0 x 5,5 x 125 mm), 1 x 031588 Wera D\u00fcz U\u00e7lu Tornavida 1160 i (1,2 x 6,5 x 150 mm), 1 x 031601 Wera Y\u0131ld\u0131z u\u00e7lu tornavida Phillips\u00ae i\u00e7in 1162 i (PH1 x 80 mm), 1 x 031603 Wera Y\u0131ld\u0131z u\u00e7lu tornavida Phillips\u00ae i\u00e7in 1162 i (PH2 x 100 mm), 1 x 31611 Wera Pozidriv\u00ae u\u00e7lu tornavida 1165 i (PZ1 x 80 mm), 1 x 31613 Wera Pozidriv\u00ae u\u00e7lu tornavida 1165 i (PZ2 x 100 mm), 1 x 2281 Stabila Su terazisi tip 70 (30 cm), 1 x 16 20 165 SB KNIPEX Kablo D\u0131\u015f K\u0131l\u0131f\u0131 Soyma Aletleri Bist\u00fcri ile (\u00d8 8,0 \u2013 28,0 mm),<\/p>\n<table>\n<tr>\n<td>Geni\u015flik<\/td>\n<td>470 mm<\/td>\n<\/tr>\n<tr>\n<td>Y\u00fckseklik<\/td>\n<td>370 mm<\/td>\n<\/tr>\n<tr>\n<td>Derinlik<\/td>\n<td>190 mm<\/td>\n<\/tr>\n<tr>\n<td>A\u011f\u0131rl\u0131k<\/td>\n<td>6800 gr<\/td>\n<\/tr>\n<\/table>\n","protected":false},"excerpt":{"rendered":"<p><b>00 21 34 HL S2 \u201cRobust23 Start\u201d Elektrik Alet \u00c7antas\u0131<\/b><br \/>6 KNIPEX aletle donat\u0131lm\u0131\u015f, toplam 24 \u00e7e\u015fit alet. En zorlu \u00e7al\u0131\u015fma ko\u015fullar\u0131 i\u00e7in: Toz ge\u00e7irmez, su ge\u00e7irmez ve s\u0131cakl\u0131\u011fa dayan\u0131kl\u0131. Maks. y\u00fck: 25 kg. Hacim: 23 litre. Darbeye dayan\u0131kl\u0131 polipropilenden \u00fcretilmi\u015f, u\u00e7u\u015f ebatlar\u0131na uygun g\u00f6vde. Kir tutmayan PP malzeme ve \u00e7ift duvarl\u0131 levhalardan yap\u0131lm\u0131\u015f paneller, alet cepleri ve ask\u0131lar\u0131. Al\u00fcminyum i\u00e7 par\u00e7alara sahip taban tepsisi. Hava bas\u0131nc\u0131 dengeleme valfi. -30\u00b0C ila +80\u00b0C aras\u0131nda s\u0131cakl\u0131k direnci. Asma kilit halkalar\u0131. D\u0131\u015f Boyutlar (G x Y x D): 470 x 370 x 190 mm \u0130\u00e7 Boyutlar (G x Y x D): 437 x 307 x 172 mm. <\/p>\n<li><b>D\u0131\u015f (i\u00e7) geni\u015flik \u00f6l\u00e7\u00fcs\u00fc: <\/b>470 mm 437 mm<\/li>\n<li><b>D\u0131\u015f (i\u00e7) y\u00fckseklik \u00f6l\u00e7\u00fcleri: <\/b>370 mm 307 mm<\/li>\n<li><b>D\u0131\u015f (i\u00e7) derinlik \u00f6l\u00e7\u00fcleri: <\/b>190 mm 172 mm<\/li>\n<p> <b>Teslimat kapsam\u0131:<\/b> 1 x 11 06 160 KNIPEX Kablo S\u0131y\u0131rma Pensesi \u00dcniversal a\u00e7ma yay\u0131 ile (\u00d8 5,0 mm \/ 10,0 mm\u00b2), 1 x 97 78 180 KNIPEX S\u0131kma Pensesi (Kablo Y\u00fcks\u00fckleri i\u00e7in) (0,25 \u2013 16 mm\u00b2), 1 x 16 95 01 SB KNIPEX ErgoStrip\u00ae \u00dcniversal Kablo K\u0131l\u0131f\u0131 Soyma Aleti sa\u011f elini kullananlar i\u00e7in uygun versiyon (\u00d8 8,0 \u2013 13,0 mm), 1 x 70 06 160 Knipex Yan keski (160 mm), 1 x 0022086 Wera Anahtar seti (1,5 &#8211; 10 mm), 1 x 031580 Wera D\u00fcz U\u00e7lu Tornavida 1160 i (0,4 x 2,5 x 80 mm), 1 x 031582 Wera D\u00fcz U\u00e7lu Tornavida 1160 i (0,6 x 3,5 x 100 mm), 1 x 031587 Wera D\u00fcz U\u00e7lu Tornavida 1160 i (1,0 x 5,5 x 125 mm), 1 x 031588 Wera D\u00fcz U\u00e7lu Tornavida 1160 i (1,2 x 6,5 x 150 mm), 1 x 031601 Wera Y\u0131ld\u0131z u\u00e7lu tornavida Phillips\u00ae i\u00e7in 1162 i (PH1 x 80 mm), 1 x 031603 Wera Y\u0131ld\u0131z u\u00e7lu tornavida Phillips\u00ae i\u00e7in 1162 i (PH2 x 100 mm), 1 x 31611 Wera Pozidriv\u00ae u\u00e7lu tornavida 1165 i (PZ1 x 80 mm), 1 x 31613 Wera Pozidriv\u00ae u\u00e7lu tornavida 1165 i (PZ2 x 100 mm), 1 x 2281 Stabila Su terazisi tip 70 (30 cm), 1 x 16 20 165 SB KNIPEX Kablo D\u0131\u015f K\u0131l\u0131f\u0131 Soyma Aletleri Bist\u00fcri ile (\u00d8 8,0 \u2013 28,0 mm),<\/p>\n","protected":false},"featured_media":8758,"comment_status":"open","ping_status":"closed","template":"","meta":{"_acf_changed":false},"product_brand":[],"product_cat":[734],"product_tag":[],"class_list":{"0":"post-24371","1":"product","2":"type-product","3":"status-publish","4":"has-post-thumbnail","6":"product_cat-plastik-takim-cantalari","8":"first","9":"instock","10":"taxable","11":"shipping-taxable","12":"purchasable","13":"product-type-simple","14":"add-to-wishlist-after_add_to_cart"},"acf":[],"_links":{"self":[{"href":"https:\/\/www.makitamarket.com.tr\/site\/wp-json\/wp\/v2\/product\/24371","targetHints":{"allow":["GET"]}}],"collection":[{"href":"https:\/\/www.makitamarket.com.tr\/site\/wp-json\/wp\/v2\/product"}],"about":[{"href":"https:\/\/www.makitamarket.com.tr\/site\/wp-json\/wp\/v2\/types\/product"}],"replies":[{"embeddable":true,"href":"https:\/\/www.makitamarket.com.tr\/site\/wp-json\/wp\/v2\/comments?post=24371"}],"wp:featuredmedia":[{"embeddable":true,"href":"https:\/\/www.makitamarket.com.tr\/site\/wp-json\/wp\/v2\/media\/8758"}],"wp:attachment":[{"href":"https:\/\/www.makitamarket.com.tr\/site\/wp-json\/wp\/v2\/media?parent=24371"}],"wp:term":[{"taxonomy":"product_brand","embeddable":true,"href":"https:\/\/www.makitamarket.com.tr\/site\/wp-json\/wp\/v2\/product_brand?post=24371"},{"taxonomy":"product_cat","embeddable":true,"href":"https:\/\/www.makitamarket.com.tr\/site\/wp-json\/wp\/v2\/product_cat?post=24371"},{"taxonomy":"product_tag","embeddable":true,"href":"https:\/\/www.makitamarket.com.tr\/site\/wp-json\/wp\/v2\/product_tag?post=24371"}],"curies":[{"name":"wp","href":"https:\/\/api.w.org\/{rel}","templated":true}]}}