{"id":24393,"date":"2025-01-09T21:51:05","date_gmt":"2025-01-09T18:51:05","guid":{"rendered":"https:\/\/www.makitamarket.com.tr\/site\/urun\/cora-ews100b-s2-super-sessiz-kompresor\/"},"modified":"2026-03-30T11:23:22","modified_gmt":"2026-03-30T08:23:22","slug":"cora-ews100b-s2-super-sessiz-kompresor","status":"publish","type":"product","link":"https:\/\/www.makitamarket.com.tr\/site\/urun\/cora-ews100b-s2-super-sessiz-kompresor\/","title":{"rendered":"Cora EWS100B-S2 S\u00dcPER SESS\u0130Z KOMPRES\u00d6R"},"content":{"rendered":"<table>\n<tr>\n<td>Depo Hacmi (Lt.)<\/td>\n<td>100<\/td>\n<\/tr>\n<tr>\n<td>G\u00fc\u00e7<\/td>\n<td>2.0 Hp<\/td>\n<\/tr>\n<tr>\n<td>\u00c7al\u0131\u015fma gerilimi<\/td>\n<td>220\/50Hz<\/td>\n<\/tr>\n<tr>\n<td>Devir<\/td>\n<td>1700 dev\/dak<\/td>\n<\/tr>\n<tr>\n<td>Bas\u0131n\u00e7<\/td>\n<td>6-8<\/td>\n<\/tr>\n<tr>\n<td>Ses seviyesi<\/td>\n<td>68 dB<\/td>\n<\/tr>\n<tr>\n<td>Hava Giri\u015fi<\/td>\n<td>300 L\/min<\/td>\n<\/tr>\n<\/table>\n","protected":false},"excerpt":{"rendered":"<p>Depo Hacmi (Lt.) 100 G\u00fc\u00e7 2.0 Hp \u00c7al\u0131\u015fma gerilimi 220\/50Hz Devir 1700 dev\/dak Bas\u0131n\u00e7 6-8 Ses seviyesi 68 dB Hava Giri\u015fi 300 L\/min<\/p>\n","protected":false},"featured_media":0,"comment_status":"open","ping_status":"closed","template":"","meta":{"_acf_changed":false},"product_brand":[1533],"product_cat":[1565],"product_tag":[],"class_list":{"0":"post-24393","1":"product","2":"type-product","3":"status-publish","5":"product_brand-cora","6":"product_cat-yok-yok","8":"first","9":"outofstock","10":"taxable","11":"shipping-taxable","12":"purchasable","13":"product-type-simple","14":"add-to-wishlist-after_add_to_cart"},"acf":[],"_links":{"self":[{"href":"https:\/\/www.makitamarket.com.tr\/site\/wp-json\/wp\/v2\/product\/24393","targetHints":{"allow":["GET"]}}],"collection":[{"href":"https:\/\/www.makitamarket.com.tr\/site\/wp-json\/wp\/v2\/product"}],"about":[{"href":"https:\/\/www.makitamarket.com.tr\/site\/wp-json\/wp\/v2\/types\/product"}],"replies":[{"embeddable":true,"href":"https:\/\/www.makitamarket.com.tr\/site\/wp-json\/wp\/v2\/comments?post=24393"}],"wp:attachment":[{"href":"https:\/\/www.makitamarket.com.tr\/site\/wp-json\/wp\/v2\/media?parent=24393"}],"wp:term":[{"taxonomy":"product_brand","embeddable":true,"href":"https:\/\/www.makitamarket.com.tr\/site\/wp-json\/wp\/v2\/product_brand?post=24393"},{"taxonomy":"product_cat","embeddable":true,"href":"https:\/\/www.makitamarket.com.tr\/site\/wp-json\/wp\/v2\/product_cat?post=24393"},{"taxonomy":"product_tag","embeddable":true,"href":"https:\/\/www.makitamarket.com.tr\/site\/wp-json\/wp\/v2\/product_tag?post=24393"}],"curies":[{"name":"wp","href":"https:\/\/api.w.org\/{rel}","templated":true}]}}