{"id":24394,"date":"2025-01-09T21:51:14","date_gmt":"2025-01-09T18:51:14","guid":{"rendered":"https:\/\/www.makitamarket.com.tr\/site\/urun\/makita-ga9070-buyuk-taslama\/"},"modified":"2026-04-06T18:29:59","modified_gmt":"2026-04-06T15:29:59","slug":"makita-ga9070-buyuk-taslama","status":"publish","type":"product","link":"https:\/\/www.makitamarket.com.tr\/site\/urun\/makita-ga9070-buyuk-taslama\/","title":{"rendered":"Makita GA9070 B\u00dcY\u00dcK TA\u015eLAMA"},"content":{"rendered":"<p>Model GA9070<\/p>\n<p><span style=\"color: rgb(33, 37, 41); background-color: white;\">B\u00fcy\u00fck Ta\u015flama 230mm<\/span><\/p>\n<p>2.800 W \u2022 230 mm \u2022 6.600 dak\u207b\u00b9<\/p>\n<p><strong style=\"color: rgb(0, 112, 192);\">Metal ve ta\u015f kesimi i\u00e7in y\u00fcksek performansl\u0131 b\u00fcy\u00fck ta\u015flama makinesi<\/strong><\/p>\n<p><span style=\"color: rgb(33, 37, 41); background-color: white;\">Metal, ta\u015f ve di\u011fer sert malzemelerde kesme ve ta\u015flama i\u015flemleri i\u00e7in tasarlanm\u0131\u015f, g\u00fc\u00e7l\u00fc ve dayan\u0131kl\u0131 bir ta\u015flama makinesi modelidir. <\/span><strong style=\"color: rgb(33, 37, 41); background-color: white;\">2.800 W motor g\u00fcc\u00fc<\/strong><span style=\"color: rgb(33, 37, 41); background-color: white;\"> ve kesici\/a\u015f\u0131nd\u0131r\u0131c\u0131\/elmas <\/span><strong style=\"color: rgb(33, 37, 41); background-color: white;\">230 mm disk \u00e7ap\u0131<\/strong><span style=\"color: rgb(33, 37, 41); background-color: white;\"> ile a\u011f\u0131r ve profesyonel i\u015fler i\u00e7in \u00fcst\u00fcn performans sunar. <\/span><span style=\"color: black; background-color: white;\">Dakikada 6.600 bo\u015fta devire sahiptir. <\/span><span style=\"color: rgb(33, 37, 41); background-color: white;\">&nbsp;Ergonomik tasar\u0131m\u0131, d\u00fc\u015f\u00fck titre\u015fim seviyesi ve sa\u011flam yap\u0131s\u0131 sayesinde uzun s\u00fcreli ve rahat bir kullan\u0131m sa\u011flar. \u0130n\u015faat, metal i\u015f\u00e7ili\u011fi ve tamirat projelerinde s\u0131k\u00e7a tercih edilen bir modeldir.<\/span><\/p>\n<p><span style=\"color: red; background-color: white;\">Kullan\u0131m amac\u0131: <\/span><span style=\"color: rgb(33, 37, 41); background-color: white;\">Bu alet, metal ve ta\u015f malzemelerin su kullanmadan ta\u015flanmas\u0131, z\u0131mparalanmas\u0131, telle f\u0131r\u00e7alanmas\u0131, delik a\u00e7\u0131lmas\u0131 ve kesilmesi amac\u0131yla tasarlanm\u0131\u015ft\u0131r.<\/span><\/p>\n<p><u>\u00d6zellikleri:<\/u><\/p>\n<p><span style=\"color: red;\">G\u00fc\u00e7 Kayna\u011f\u0131: <\/span>Aletin, yaln\u0131zca isim levhas\u0131nda belirtilenle ayn\u0131 voltajl\u0131 g\u00fc\u00e7 kayna\u011f\u0131na ba\u011flanmas\u0131 gerekir ve yaln\u0131zca tek fazl\u0131 AC g\u00fc\u00e7 kayna\u011f\u0131yla \u00e7al\u0131\u015ft\u0131r\u0131labilir. \u00c7ifte yal\u0131t\u0131ml\u0131d\u0131r ve topraklamas\u0131z prizlerle de kullan\u0131labilir.<\/p>\n<ol>\n<li data-list=\"bullet\"><span class=\"ql-ui\" contenteditable=\"false\"><\/span>\u00c7ift yal\u0131t\u0131ml\u0131d\u0131r.<\/li>\n<li data-list=\"bullet\"><span class=\"ql-ui\" contenteditable=\"false\"><\/span>Yumu\u015fak ba\u015flama \u00f6zelli\u011fi mevcuttur.<\/li>\n<li data-list=\"bullet\"><span class=\"ql-ui\" contenteditable=\"false\"><\/span><span style=\"color: rgb(33, 37, 41);\">Toz emme \u00fcnitesi mevcuttur.<\/span><\/li>\n<li data-list=\"bullet\"><span class=\"ql-ui\" contenteditable=\"false\"><\/span>Tork s\u0131n\u0131rlay\u0131c\u0131 \u00f6zelli\u011fi vard\u0131r.<\/li>\n<li data-list=\"bullet\"><span class=\"ql-ui\" contenteditable=\"false\"><\/span>Elektrik freni mevcuttur.<\/li>\n<li data-list=\"bullet\"><span class=\"ql-ui\" contenteditable=\"false\"><\/span><span style=\"color: black;\">Sabit h\u0131z \u00f6zelli\u011fi vard\u0131r.<\/span><\/li>\n<\/ol>\n<p><span style=\"color: rgb(33, 37, 41);\">Ambalaj i\u00e7eri\u011fi: Vibrasyon \u00d6nleyicili Yan Sap, Siper, Anahtar<\/span><\/p>\n<p><span style=\"color: red;\">Kontroll\u00fc \u00e7al\u0131\u015fma sistemi<\/span><\/p>\n<table>\n<tr>\n<td>Mil \u00c7ap\u0131<\/td>\n<td>M14<\/td>\n<\/tr>\n<tr>\n<td>Koli \u0130\u00e7i Adedi<\/td>\n<td>1<\/td>\n<\/tr>\n<tr>\n<td>Bo\u015fta Devir<\/td>\n<td>6.600 devir\/dk<\/td>\n<\/tr>\n<tr>\n<td>S\u00fcrekli Ak\u0131m Giri\u015fi<\/td>\n<td>2800W<\/td>\n<\/tr>\n<tr>\n<td>Net A\u011f\u0131rl\u0131k (kg)<\/td>\n<td>6.3<\/td>\n<\/tr>\n<\/table>\n","protected":false},"excerpt":{"rendered":"<p>Model GA9070<\/p>\n<p><span style=\"color: rgb(33, 37, 41); background-color: white;\">B\u00fcy\u00fck Ta\u015flama 230mm<\/span><\/p>\n<p>2.800 W \u2022 230 mm \u2022 6.600 dak\u207b\u00b9<\/p>\n<p><strong style=\"color: rgb(0, 112, 192);\">Metal ve ta\u015f kesimi i\u00e7in y\u00fcksek performansl\u0131 b\u00fcy\u00fck ta\u015flama makinesi<\/strong><\/p>\n<p><span style=\"color: rgb(33, 37, 41); background-color: white;\">Metal, ta\u015f ve di\u011fer sert malzemelerde kesme ve ta\u015flama i\u015flemleri i\u00e7in tasarlanm\u0131\u015f, g\u00fc\u00e7l\u00fc ve dayan\u0131kl\u0131 bir ta\u015flama makinesi modelidir. <\/span><strong style=\"color: rgb(33, 37, 41); background-color: white;\">2.800 W motor g\u00fcc\u00fc<\/strong><span style=\"color: rgb(33, 37, 41); background-color: white;\"> ve kesici\/a\u015f\u0131nd\u0131r\u0131c\u0131\/elmas <\/span><strong style=\"color: rgb(33, 37, 41); background-color: white;\">230 mm disk \u00e7ap\u0131<\/strong><span style=\"color: rgb(33, 37, 41); background-color: white;\"> ile a\u011f\u0131r ve profesyonel i\u015fler i\u00e7in \u00fcst\u00fcn performans sunar. <\/span><span style=\"color: black; background-color: white;\">Dakikada 6.600 bo\u015fta devire sahiptir. <\/span><span style=\"color: rgb(33, 37, 41); background-color: white;\">&nbsp;Ergonomik tasar\u0131m\u0131, d\u00fc\u015f\u00fck titre\u015fim seviyesi ve sa\u011flam yap\u0131s\u0131 sayesinde uzun s\u00fcreli ve rahat bir kullan\u0131m sa\u011flar. \u0130n\u015faat, metal i\u015f\u00e7ili\u011fi ve tamirat projelerinde s\u0131k\u00e7a tercih edilen bir modeldir.<\/span><\/p>\n<p><span style=\"color: red; background-color: white;\">Kullan\u0131m amac\u0131: <\/span><span style=\"color: rgb(33, 37, 41); background-color: white;\">Bu alet, metal ve ta\u015f malzemelerin su kullanmadan ta\u015flanmas\u0131, z\u0131mparalanmas\u0131, telle f\u0131r\u00e7alanmas\u0131, delik a\u00e7\u0131lmas\u0131 ve kesilmesi amac\u0131yla tasarlanm\u0131\u015ft\u0131r.<\/span><\/p>\n<p><u>\u00d6zellikleri:<\/u><\/p>\n<p><span style=\"color: red;\">G\u00fc\u00e7 Kayna\u011f\u0131: <\/span>Aletin, yaln\u0131zca isim levhas\u0131nda belirtilenle ayn\u0131 voltajl\u0131 g\u00fc\u00e7 kayna\u011f\u0131na ba\u011flanmas\u0131 gerekir ve yaln\u0131zca tek fazl\u0131 AC g\u00fc\u00e7 kayna\u011f\u0131yla \u00e7al\u0131\u015ft\u0131r\u0131labilir. \u00c7ifte yal\u0131t\u0131ml\u0131d\u0131r ve topraklamas\u0131z prizlerle de kullan\u0131labilir.<\/p>\n<ol>\n<li data-list=\"bullet\"><span class=\"ql-ui\" contenteditable=\"false\"><\/span>\u00c7ift yal\u0131t\u0131ml\u0131d\u0131r.<\/li>\n<li data-list=\"bullet\"><span class=\"ql-ui\" contenteditable=\"false\"><\/span>Yumu\u015fak ba\u015flama \u00f6zelli\u011fi mevcuttur.<\/li>\n<li data-list=\"bullet\"><span class=\"ql-ui\" contenteditable=\"false\"><\/span><span style=\"color: rgb(33, 37, 41);\">Toz emme \u00fcnitesi mevcuttur.<\/span><\/li>\n<li data-list=\"bullet\"><span class=\"ql-ui\" contenteditable=\"false\"><\/span>Tork s\u0131n\u0131rlay\u0131c\u0131 \u00f6zelli\u011fi vard\u0131r.<\/li>\n<li data-list=\"bullet\"><span class=\"ql-ui\" contenteditable=\"false\"><\/span>Elektrik freni mevcuttur.<\/li>\n<li data-list=\"bullet\"><span class=\"ql-ui\" contenteditable=\"false\"><\/span><span style=\"color: black;\">Sabit h\u0131z \u00f6zelli\u011fi vard\u0131r.<\/span><\/li>\n<\/ol>\n<p><span style=\"color: rgb(33, 37, 41);\">Ambalaj i\u00e7eri\u011fi: Vibrasyon \u00d6nleyicili Yan Sap, Siper, Anahtar<\/span><\/p>\n<p><span style=\"color: red;\">Kontroll\u00fc \u00e7al\u0131\u015fma sistemi<\/span><\/p>\n","protected":false},"featured_media":0,"comment_status":"open","ping_status":"closed","template":"","meta":{"_acf_changed":false},"product_brand":[1485],"product_cat":[1565],"product_tag":[],"class_list":{"0":"post-24394","1":"product","2":"type-product","3":"status-publish","5":"product_brand-makita","6":"product_cat-yok-yok","8":"first","9":"instock","10":"taxable","11":"shipping-taxable","12":"purchasable","13":"product-type-simple","14":"add-to-wishlist-after_add_to_cart"},"acf":[],"_links":{"self":[{"href":"https:\/\/www.makitamarket.com.tr\/site\/wp-json\/wp\/v2\/product\/24394","targetHints":{"allow":["GET"]}}],"collection":[{"href":"https:\/\/www.makitamarket.com.tr\/site\/wp-json\/wp\/v2\/product"}],"about":[{"href":"https:\/\/www.makitamarket.com.tr\/site\/wp-json\/wp\/v2\/types\/product"}],"replies":[{"embeddable":true,"href":"https:\/\/www.makitamarket.com.tr\/site\/wp-json\/wp\/v2\/comments?post=24394"}],"wp:attachment":[{"href":"https:\/\/www.makitamarket.com.tr\/site\/wp-json\/wp\/v2\/media?parent=24394"}],"wp:term":[{"taxonomy":"product_brand","embeddable":true,"href":"https:\/\/www.makitamarket.com.tr\/site\/wp-json\/wp\/v2\/product_brand?post=24394"},{"taxonomy":"product_cat","embeddable":true,"href":"https:\/\/www.makitamarket.com.tr\/site\/wp-json\/wp\/v2\/product_cat?post=24394"},{"taxonomy":"product_tag","embeddable":true,"href":"https:\/\/www.makitamarket.com.tr\/site\/wp-json\/wp\/v2\/product_tag?post=24394"}],"curies":[{"name":"wp","href":"https:\/\/api.w.org\/{rel}","templated":true}]}}