{"id":24399,"date":"2025-01-09T21:51:17","date_gmt":"2025-01-09T18:51:17","guid":{"rendered":"https:\/\/www.makitamarket.com.tr\/site\/urun\/makita-dtw1001z-darbeli-somun-sikma-18v\/"},"modified":"2026-04-13T23:57:52","modified_gmt":"2026-04-13T20:57:52","slug":"makita-dtw1001z-darbeli-somun-sikma-18v","status":"publish","type":"product","link":"https:\/\/www.makitamarket.com.tr\/site\/urun\/makita-dtw1001z-darbeli-somun-sikma-18v\/","title":{"rendered":"Makita DTW1001Z DARBEL\u0130 SOMUN SIKMA 18V"},"content":{"rendered":"<p><strong class=\"red-title\" style=\"font-size: 16px;\">A\u00e7\u0131klama:<\/strong> <span><\/p>\n<p>Model DTW1001Z<\/p>\n<p>Darbeli Somun S\u0131kma \u00be\u201d 19mm<\/p>\n<p>18V \u2022 3\/4&#8243; \u2022 1 250 Nm \u2022 0 \u2013 1 800 dak\u207b\u00b9<\/p>\n<p><span style=\"color: rgb(0, 112, 192);\">A\u011f\u0131r i\u015fler i\u00e7in iki g\u00fc\u00e7 ayar\u0131na sahip y\u00fcksek torklu, k\u00f6m\u00fcrs\u00fcz darbeli somun s\u0131kma modeli<\/span><\/p>\n<p>1.250 Nm&#8217;ye maksimum torka sahip g\u00fc\u00e7l\u00fc, k\u00f6m\u00fcrs\u00fcz 3\/4&#8243; u\u00e7 tutucu ile darbeli somun s\u0131kma modeli. \u00dc\u00e7 farkl\u0131 g\u00fc\u00e7 ayar\u0131. Ek ayd\u0131nlatma i\u00e7in bir LED \u0131\u015f\u0131kla donat\u0131lm\u0131\u015f olan bu alet, y\u00fcksek s\u0131kma torku gerektiren uygulamalar i\u00e7in idealdir.<\/p>\n<p><span style=\"color: red;\">Kullan\u0131m amac\u0131:<\/span>Bu aletin c\u0131vata ve somunlar\u0131 s\u0131kmak i\u00e7in kullan\u0131lmas\u0131 ama\u00e7lanm\u0131\u015ft\u0131r.<\/p>\n<p><u>\u00d6zellikleri:<\/u><\/p>\n<p>18V,XPT,BL MOTOR<\/p>\n<p>XPT(Ekstra Koruma Teknolojisi) sayesinde nemli ve ya\u011fmurlu ortamlarda kullan\u0131labilir. D\u00fc\u015fmeye kar\u015f\u0131 ekstra dayan\u0131kl\u0131d\u0131r.<\/p>\n<p>BL Motor\/K\u00f6m\u00fcrs\u00fcz Motor mevcuttur. K\u00f6m\u00fcrs\u00fcz motor sayesinde \u00e7al\u0131\u015fma esnas\u0131nda olu\u015fan \u0131s\u0131 enerjisi kaybolmaz ve makinenin g\u00fcc\u00fcne iletilir.<\/p>\n<ol>\n<li data-list=\"ordered\"><span class=\"ql-ui\" contenteditable=\"false\"><\/span>De\u011fi\u015fken h\u0131z \u00f6zelli\u011fi vard\u0131r.<\/li>\n<li data-list=\"ordered\"><span class=\"ql-ui\" contenteditable=\"false\"><\/span>Sa\u011f-sol d\u00f6n\u00fc\u015f ayarl\u0131d\u0131r.<\/li>\n<li data-list=\"ordered\"><span class=\"ql-ui\" contenteditable=\"false\"><\/span>Elektrik freni mevcuttur.<\/li>\n<li data-list=\"ordered\"><span class=\"ql-ui\" contenteditable=\"false\"><\/span>Led \u0131\u015f\u0131\u011f\u0131 vard\u0131r.<\/li>\n<li data-list=\"ordered\"><span class=\"ql-ui\" contenteditable=\"false\"><\/span>Otomatik h\u0131z 3 mevcuttur.<\/li>\n<li data-list=\"ordered\"><span class=\"ql-ui\" contenteditable=\"false\"><\/span>Plastik ta\u015f\u0131ma \u00e7antal\u0131d\u0131r.<\/li>\n<\/ol>\n<p>Ambalaj i\u00e7eri\u011fi: Bel kancas\u0131<\/p>\n<p>Ambalaj i\u00e7eri\u011finde ak\u00fc ve ak\u00fc \u015farj cihaz\u0131 bulunmamaktad\u0131r.<\/p>\n<p>Standart c\u0131vata: M12-M30, Y\u00fcksek germeli c\u0131vata: M10-M24<\/p>\n<p>Sert 0-1.800 devir\/dk,orta 0-1.000,Yumu\u015fak 0-900<\/p>\n<p>Sert 0-2.200 ,orta 0-2.000,Yumu\u015fak 0-1800<\/p>\n<p>Maksimum Tork:1250N.m<\/p>\n<p><\/span><strong class=\"red-title\" style=\"font-size: 16px;\">Kullan\u0131m Amac\u0131:<\/strong> <span><\/p>\n<p><\/p>\n<p><\/span><strong class=\"red-title\" style=\"font-size: 16px;\">\u00d6zellikler:<\/strong> <span><\/p>\n<p><\/p>\n<p><\/span><strong class=\"red-title\" style=\"font-size: 16px;\">Paket \u0130\u00e7eri\u011fi:<\/strong> <span><\/p>\n<p><\/p>\n<p><\/span><\/p>\n<table>\n<tr>\n<td>Bo\u015fta Devir<\/td>\n<td>Sert 0-1.800 devir\/dk,orta 0-1.000,Yumu\u015fak 0-900<\/td>\n<\/tr>\n<tr>\n<td>Kapasite<\/td>\n<td>Standart c\u0131vata: M12-M30, Y\u00fcksek germeli c\u0131vata: M10-M24<\/td>\n<\/tr>\n<tr>\n<td>Koli Adedi<\/td>\n<td>1<\/td>\n<\/tr>\n<tr>\n<td>Dakikada darbe say\u0131s\u0131<\/td>\n<td>Sert 0-2.200 ,orta 0-2.000,Yumu\u015fak 0-1800<\/td>\n<\/tr>\n<tr>\n<td>Maksimum Tork<\/td>\n<td>1250N.m<\/td>\n<\/tr>\n<\/table>\n","protected":false},"excerpt":{"rendered":"<p><strong class=\"red-title\" style=\"font-size: 16px;\">A\u00e7\u0131klama:<\/strong> <span><\/p>\n<p>Model DTW1001Z<\/p>\n<p>Darbeli Somun S\u0131kma \u00be\u201d 19mm<\/p>\n<p>18V \u2022 3\/4&#8243; \u2022 1 250 Nm \u2022 0 \u2013 1 800 dak\u207b\u00b9<\/p>\n<p><span style=\"color: rgb(0, 112, 192);\">A\u011f\u0131r i\u015fler i\u00e7in iki g\u00fc\u00e7 ayar\u0131na sahip y\u00fcksek torklu, k\u00f6m\u00fcrs\u00fcz darbeli somun s\u0131kma modeli<\/span><\/p>\n<p>1.250 Nm&#8217;ye maksimum torka sahip g\u00fc\u00e7l\u00fc, k\u00f6m\u00fcrs\u00fcz 3\/4&#8243; u\u00e7 tutucu ile darbeli somun s\u0131kma modeli. \u00dc\u00e7 farkl\u0131 g\u00fc\u00e7 ayar\u0131. Ek ayd\u0131nlatma i\u00e7in bir LED \u0131\u015f\u0131kla donat\u0131lm\u0131\u015f olan bu alet, y\u00fcksek s\u0131kma torku gerektiren uygulamalar i\u00e7in idealdir.<\/p>\n<p><span style=\"color: red;\">Kullan\u0131m amac\u0131:<\/span>Bu aletin c\u0131vata ve somunlar\u0131 s\u0131kmak i\u00e7in kullan\u0131lmas\u0131 ama\u00e7lanm\u0131\u015ft\u0131r.<\/p>\n<p><u>\u00d6zellikleri:<\/u><\/p>\n<p>18V,XPT,BL MOTOR<\/p>\n<p>XPT(Ekstra Koruma Teknolojisi) sayesinde nemli ve ya\u011fmurlu ortamlarda kullan\u0131labilir. D\u00fc\u015fmeye kar\u015f\u0131 ekstra dayan\u0131kl\u0131d\u0131r.<\/p>\n<p>BL Motor\/K\u00f6m\u00fcrs\u00fcz Motor mevcuttur. K\u00f6m\u00fcrs\u00fcz motor sayesinde \u00e7al\u0131\u015fma esnas\u0131nda olu\u015fan \u0131s\u0131 enerjisi kaybolmaz ve makinenin g\u00fcc\u00fcne iletilir.<\/p>\n<ol>\n<li data-list=\"ordered\"><span class=\"ql-ui\" contenteditable=\"false\"><\/span>De\u011fi\u015fken h\u0131z \u00f6zelli\u011fi vard\u0131r.<\/li>\n<li data-list=\"ordered\"><span class=\"ql-ui\" contenteditable=\"false\"><\/span>Sa\u011f-sol d\u00f6n\u00fc\u015f ayarl\u0131d\u0131r.<\/li>\n<li data-list=\"ordered\"><span class=\"ql-ui\" contenteditable=\"false\"><\/span>Elektrik freni mevcuttur.<\/li>\n<li data-list=\"ordered\"><span class=\"ql-ui\" contenteditable=\"false\"><\/span>Led \u0131\u015f\u0131\u011f\u0131 vard\u0131r.<\/li>\n<li data-list=\"ordered\"><span class=\"ql-ui\" contenteditable=\"false\"><\/span>Otomatik h\u0131z 3 mevcuttur.<\/li>\n<li data-list=\"ordered\"><span class=\"ql-ui\" contenteditable=\"false\"><\/span>Plastik ta\u015f\u0131ma \u00e7antal\u0131d\u0131r.<\/li>\n<\/ol>\n<p>Ambalaj i\u00e7eri\u011fi: Bel kancas\u0131<\/p>\n<p>Ambalaj i\u00e7eri\u011finde ak\u00fc ve ak\u00fc \u015farj cihaz\u0131 bulunmamaktad\u0131r.<\/p>\n<p>Standart c\u0131vata: M12-M30, Y\u00fcksek germeli c\u0131vata: M10-M24<\/p>\n<p>Sert 0-1.800 devir\/dk,orta 0-1.000,Yumu\u015fak 0-900<\/p>\n<p>Sert 0-2.200 ,orta 0-2.000,Yumu\u015fak 0-1800<\/p>\n<p>Maksimum Tork:1250N.m<\/p>\n<p><\/span><strong class=\"red-title\" style=\"font-size: 16px;\">Kullan\u0131m Amac\u0131:<\/strong> <span><\/p>\n<p><\/p>\n<p><\/span><strong class=\"red-title\" style=\"font-size: 16px;\">\u00d6zellikler:<\/strong> <span><\/p>\n<p><\/p>\n<p><\/span><strong class=\"red-title\" style=\"font-size: 16px;\">Paket \u0130\u00e7eri\u011fi:<\/strong> <span><\/p>\n<p><\/p>\n<p><\/span><\/p>\n","protected":false},"featured_media":0,"comment_status":"open","ping_status":"closed","template":"","meta":{"_acf_changed":false},"product_brand":[1485],"product_cat":[1565],"product_tag":[],"class_list":{"0":"post-24399","1":"product","2":"type-product","3":"status-publish","5":"product_brand-makita","6":"product_cat-yok-yok","8":"first","9":"instock","10":"taxable","11":"shipping-taxable","12":"purchasable","13":"product-type-simple","14":"add-to-wishlist-after_add_to_cart"},"acf":[],"_links":{"self":[{"href":"https:\/\/www.makitamarket.com.tr\/site\/wp-json\/wp\/v2\/product\/24399","targetHints":{"allow":["GET"]}}],"collection":[{"href":"https:\/\/www.makitamarket.com.tr\/site\/wp-json\/wp\/v2\/product"}],"about":[{"href":"https:\/\/www.makitamarket.com.tr\/site\/wp-json\/wp\/v2\/types\/product"}],"replies":[{"embeddable":true,"href":"https:\/\/www.makitamarket.com.tr\/site\/wp-json\/wp\/v2\/comments?post=24399"}],"wp:attachment":[{"href":"https:\/\/www.makitamarket.com.tr\/site\/wp-json\/wp\/v2\/media?parent=24399"}],"wp:term":[{"taxonomy":"product_brand","embeddable":true,"href":"https:\/\/www.makitamarket.com.tr\/site\/wp-json\/wp\/v2\/product_brand?post=24399"},{"taxonomy":"product_cat","embeddable":true,"href":"https:\/\/www.makitamarket.com.tr\/site\/wp-json\/wp\/v2\/product_cat?post=24399"},{"taxonomy":"product_tag","embeddable":true,"href":"https:\/\/www.makitamarket.com.tr\/site\/wp-json\/wp\/v2\/product_tag?post=24399"}],"curies":[{"name":"wp","href":"https:\/\/api.w.org\/{rel}","templated":true}]}}