{"id":24400,"date":"2025-01-09T21:51:17","date_gmt":"2025-01-09T18:51:17","guid":{"rendered":"https:\/\/www.makitamarket.com.tr\/site\/urun\/makita-lc1230n-elmas-testereli-metal-kesme-makinasi\/"},"modified":"2026-04-13T23:57:01","modified_gmt":"2026-04-13T20:57:01","slug":"makita-lc1230n-elmas-testereli-metal-kesme-makinasi","status":"publish","type":"product","link":"https:\/\/www.makitamarket.com.tr\/site\/urun\/makita-lc1230n-elmas-testereli-metal-kesme-makinasi\/","title":{"rendered":"Makita LC1230N ELMAS TESTEREL\u0130 METAL KESME MAK\u0130NASI"},"content":{"rendered":"<p><span style=\"color: black;\">Model LC1230N<\/span><\/p>\n<p>Metal Kesme Makinalar\u0131<\/p>\n<p>Elmas Testereli<\/p>\n<p>1.750 W \u2022 305 mm \u2022 1.750 dak\u207b\u00b9<\/p>\n<p><strong style=\"color: rgb(0, 112, 192);\">Y\u00fcksek Performansl\u0131 Metal Kesme Makinesi<\/strong><\/p>\n<p>Metal kesme i\u015flemleri i\u00e7in tasarlanm\u0131\u015f, g\u00fc\u00e7l\u00fc ve dayan\u0131kl\u0131 bir kesme makinesi modelidir. <strong>1.750 W motor g\u00fcc\u00fc<\/strong> ve <strong>305 mm kesme diski \u00e7ap\u0131<\/strong> ile zorlu metal kesme i\u015flemlerinde y\u00fcksek performans sunar. Dakikada 1.300 bo\u015fta devire sahiptir. Dayan\u0131kl\u0131 yap\u0131s\u0131 ve sa\u011flam motoru ile uzun s\u00fcreli kullan\u0131mda g\u00fcvenilirlik sa\u011flar. Ergonomik tasar\u0131m\u0131, rahat tutu\u015f ve g\u00fcvenli kullan\u0131m imk\u00e2n\u0131 sunar. Metal i\u015fleme, \u00e7elik ve boru kesme gibi profesyonel projelerde s\u0131k\u00e7a tercih edilen bir modeldir.<\/p>\n<p><span style=\"color: red;\">Kullan\u0131m amac\u0131: <\/span><span style=\"color: black;\">Bu alet uygun testere b\u0131\u00e7aklar\u0131yla yumu\u015fak \u00e7elik ve paslanmaz \u00e7elik kesmek amac\u0131yla tasarlanm\u0131\u015ft\u0131r. <\/span><\/p>\n<p><u>\u00d6zellikleri:<\/u><\/p>\n<p><span style=\"color: red;\">G\u00fc\u00e7 Kayna\u011f\u0131: <\/span>Makinan\u0131n, yaln\u0131zca isim levhas\u0131nda belirtilenle ayn\u0131 voltajl\u0131 g\u00fc\u00e7 kayna\u011f\u0131na ba\u011flanmas\u0131 gerekir ve yaln\u0131zca tek fazl\u0131 AC g\u00fc\u00e7 kayna\u011f\u0131yla \u00e7al\u0131\u015ft\u0131r\u0131labilir. \u00c7ifte yal\u0131t\u0131ml\u0131d\u0131r ve topraklamas\u0131z prizlerle de kullan\u0131labilir.<\/p>\n<ol>\n<li data-list=\"bullet\"><span class=\"ql-ui\" contenteditable=\"false\"><\/span>\u00c7ift yal\u0131t\u0131ml\u0131d\u0131r.<\/li>\n<\/ol>\n<p>Ambalaj i\u00e7eri\u011fi: Karbit-tip testere, anahtar, g\u00f6zl\u00fck<\/p>\n<p><span style=\"color: red;\">Testere:A -8742 <\/span><\/p>\n<p><span style=\"color: red;\">Ta\u015f dahildir.<\/span><\/p>\n<table>\n<tr>\n<td>Net A\u011f\u0131rl\u0131k (kg)<\/td>\n<td>19.3<\/td>\n<\/tr>\n<tr>\n<td>S\u00fcrekli Ak\u0131m Giri\u015fi<\/td>\n<td>1.750W<\/td>\n<\/tr>\n<tr>\n<td>Testere \u00d6l\u00e7\u00fcleri<\/td>\n<td>30&#215;25.4mm<\/td>\n<\/tr>\n<tr>\n<td>Koli \u0130\u00e7i Adedi<\/td>\n<td>1<\/td>\n<\/tr>\n<tr>\n<td>Kapasite 90\u00b0<\/td>\n<td>115mm, 75x150mm<\/td>\n<\/tr>\n<tr>\n<td>Bo\u015fta Devir<\/td>\n<td>1300 devir\/dk<\/td>\n<\/tr>\n<tr>\n<td>Kapasite 45\u00b0<\/td>\n<td>90mm, 85x85mm<\/td>\n<\/tr>\n<\/table>\n","protected":false},"excerpt":{"rendered":"<p><span style=\"color: black;\">Model LC1230N<\/span><\/p>\n<p>Metal Kesme Makinalar\u0131<\/p>\n<p>Elmas Testereli<\/p>\n<p>1.750 W \u2022 305 mm \u2022 1.750 dak\u207b\u00b9<\/p>\n<p><strong style=\"color: rgb(0, 112, 192);\">Y\u00fcksek Performansl\u0131 Metal Kesme Makinesi<\/strong><\/p>\n<p>Metal kesme i\u015flemleri i\u00e7in tasarlanm\u0131\u015f, g\u00fc\u00e7l\u00fc ve dayan\u0131kl\u0131 bir kesme makinesi modelidir. <strong>1.750 W motor g\u00fcc\u00fc<\/strong> ve <strong>305 mm kesme diski \u00e7ap\u0131<\/strong> ile zorlu metal kesme i\u015flemlerinde y\u00fcksek performans sunar. Dakikada 1.300 bo\u015fta devire sahiptir. Dayan\u0131kl\u0131 yap\u0131s\u0131 ve sa\u011flam motoru ile uzun s\u00fcreli kullan\u0131mda g\u00fcvenilirlik sa\u011flar. Ergonomik tasar\u0131m\u0131, rahat tutu\u015f ve g\u00fcvenli kullan\u0131m imk\u00e2n\u0131 sunar. Metal i\u015fleme, \u00e7elik ve boru kesme gibi profesyonel projelerde s\u0131k\u00e7a tercih edilen bir modeldir.<\/p>\n<p><span style=\"color: red;\">Kullan\u0131m amac\u0131: <\/span><span style=\"color: black;\">Bu alet uygun testere b\u0131\u00e7aklar\u0131yla yumu\u015fak \u00e7elik ve paslanmaz \u00e7elik kesmek amac\u0131yla tasarlanm\u0131\u015ft\u0131r. <\/span><\/p>\n<p><u>\u00d6zellikleri:<\/u><\/p>\n<p><span style=\"color: red;\">G\u00fc\u00e7 Kayna\u011f\u0131: <\/span>Makinan\u0131n, yaln\u0131zca isim levhas\u0131nda belirtilenle ayn\u0131 voltajl\u0131 g\u00fc\u00e7 kayna\u011f\u0131na ba\u011flanmas\u0131 gerekir ve yaln\u0131zca tek fazl\u0131 AC g\u00fc\u00e7 kayna\u011f\u0131yla \u00e7al\u0131\u015ft\u0131r\u0131labilir. \u00c7ifte yal\u0131t\u0131ml\u0131d\u0131r ve topraklamas\u0131z prizlerle de kullan\u0131labilir.<\/p>\n<ol>\n<li data-list=\"bullet\"><span class=\"ql-ui\" contenteditable=\"false\"><\/span>\u00c7ift yal\u0131t\u0131ml\u0131d\u0131r.<\/li>\n<\/ol>\n<p>Ambalaj i\u00e7eri\u011fi: Karbit-tip testere, anahtar, g\u00f6zl\u00fck<\/p>\n<p><span style=\"color: red;\">Testere:A -8742 <\/span><\/p>\n<p><span style=\"color: red;\">Ta\u015f dahildir.<\/span><\/p>\n","protected":false},"featured_media":0,"comment_status":"open","ping_status":"closed","template":"","meta":{"_acf_changed":false},"product_brand":[1485],"product_cat":[1565],"product_tag":[],"class_list":{"0":"post-24400","1":"product","2":"type-product","3":"status-publish","5":"product_brand-makita","6":"product_cat-yok-yok","8":"first","9":"instock","10":"taxable","11":"shipping-taxable","12":"purchasable","13":"product-type-simple","14":"add-to-wishlist-after_add_to_cart"},"acf":[],"_links":{"self":[{"href":"https:\/\/www.makitamarket.com.tr\/site\/wp-json\/wp\/v2\/product\/24400","targetHints":{"allow":["GET"]}}],"collection":[{"href":"https:\/\/www.makitamarket.com.tr\/site\/wp-json\/wp\/v2\/product"}],"about":[{"href":"https:\/\/www.makitamarket.com.tr\/site\/wp-json\/wp\/v2\/types\/product"}],"replies":[{"embeddable":true,"href":"https:\/\/www.makitamarket.com.tr\/site\/wp-json\/wp\/v2\/comments?post=24400"}],"wp:attachment":[{"href":"https:\/\/www.makitamarket.com.tr\/site\/wp-json\/wp\/v2\/media?parent=24400"}],"wp:term":[{"taxonomy":"product_brand","embeddable":true,"href":"https:\/\/www.makitamarket.com.tr\/site\/wp-json\/wp\/v2\/product_brand?post=24400"},{"taxonomy":"product_cat","embeddable":true,"href":"https:\/\/www.makitamarket.com.tr\/site\/wp-json\/wp\/v2\/product_cat?post=24400"},{"taxonomy":"product_tag","embeddable":true,"href":"https:\/\/www.makitamarket.com.tr\/site\/wp-json\/wp\/v2\/product_tag?post=24400"}],"curies":[{"name":"wp","href":"https:\/\/api.w.org\/{rel}","templated":true}]}}