{"id":24401,"date":"2025-01-09T21:51:21","date_gmt":"2025-01-09T18:51:21","guid":{"rendered":"https:\/\/www.makitamarket.com.tr\/site\/urun\/makita-mls100n-gonye-kesme-makinasi\/"},"modified":"2026-04-13T23:56:56","modified_gmt":"2026-04-13T20:56:56","slug":"makita-mls100n-gonye-kesme-makinasi","status":"publish","type":"product","link":"https:\/\/www.makitamarket.com.tr\/site\/urun\/makita-mls100n-gonye-kesme-makinasi\/","title":{"rendered":"Makita MLS100N G\u00d6NYE KESME MAK\u0130NASI"},"content":{"rendered":"<p><span style=\"color: black; background-color: white;\">Model MLS100N<\/span><\/p>\n<p><span style=\"color: black; background-color: white;\">G\u00f6nye Kesme Makinalar\u0131<\/span><\/p>\n<p><span style=\"color: black; background-color: white;\">1500 W \u2022 255 mm \u2022 4.200 dak\u207b\u00b9<\/span><\/p>\n<p><strong style=\"color: rgb(0, 112, 192); background-color: white;\">Ah\u015fap kesimi i\u00e7in tezgah tipi g\u00f6nye testere modeli<\/strong><\/p>\n<p><span style=\"color: black; background-color: white;\">Ah\u015fap ve benzeri malzemelerde hassas ve d\u00fczg\u00fcn kesimler yapmak i\u00e7in tasarlanm\u0131\u015f bir tezgah tipi g\u00f6nye testere modelidir. 1.500 W motor g\u00fcc\u00fc, 255 mm b\u0131\u00e7ak \u00e7ap\u0131na sahiptir. 90\u00b0 75&#215;130 mm ve 45\u00b0 75&#215;90 mm kesme kapasitesi ile \u00e7ok y\u00f6nl\u00fc ve hassas kesim imk\u00e2n\u0131 sa\u011flar. <\/span>Dakikada 4.200 bo\u015fta devire sahiptir. <span style=\"color: black; background-color: white;\"> Ergonomik tasar\u0131m\u0131, kompakt yap\u0131s\u0131 ve kolay ayar mekanizmalar\u0131 sayesinde hem profesyonel hem de amat\u00f6r kullan\u0131c\u0131lar i\u00e7in uygundur. Genellikle marangozluk, mobilya yap\u0131m\u0131 ve in\u015faat projelerinde tercih edilir.<\/span><\/p>\n<p><span style=\"color: red; background-color: white;\">Kullan\u0131m amac\u0131: <\/span><span style=\"color: black; background-color: white;\">Bu alet,ah\u015fap malzemede d\u00fcz ve g\u00f6nyeli hassas kesimler yapmak i\u00e7in tasarlanm\u0131\u015ft\u0131r. Uygun testere b\u0131\u00e7aklar\u0131 ile al\u00fcminyum da kesilebilir. <\/span><\/p>\n<p><u>\u00d6zellikleri:<\/u><\/p>\n<p><span style=\"color: red;\">G\u00fc\u00e7 Kayna\u011f\u0131:<\/span>Aletin,yaln\u0131zca isim levhas\u0131nda belirtilenle ayn\u0131 voltajl\u0131 g\u00fc\u00e7 kayna\u011f\u0131na ba\u011flanmas\u0131 gerekir ve yaln\u0131zca tek fazl\u0131 AC g\u00fc\u00e7 kayna\u011f\u0131yla \u00e7al\u0131\u015ft\u0131r\u0131labilir. \u00c7ifte yal\u0131t\u0131ml\u0131d\u0131r ve topraklamas\u0131z prizlerle de kullan\u0131labilir.<\/p>\n<ol>\n<li data-list=\"bullet\"><span class=\"ql-ui\" contenteditable=\"false\"><\/span>\u00c7ift yal\u0131t\u0131ml\u0131d\u0131r.<\/li>\n<li data-list=\"bullet\"><span class=\"ql-ui\" contenteditable=\"false\"><\/span>Elektrik freni mevcuttur.<\/li>\n<li data-list=\"bullet\"><span class=\"ql-ui\" contenteditable=\"false\"><\/span>45 derece sola a\u00e7\u0131l\u0131 kesme<\/li>\n<li data-list=\"bullet\"><span class=\"ql-ui\" contenteditable=\"false\"><\/span>Toz emme \u00fcnitesi mevcuttur.<\/li>\n<\/ol>\n<p><span style=\"color: rgb(33, 37, 41); background-color: white;\">S\u00fcrekli Ak\u0131m Giri\u015fi: 1.500W <\/span><\/p>\n<p><span style=\"color: rgb(33, 37, 41); background-color: white;\">Kapasite: 90\u00b0 75x130mm,45\u00b0 75x90mm<\/span><\/p>\n<p><span style=\"color: rgb(33, 37, 41); background-color: white;\">Testere \u00f6l\u00e7\u00fcleri: 255x30mm<\/span><\/p>\n<p><span style=\"color: rgb(33, 37, 41); background-color: white;\">Bo\u015fta devir: 4.200 devir\/dakika<\/span><\/p>\n<p><span style=\"color: rgb(33, 37, 41); background-color: white;\">Net a\u011f\u0131rl\u0131k: 14.7kg<\/span><\/p>\n<p><span style=\"color: rgb(33, 37, 41); background-color: white;\">Koli i\u00e7i adeti: 1<\/span><\/p>\n<table>\n<tr>\n<td>Net A\u011f\u0131rl\u0131k<\/td>\n<td>14.7kg<\/td>\n<\/tr>\n<tr>\n<td>Bo\u015fta Devir<\/td>\n<td>4.200 devir\/dakika<\/td>\n<\/tr>\n<tr>\n<td>S\u00fcrekli Ak\u0131m Giri\u015fi<\/td>\n<td>1.500W<\/td>\n<\/tr>\n<tr>\n<td>Kapasite<\/td>\n<td>90\u00b0 75x130mm,45\u00b0 75x90mm<\/td>\n<\/tr>\n<tr>\n<td>Koli \u0130\u00e7i Adedi<\/td>\n<td>1<\/td>\n<\/tr>\n<tr>\n<td>Testere \u00d6l\u00e7\u00fcleri<\/td>\n<td>255x30mm<\/td>\n<\/tr>\n<\/table>\n","protected":false},"excerpt":{"rendered":"<p><span style=\"color: black; background-color: white;\">Model MLS100N<\/span><\/p>\n<p><span style=\"color: black; background-color: white;\">G\u00f6nye Kesme Makinalar\u0131<\/span><\/p>\n<p><span style=\"color: black; background-color: white;\">1500 W \u2022 255 mm \u2022 4.200 dak\u207b\u00b9<\/span><\/p>\n<p><strong style=\"color: rgb(0, 112, 192); background-color: white;\">Ah\u015fap kesimi i\u00e7in tezgah tipi g\u00f6nye testere modeli<\/strong><\/p>\n<p><span style=\"color: black; background-color: white;\">Ah\u015fap ve benzeri malzemelerde hassas ve d\u00fczg\u00fcn kesimler yapmak i\u00e7in tasarlanm\u0131\u015f bir tezgah tipi g\u00f6nye testere modelidir. 1.500 W motor g\u00fcc\u00fc, 255 mm b\u0131\u00e7ak \u00e7ap\u0131na sahiptir. 90\u00b0 75&#215;130 mm ve 45\u00b0 75&#215;90 mm kesme kapasitesi ile \u00e7ok y\u00f6nl\u00fc ve hassas kesim imk\u00e2n\u0131 sa\u011flar. <\/span>Dakikada 4.200 bo\u015fta devire sahiptir. <span style=\"color: black; background-color: white;\"> Ergonomik tasar\u0131m\u0131, kompakt yap\u0131s\u0131 ve kolay ayar mekanizmalar\u0131 sayesinde hem profesyonel hem de amat\u00f6r kullan\u0131c\u0131lar i\u00e7in uygundur. Genellikle marangozluk, mobilya yap\u0131m\u0131 ve in\u015faat projelerinde tercih edilir.<\/span><\/p>\n<p><span style=\"color: red; background-color: white;\">Kullan\u0131m amac\u0131: <\/span><span style=\"color: black; background-color: white;\">Bu alet,ah\u015fap malzemede d\u00fcz ve g\u00f6nyeli hassas kesimler yapmak i\u00e7in tasarlanm\u0131\u015ft\u0131r. Uygun testere b\u0131\u00e7aklar\u0131 ile al\u00fcminyum da kesilebilir. <\/span><\/p>\n<p><u>\u00d6zellikleri:<\/u><\/p>\n<p><span style=\"color: red;\">G\u00fc\u00e7 Kayna\u011f\u0131:<\/span>Aletin,yaln\u0131zca isim levhas\u0131nda belirtilenle ayn\u0131 voltajl\u0131 g\u00fc\u00e7 kayna\u011f\u0131na ba\u011flanmas\u0131 gerekir ve yaln\u0131zca tek fazl\u0131 AC g\u00fc\u00e7 kayna\u011f\u0131yla \u00e7al\u0131\u015ft\u0131r\u0131labilir. \u00c7ifte yal\u0131t\u0131ml\u0131d\u0131r ve topraklamas\u0131z prizlerle de kullan\u0131labilir.<\/p>\n<ol>\n<li data-list=\"bullet\"><span class=\"ql-ui\" contenteditable=\"false\"><\/span>\u00c7ift yal\u0131t\u0131ml\u0131d\u0131r.<\/li>\n<li data-list=\"bullet\"><span class=\"ql-ui\" contenteditable=\"false\"><\/span>Elektrik freni mevcuttur.<\/li>\n<li data-list=\"bullet\"><span class=\"ql-ui\" contenteditable=\"false\"><\/span>45 derece sola a\u00e7\u0131l\u0131 kesme<\/li>\n<li data-list=\"bullet\"><span class=\"ql-ui\" contenteditable=\"false\"><\/span>Toz emme \u00fcnitesi mevcuttur.<\/li>\n<\/ol>\n<p><span style=\"color: rgb(33, 37, 41); background-color: white;\">S\u00fcrekli Ak\u0131m Giri\u015fi: 1.500W <\/span><\/p>\n<p><span style=\"color: rgb(33, 37, 41); background-color: white;\">Kapasite: 90\u00b0 75x130mm,45\u00b0 75x90mm<\/span><\/p>\n<p><span style=\"color: rgb(33, 37, 41); background-color: white;\">Testere \u00f6l\u00e7\u00fcleri: 255x30mm<\/span><\/p>\n<p><span style=\"color: rgb(33, 37, 41); background-color: white;\">Bo\u015fta devir: 4.200 devir\/dakika<\/span><\/p>\n<p><span style=\"color: rgb(33, 37, 41); background-color: white;\">Net a\u011f\u0131rl\u0131k: 14.7kg<\/span><\/p>\n<p><span style=\"color: rgb(33, 37, 41); background-color: white;\">Koli i\u00e7i adeti: 1<\/span><\/p>\n","protected":false},"featured_media":0,"comment_status":"open","ping_status":"closed","template":"","meta":{"_acf_changed":false},"product_brand":[1485],"product_cat":[1565],"product_tag":[],"class_list":{"0":"post-24401","1":"product","2":"type-product","3":"status-publish","5":"product_brand-makita","6":"product_cat-yok-yok","8":"first","9":"instock","10":"taxable","11":"shipping-taxable","12":"purchasable","13":"product-type-simple","14":"add-to-wishlist-after_add_to_cart"},"acf":[],"_links":{"self":[{"href":"https:\/\/www.makitamarket.com.tr\/site\/wp-json\/wp\/v2\/product\/24401","targetHints":{"allow":["GET"]}}],"collection":[{"href":"https:\/\/www.makitamarket.com.tr\/site\/wp-json\/wp\/v2\/product"}],"about":[{"href":"https:\/\/www.makitamarket.com.tr\/site\/wp-json\/wp\/v2\/types\/product"}],"replies":[{"embeddable":true,"href":"https:\/\/www.makitamarket.com.tr\/site\/wp-json\/wp\/v2\/comments?post=24401"}],"wp:attachment":[{"href":"https:\/\/www.makitamarket.com.tr\/site\/wp-json\/wp\/v2\/media?parent=24401"}],"wp:term":[{"taxonomy":"product_brand","embeddable":true,"href":"https:\/\/www.makitamarket.com.tr\/site\/wp-json\/wp\/v2\/product_brand?post=24401"},{"taxonomy":"product_cat","embeddable":true,"href":"https:\/\/www.makitamarket.com.tr\/site\/wp-json\/wp\/v2\/product_cat?post=24401"},{"taxonomy":"product_tag","embeddable":true,"href":"https:\/\/www.makitamarket.com.tr\/site\/wp-json\/wp\/v2\/product_tag?post=24401"}],"curies":[{"name":"wp","href":"https:\/\/api.w.org\/{rel}","templated":true}]}}