{"id":24402,"date":"2025-01-09T21:51:21","date_gmt":"2025-01-09T18:51:21","guid":{"rendered":"https:\/\/www.makitamarket.com.tr\/site\/urun\/makita-dml800-kafa-feneri-18v\/"},"modified":"2026-04-06T18:32:55","modified_gmt":"2026-04-06T15:32:55","slug":"makita-dml800-kafa-feneri-18v","status":"publish","type":"product","link":"https:\/\/www.makitamarket.com.tr\/site\/urun\/makita-dml800-kafa-feneri-18v\/","title":{"rendered":"Makita DML800 KAFA FENER\u0130 18V"},"content":{"rendered":"<p>Model DML800<\/p>\n<p>Kafa Feneri <\/p>\n<p>18V \u2022 2 000 lx<\/p>\n<p><span style=\"color: rgb(0, 112, 192);\">Parlak Kafa Feneri<\/span><\/p>\n<p>Ak\u00fc, lambadan ayr\u0131 olarak kemere tak\u0131labilir. 3.0Ah ile aral\u0131ks\u0131z 1980 dakika kullan\u0131labilir. <\/p>\n<p><u>\u00d6zellikleri:<\/u><\/p>\n<p>Ak\u00fcl\u00fc yap\u0131s\u0131 kullan\u0131c\u0131ya kablosuz kullan\u0131m imkan\u0131 sunar ve bu sayede kullan\u0131c\u0131lar geni\u015f alanlarda kablo s\u0131n\u0131rlamalar\u0131 olmadan rahat\u00e7a \u00e7al\u0131\u015fabilirler.<\/p>\n<p>L\u00fcmen:100<\/p>\n<p>Net a\u011f\u0131rl\u0131k: 0.771kg<\/p>\n<p>G\u00fc\u00e7-kapasite:18V\/1.5-6.0Ah\/Li-ion<\/p>\n<p>Ak\u00fc:BL1830-1860 aras\u0131<\/p>\n<p>\u015earj Cihaz\u0131: DC18RC<\/p>\n<p><span style=\"color: red;\">S\u00fcrekli Kullan\u0131m: 1980 dk 3.0Ah<\/span><\/p>\n<table>\n<tr>\n<td>S\u00fcrekli Kullan\u0131m<\/td>\n<td>1980 dk 3.0Ah<\/td>\n<\/tr>\n<tr>\n<td>Net A\u011f\u0131rl\u0131k<\/td>\n<td>0.771<\/td>\n<\/tr>\n<tr>\n<td>G\u00fc\u00e7-Kapasite<\/td>\n<td>18V\/1.5-6.0Ah\/Li-ion<\/td>\n<\/tr>\n<tr>\n<td>Ak\u00fc<\/td>\n<td>BL1830-1860 aras\u0131<\/td>\n<\/tr>\n<tr>\n<td>L\u00fcmen<\/td>\n<td>100<\/td>\n<\/tr>\n<tr>\n<td>\u015earj Cihaz\u0131<\/td>\n<td>DC18RC<\/td>\n<\/tr>\n<\/table>\n","protected":false},"excerpt":{"rendered":"<p>Model DML800<\/p>\n<p>Kafa Feneri <\/p>\n<p>18V \u2022 2 000 lx<\/p>\n<p><span style=\"color: rgb(0, 112, 192);\">Parlak Kafa Feneri<\/span><\/p>\n<p>Ak\u00fc, lambadan ayr\u0131 olarak kemere tak\u0131labilir. 3.0Ah ile aral\u0131ks\u0131z 1980 dakika kullan\u0131labilir. <\/p>\n<p><u>\u00d6zellikleri:<\/u><\/p>\n<p>Ak\u00fcl\u00fc yap\u0131s\u0131 kullan\u0131c\u0131ya kablosuz kullan\u0131m imkan\u0131 sunar ve bu sayede kullan\u0131c\u0131lar geni\u015f alanlarda kablo s\u0131n\u0131rlamalar\u0131 olmadan rahat\u00e7a \u00e7al\u0131\u015fabilirler.<\/p>\n<p>L\u00fcmen:100<\/p>\n<p>Net a\u011f\u0131rl\u0131k: 0.771kg<\/p>\n<p>G\u00fc\u00e7-kapasite:18V\/1.5-6.0Ah\/Li-ion<\/p>\n<p>Ak\u00fc:BL1830-1860 aras\u0131<\/p>\n<p>\u015earj Cihaz\u0131: DC18RC<\/p>\n<p><span style=\"color: red;\">S\u00fcrekli Kullan\u0131m: 1980 dk 3.0Ah<\/span><\/p>\n","protected":false},"featured_media":0,"comment_status":"open","ping_status":"closed","template":"","meta":{"_acf_changed":false},"product_brand":[1485],"product_cat":[1565],"product_tag":[],"class_list":{"0":"post-24402","1":"product","2":"type-product","3":"status-publish","5":"product_brand-makita","6":"product_cat-yok-yok","8":"first","9":"instock","10":"taxable","11":"shipping-taxable","12":"purchasable","13":"product-type-simple","14":"add-to-wishlist-after_add_to_cart"},"acf":[],"_links":{"self":[{"href":"https:\/\/www.makitamarket.com.tr\/site\/wp-json\/wp\/v2\/product\/24402","targetHints":{"allow":["GET"]}}],"collection":[{"href":"https:\/\/www.makitamarket.com.tr\/site\/wp-json\/wp\/v2\/product"}],"about":[{"href":"https:\/\/www.makitamarket.com.tr\/site\/wp-json\/wp\/v2\/types\/product"}],"replies":[{"embeddable":true,"href":"https:\/\/www.makitamarket.com.tr\/site\/wp-json\/wp\/v2\/comments?post=24402"}],"wp:attachment":[{"href":"https:\/\/www.makitamarket.com.tr\/site\/wp-json\/wp\/v2\/media?parent=24402"}],"wp:term":[{"taxonomy":"product_brand","embeddable":true,"href":"https:\/\/www.makitamarket.com.tr\/site\/wp-json\/wp\/v2\/product_brand?post=24402"},{"taxonomy":"product_cat","embeddable":true,"href":"https:\/\/www.makitamarket.com.tr\/site\/wp-json\/wp\/v2\/product_cat?post=24402"},{"taxonomy":"product_tag","embeddable":true,"href":"https:\/\/www.makitamarket.com.tr\/site\/wp-json\/wp\/v2\/product_tag?post=24402"}],"curies":[{"name":"wp","href":"https:\/\/api.w.org\/{rel}","templated":true}]}}