{"id":24405,"date":"2025-01-09T21:51:23","date_gmt":"2025-01-09T18:51:23","guid":{"rendered":"https:\/\/www.makitamarket.com.tr\/site\/urun\/makita-dhr183z-elektropnomatik-kirici-delici-18v\/"},"modified":"2026-04-06T18:31:56","modified_gmt":"2026-04-06T15:31:56","slug":"makita-dhr183z-elektropnomatik-kirici-delici-18v","status":"publish","type":"product","link":"https:\/\/www.makitamarket.com.tr\/site\/urun\/makita-dhr183z-elektropnomatik-kirici-delici-18v\/","title":{"rendered":"Makita DHR183Z ELEKTROPN\u00d6MAT\u0130K KIRICI-DEL\u0130C\u0130 18V"},"content":{"rendered":"<p>Model DHR183Z<\/p>\n<p>Elektropn\u00f6matik K\u0131r\u0131c\u0131-Delici<\/p>\n<p>18V, SDS-PLUS, 18 mm, 1,7 J<\/p>\n<p><span style=\"color: rgb(0, 176, 240);\">Elektropn\u00f6matik k\u0131r\u0131c\u0131 delici DHR183, 18V LXT\u00ae<\/span><\/p>\n<p>&nbsp;Li-Ion pil ile \u00e7al\u0131\u015fan ak\u00fcl\u00fc 18 mm SDS-PLUS elektropn\u00f6matik k\u0131r\u0131c\u0131 delici modelidir.<\/p>\n<p><span style=\"color: red;\">Kullan\u0131m amac\u0131: <\/span>Bu alet tu\u011fla, beton ve ta\u015f malzemelerde darbeli delme i\u015flemi i\u00e7in tasarlanm\u0131\u015ft\u0131r. Bu alet ah\u015fap, metal, seramik ve plastik malzemelerde darbesiz delme i\u015flemleri i\u00e7in uygundur.<\/p>\n<p><u>\u00d6zellikleri:<\/u><\/p>\n<p>18V, BL MOTOR<\/p>\n<p>BL Motor\/K\u00f6m\u00fcrs\u00fcz Motor mevcuttur. K\u00f6m\u00fcrs\u00fcz motor sayesinde \u00e7al\u0131\u015fma esnas\u0131nda olu\u015fan \u0131s\u0131 enerjisi kaybolmaz ve makinenin g\u00fcc\u00fcne iletilir.<\/p>\n<p>Ak\u00fcl\u00fc yap\u0131s\u0131 kullan\u0131c\u0131ya kablosuz kullan\u0131m imkan\u0131 sunar ve bu sayede kullan\u0131c\u0131lar geni\u015f alanlarda kablo s\u0131n\u0131rlamalar\u0131 olmadan rahat\u00e7a \u00e7al\u0131\u015fabilirler.<\/p>\n<ol>\n<li data-list=\"ordered\"><span class=\"ql-ui\" contenteditable=\"false\"><\/span>De\u011fi\u015fken h\u0131z \u00f6zelli\u011fi vard\u0131r.<\/li>\n<li data-list=\"ordered\"><span class=\"ql-ui\" contenteditable=\"false\"><\/span>Elektrik freni mevcuttur.<\/li>\n<li data-list=\"ordered\"><span class=\"ql-ui\" contenteditable=\"false\"><\/span>Sa\u011f-sol d\u00f6n\u00fc\u015f ayarl\u0131d\u0131r.<\/li>\n<li data-list=\"ordered\"><span class=\"ql-ui\" contenteditable=\"false\"><\/span>SDS-Plus tip ba\u011flant\u0131 \u00f6zellikli k\u0131r\u0131c\u0131 ve delici u\u00e7lar ile kullan\u0131l\u0131r.<\/li>\n<li data-list=\"ordered\"><span class=\"ql-ui\" contenteditable=\"false\"><\/span><span style=\"color: black;\">Sabit h\u0131z \u00f6zelli\u011fi vard\u0131r.<\/span><\/li>\n<li data-list=\"ordered\"><span class=\"ql-ui\" contenteditable=\"false\"><\/span>Toz emme \u00fcnitesi mevcuttur.<\/li>\n<li data-list=\"ordered\"><span class=\"ql-ui\" contenteditable=\"false\"><\/span>Led \u0131\u015f\u0131\u011f\u0131 vard\u0131r.<\/li>\n<li data-list=\"ordered\"><span class=\"ql-ui\" contenteditable=\"false\"><\/span>Plastik ta\u015f\u0131ma \u00e7antal\u0131d\u0131r.<\/li>\n<\/ol>\n<p>Kapasite: Beton:18mm*\u00c7elik:13mm*Ah\u015fap:24mm<\/p>\n<p>Bo\u015fta Devir:0-1.100 devir\/dk<\/p>\n<p>Darbe Say\u0131s\u0131:0-5.000 darbe\/dk<\/p>\n<p>Net a\u011f\u0131rl\u0131k:2.9kg<\/p>\n<p>G\u00fc\u00e7 Kapasite:18V\/3.0Ah\/Li-ion<\/p>\n<p>Ak\u00fc\/\u015earj Cihaz\u0131: BL1830B\/DC18RC<\/p>\n<p>Enerji:1.7 Joule<\/p>\n<p>Koli i\u00e7i adedi:1<\/p>\n<p><span style=\"color: red;\">Ambalaj i\u00e7eri\u011finde ak\u00fc ve ak\u00fc \u015farj cihaz\u0131 bulunmamaktad\u0131r.<\/span><\/p>\n<p><span style=\"color: red;\">1.5\/2.0\/3.0\/4.0\/5.0 Ah ak\u00fcl\u00fclerle uyumludur.<\/span><\/p>\n<table>\n<tr>\n<td>Ak\u00fc \/ \u015earj Cihaz\u0131<\/td>\n<td>BL1830B\/DC18RC<\/td>\n<\/tr>\n<tr>\n<td>Bo\u015fta Devir<\/td>\n<td>0-1.100 devir\/dk<\/td>\n<\/tr>\n<tr>\n<td>Kapasite<\/td>\n<td>18mm*\u00c7elik:13mm*Ah\u015fap:24mm<\/td>\n<\/tr>\n<tr>\n<td>Net A\u011f\u0131rl\u0131k (kg)<\/td>\n<td>2.9<\/td>\n<\/tr>\n<tr>\n<td>Darbe say\u0131s\u0131<\/td>\n<td>0-5.000 darbe\/dk<\/td>\n<\/tr>\n<tr>\n<td>Enerji<\/td>\n<td>1.7 Joule<\/td>\n<\/tr>\n<tr>\n<td>G\u00fc\u00e7 kapasite<\/td>\n<td>18V\/3.0Ah\/Li-ion<\/td>\n<\/tr>\n<tr>\n<td>Koli \u0130\u00e7i Adedi<\/td>\n<td>1<\/td>\n<\/tr>\n<\/table>\n","protected":false},"excerpt":{"rendered":"<p>Model DHR183Z<\/p>\n<p>Elektropn\u00f6matik K\u0131r\u0131c\u0131-Delici<\/p>\n<p>18V, SDS-PLUS, 18 mm, 1,7 J<\/p>\n<p><span style=\"color: rgb(0, 176, 240);\">Elektropn\u00f6matik k\u0131r\u0131c\u0131 delici DHR183, 18V LXT\u00ae<\/span><\/p>\n<p>&nbsp;Li-Ion pil ile \u00e7al\u0131\u015fan ak\u00fcl\u00fc 18 mm SDS-PLUS elektropn\u00f6matik k\u0131r\u0131c\u0131 delici modelidir.<\/p>\n<p><span style=\"color: red;\">Kullan\u0131m amac\u0131: <\/span>Bu alet tu\u011fla, beton ve ta\u015f malzemelerde darbeli delme i\u015flemi i\u00e7in tasarlanm\u0131\u015ft\u0131r. Bu alet ah\u015fap, metal, seramik ve plastik malzemelerde darbesiz delme i\u015flemleri i\u00e7in uygundur.<\/p>\n<p><u>\u00d6zellikleri:<\/u><\/p>\n<p>18V, BL MOTOR<\/p>\n<p>BL Motor\/K\u00f6m\u00fcrs\u00fcz Motor mevcuttur. K\u00f6m\u00fcrs\u00fcz motor sayesinde \u00e7al\u0131\u015fma esnas\u0131nda olu\u015fan \u0131s\u0131 enerjisi kaybolmaz ve makinenin g\u00fcc\u00fcne iletilir.<\/p>\n<p>Ak\u00fcl\u00fc yap\u0131s\u0131 kullan\u0131c\u0131ya kablosuz kullan\u0131m imkan\u0131 sunar ve bu sayede kullan\u0131c\u0131lar geni\u015f alanlarda kablo s\u0131n\u0131rlamalar\u0131 olmadan rahat\u00e7a \u00e7al\u0131\u015fabilirler.<\/p>\n<ol>\n<li data-list=\"ordered\"><span class=\"ql-ui\" contenteditable=\"false\"><\/span>De\u011fi\u015fken h\u0131z \u00f6zelli\u011fi vard\u0131r.<\/li>\n<li data-list=\"ordered\"><span class=\"ql-ui\" contenteditable=\"false\"><\/span>Elektrik freni mevcuttur.<\/li>\n<li data-list=\"ordered\"><span class=\"ql-ui\" contenteditable=\"false\"><\/span>Sa\u011f-sol d\u00f6n\u00fc\u015f ayarl\u0131d\u0131r.<\/li>\n<li data-list=\"ordered\"><span class=\"ql-ui\" contenteditable=\"false\"><\/span>SDS-Plus tip ba\u011flant\u0131 \u00f6zellikli k\u0131r\u0131c\u0131 ve delici u\u00e7lar ile kullan\u0131l\u0131r.<\/li>\n<li data-list=\"ordered\"><span class=\"ql-ui\" contenteditable=\"false\"><\/span><span style=\"color: black;\">Sabit h\u0131z \u00f6zelli\u011fi vard\u0131r.<\/span><\/li>\n<li data-list=\"ordered\"><span class=\"ql-ui\" contenteditable=\"false\"><\/span>Toz emme \u00fcnitesi mevcuttur.<\/li>\n<li data-list=\"ordered\"><span class=\"ql-ui\" contenteditable=\"false\"><\/span>Led \u0131\u015f\u0131\u011f\u0131 vard\u0131r.<\/li>\n<li data-list=\"ordered\"><span class=\"ql-ui\" contenteditable=\"false\"><\/span>Plastik ta\u015f\u0131ma \u00e7antal\u0131d\u0131r.<\/li>\n<\/ol>\n<p>Kapasite: Beton:18mm*\u00c7elik:13mm*Ah\u015fap:24mm<\/p>\n<p>Bo\u015fta Devir:0-1.100 devir\/dk<\/p>\n<p>Darbe Say\u0131s\u0131:0-5.000 darbe\/dk<\/p>\n<p>Net a\u011f\u0131rl\u0131k:2.9kg<\/p>\n<p>G\u00fc\u00e7 Kapasite:18V\/3.0Ah\/Li-ion<\/p>\n<p>Ak\u00fc\/\u015earj Cihaz\u0131: BL1830B\/DC18RC<\/p>\n<p>Enerji:1.7 Joule<\/p>\n<p>Koli i\u00e7i adedi:1<\/p>\n<p><span style=\"color: red;\">Ambalaj i\u00e7eri\u011finde ak\u00fc ve ak\u00fc \u015farj cihaz\u0131 bulunmamaktad\u0131r.<\/span><\/p>\n<p><span style=\"color: red;\">1.5\/2.0\/3.0\/4.0\/5.0 Ah ak\u00fcl\u00fclerle uyumludur.<\/span><\/p>\n","protected":false},"featured_media":0,"comment_status":"open","ping_status":"closed","template":"","meta":{"_acf_changed":false},"product_brand":[1485],"product_cat":[1565],"product_tag":[],"class_list":{"0":"post-24405","1":"product","2":"type-product","3":"status-publish","5":"product_brand-makita","6":"product_cat-yok-yok","8":"first","9":"instock","10":"taxable","11":"shipping-taxable","12":"purchasable","13":"product-type-simple","14":"add-to-wishlist-after_add_to_cart"},"acf":[],"_links":{"self":[{"href":"https:\/\/www.makitamarket.com.tr\/site\/wp-json\/wp\/v2\/product\/24405","targetHints":{"allow":["GET"]}}],"collection":[{"href":"https:\/\/www.makitamarket.com.tr\/site\/wp-json\/wp\/v2\/product"}],"about":[{"href":"https:\/\/www.makitamarket.com.tr\/site\/wp-json\/wp\/v2\/types\/product"}],"replies":[{"embeddable":true,"href":"https:\/\/www.makitamarket.com.tr\/site\/wp-json\/wp\/v2\/comments?post=24405"}],"wp:attachment":[{"href":"https:\/\/www.makitamarket.com.tr\/site\/wp-json\/wp\/v2\/media?parent=24405"}],"wp:term":[{"taxonomy":"product_brand","embeddable":true,"href":"https:\/\/www.makitamarket.com.tr\/site\/wp-json\/wp\/v2\/product_brand?post=24405"},{"taxonomy":"product_cat","embeddable":true,"href":"https:\/\/www.makitamarket.com.tr\/site\/wp-json\/wp\/v2\/product_cat?post=24405"},{"taxonomy":"product_tag","embeddable":true,"href":"https:\/\/www.makitamarket.com.tr\/site\/wp-json\/wp\/v2\/product_tag?post=24405"}],"curies":[{"name":"wp","href":"https:\/\/api.w.org\/{rel}","templated":true}]}}