{"id":24407,"date":"2025-01-09T21:51:24","date_gmt":"2025-01-09T18:51:24","guid":{"rendered":"https:\/\/www.makitamarket.com.tr\/site\/urun\/makita-dcc501zj-akulu-elmas-testere-18v\/"},"modified":"2026-04-06T18:32:09","modified_gmt":"2026-04-06T15:32:09","slug":"makita-dcc501zj-akulu-elmas-testere-18v","status":"publish","type":"product","link":"https:\/\/www.makitamarket.com.tr\/site\/urun\/makita-dcc501zj-akulu-elmas-testere-18v\/","title":{"rendered":"Makita DCC501ZJ AK\u00dcL\u00dc ELMAS TESTERE 18V"},"content":{"rendered":"<p>Model DCC501ZJ<\/p>\n<p>Ak\u00fcl\u00fc Elmas Testere<\/p>\n<p>18V \u2022 125 mm \u2022 8 800 dak\u207b\u00b9<\/p>\n<p><span style=\"color: rgb(0, 112, 192);\">Tozsuz kesim i\u00e7in etkili Ak\u00fcl\u00fc Elmas Testere<\/span><\/p>\n<p>BL motorlu LXT\u00ae g\u00fc\u00e7lendirilmi\u015f tozsuz kesici, y\u00fcksek g\u00fc\u00e7 ve m\u00fckemmel kesme performans\u0131 sa\u011flar. Art\u0131r\u0131lm\u0131\u015f manevra kabiliyeti vard\u0131r.Dakikada 8.800 bo\u015fta devire sahiptir.<\/p>\n<p><span style=\"color: red;\">Kullan\u0131m amac\u0131: <\/span>Alet, tu\u011fla ve betonu elmas disk ve su ile kesmek i\u00e7in tasarlanm\u0131\u015ft\u0131r.<\/p>\n<p><u>\u00d6zellikleri:<\/u><\/p>\n<p>18V,BL MOTOR,ADT<\/p>\n<p>BL Motor\/K\u00f6m\u00fcrs\u00fcz Motor mevcuttur. K\u00f6m\u00fcrs\u00fcz motor sayesinde \u00e7al\u0131\u015fma esnas\u0131nda olu\u015fan \u0131s\u0131 enerjisi kaybolmaz ve makinenin g\u00fcc\u00fcne iletilir.<\/p>\n<p>ADT(Otomatik Tork Ayar Teknolojisi);\u00e7al\u0131\u015fma \u015fartlar\u0131na g\u00f6re kesme h\u0131z\u0131 otomatik olarak ayarlan\u0131r.<\/p>\n<ol>\n<li data-list=\"bullet\"><span class=\"ql-ui\" contenteditable=\"false\"><\/span>Elektrik freni mevcuttur.<\/li>\n<li data-list=\"bullet\"><span class=\"ql-ui\" contenteditable=\"false\"><\/span>Yumu\u015fak ba\u015flama \u00f6zelli\u011fi mevcuttur.<\/li>\n<li data-list=\"bullet\"><span class=\"ql-ui\" contenteditable=\"false\"><\/span>45 derece sola a\u00e7\u0131l\u0131 kesme<\/li>\n<li data-list=\"bullet\"><span class=\"ql-ui\" contenteditable=\"false\"><\/span>Led \u0131\u015f\u0131\u011f\u0131 vard\u0131r.<\/li>\n<li data-list=\"bullet\"><span class=\"ql-ui\" contenteditable=\"false\"><\/span>Plastik ta\u015f\u0131ma \u00e7antal\u0131d\u0131r.<\/li>\n<\/ol>\n<p>B\u0131\u00e7ak \u00c7ap\u0131: 125mm<\/p>\n<p>Kapasite:Maks.Kesim:90\u00b0:40mm 45\u00b0:27mm<\/p>\n<p>Bo\u015fta devir:8800 devir\/dk<\/p>\n<p>A\u011f\u0131rl\u0131k:2.7kg<\/p>\n<p>G\u00fc\u00e7 Kapasite:18V\/4.0Ah\/Li-ion<\/p>\n<p>Ak\u00fc\/\u015earj cihaz\u0131:BL1830\/DC18RC<\/p>\n<p>Koli i\u00e7i adedi:1<\/p>\n<p><span style=\"color: red;\">Ambalaj i\u00e7eri\u011finde ak\u00fc ve ak\u00fc \u015farj cihaz\u0131 bulunmamaktad\u0131r.<\/span><\/p>\n<table>\n<tr>\n<td>Kapasite<\/td>\n<td>Maks.Kesim:90\u00b0:40mm 45\u00b0:27mm<\/td>\n<\/tr>\n<tr>\n<td>Bo\u015fta Devir<\/td>\n<td>8800 devir\/dk<\/td>\n<\/tr>\n<tr>\n<td>Ak\u00fc \/ \u015earj Cihaz\u0131<\/td>\n<td>BL1830\/DC18RC<\/td>\n<\/tr>\n<tr>\n<td>Net A\u011f\u0131rl\u0131k (kg)<\/td>\n<td>2.7<\/td>\n<\/tr>\n<tr>\n<td>G\u00fc\u00e7 kapasite<\/td>\n<td>18V\/4.0Ah\/Li-ion<\/td>\n<\/tr>\n<tr>\n<td>B\u0131\u00e7ak \u00e7ap\u0131<\/td>\n<td>125mm<\/td>\n<\/tr>\n<\/table>\n","protected":false},"excerpt":{"rendered":"<p>Model DCC501ZJ<\/p>\n<p>Ak\u00fcl\u00fc Elmas Testere<\/p>\n<p>18V \u2022 125 mm \u2022 8 800 dak\u207b\u00b9<\/p>\n<p><span style=\"color: rgb(0, 112, 192);\">Tozsuz kesim i\u00e7in etkili Ak\u00fcl\u00fc Elmas Testere<\/span><\/p>\n<p>BL motorlu LXT\u00ae g\u00fc\u00e7lendirilmi\u015f tozsuz kesici, y\u00fcksek g\u00fc\u00e7 ve m\u00fckemmel kesme performans\u0131 sa\u011flar. Art\u0131r\u0131lm\u0131\u015f manevra kabiliyeti vard\u0131r.Dakikada 8.800 bo\u015fta devire sahiptir.<\/p>\n<p><span style=\"color: red;\">Kullan\u0131m amac\u0131: <\/span>Alet, tu\u011fla ve betonu elmas disk ve su ile kesmek i\u00e7in tasarlanm\u0131\u015ft\u0131r.<\/p>\n<p><u>\u00d6zellikleri:<\/u><\/p>\n<p>18V,BL MOTOR,ADT<\/p>\n<p>BL Motor\/K\u00f6m\u00fcrs\u00fcz Motor mevcuttur. K\u00f6m\u00fcrs\u00fcz motor sayesinde \u00e7al\u0131\u015fma esnas\u0131nda olu\u015fan \u0131s\u0131 enerjisi kaybolmaz ve makinenin g\u00fcc\u00fcne iletilir.<\/p>\n<p>ADT(Otomatik Tork Ayar Teknolojisi);\u00e7al\u0131\u015fma \u015fartlar\u0131na g\u00f6re kesme h\u0131z\u0131 otomatik olarak ayarlan\u0131r.<\/p>\n<ol>\n<li data-list=\"bullet\"><span class=\"ql-ui\" contenteditable=\"false\"><\/span>Elektrik freni mevcuttur.<\/li>\n<li data-list=\"bullet\"><span class=\"ql-ui\" contenteditable=\"false\"><\/span>Yumu\u015fak ba\u015flama \u00f6zelli\u011fi mevcuttur.<\/li>\n<li data-list=\"bullet\"><span class=\"ql-ui\" contenteditable=\"false\"><\/span>45 derece sola a\u00e7\u0131l\u0131 kesme<\/li>\n<li data-list=\"bullet\"><span class=\"ql-ui\" contenteditable=\"false\"><\/span>Led \u0131\u015f\u0131\u011f\u0131 vard\u0131r.<\/li>\n<li data-list=\"bullet\"><span class=\"ql-ui\" contenteditable=\"false\"><\/span>Plastik ta\u015f\u0131ma \u00e7antal\u0131d\u0131r.<\/li>\n<\/ol>\n<p>B\u0131\u00e7ak \u00c7ap\u0131: 125mm<\/p>\n<p>Kapasite:Maks.Kesim:90\u00b0:40mm 45\u00b0:27mm<\/p>\n<p>Bo\u015fta devir:8800 devir\/dk<\/p>\n<p>A\u011f\u0131rl\u0131k:2.7kg<\/p>\n<p>G\u00fc\u00e7 Kapasite:18V\/4.0Ah\/Li-ion<\/p>\n<p>Ak\u00fc\/\u015earj cihaz\u0131:BL1830\/DC18RC<\/p>\n<p>Koli i\u00e7i adedi:1<\/p>\n<p><span style=\"color: red;\">Ambalaj i\u00e7eri\u011finde ak\u00fc ve ak\u00fc \u015farj cihaz\u0131 bulunmamaktad\u0131r.<\/span><\/p>\n","protected":false},"featured_media":0,"comment_status":"open","ping_status":"closed","template":"","meta":{"_acf_changed":false},"product_brand":[1485],"product_cat":[1565],"product_tag":[],"class_list":{"0":"post-24407","1":"product","2":"type-product","3":"status-publish","5":"product_brand-makita","6":"product_cat-yok-yok","8":"first","9":"instock","10":"taxable","11":"shipping-taxable","12":"purchasable","13":"product-type-simple","14":"add-to-wishlist-after_add_to_cart"},"acf":[],"_links":{"self":[{"href":"https:\/\/www.makitamarket.com.tr\/site\/wp-json\/wp\/v2\/product\/24407","targetHints":{"allow":["GET"]}}],"collection":[{"href":"https:\/\/www.makitamarket.com.tr\/site\/wp-json\/wp\/v2\/product"}],"about":[{"href":"https:\/\/www.makitamarket.com.tr\/site\/wp-json\/wp\/v2\/types\/product"}],"replies":[{"embeddable":true,"href":"https:\/\/www.makitamarket.com.tr\/site\/wp-json\/wp\/v2\/comments?post=24407"}],"wp:attachment":[{"href":"https:\/\/www.makitamarket.com.tr\/site\/wp-json\/wp\/v2\/media?parent=24407"}],"wp:term":[{"taxonomy":"product_brand","embeddable":true,"href":"https:\/\/www.makitamarket.com.tr\/site\/wp-json\/wp\/v2\/product_brand?post=24407"},{"taxonomy":"product_cat","embeddable":true,"href":"https:\/\/www.makitamarket.com.tr\/site\/wp-json\/wp\/v2\/product_cat?post=24407"},{"taxonomy":"product_tag","embeddable":true,"href":"https:\/\/www.makitamarket.com.tr\/site\/wp-json\/wp\/v2\/product_tag?post=24407"}],"curies":[{"name":"wp","href":"https:\/\/api.w.org\/{rel}","templated":true}]}}