{"id":24434,"date":"2025-01-10T21:05:35","date_gmt":"2025-01-10T18:05:35","guid":{"rendered":"https:\/\/www.makitamarket.com.tr\/site\/urun\/knipex-kut-uclu-cimbiz-5\/"},"modified":"2025-01-10T21:05:35","modified_gmt":"2025-01-10T18:05:35","slug":"knipex-kut-uclu-cimbiz-5","status":"publish","type":"product","link":"https:\/\/www.makitamarket.com.tr\/site\/urun\/knipex-kut-uclu-cimbiz-5\/","title":{"rendered":"Knipex K\u00dcT U\u00c7LU CIMBIZ"},"content":{"rendered":"<p><b>92 72 45 \u00dcniversal C\u0131mb\u0131z<\/b><br \/>\u00dcniversal C\u0131mb\u0131zlar, zorlu standart uygulamalar ve hassasiyet gerektiren i\u015fler i\u00e7in uygundur. Geni\u015f \u00fcr\u00fcn yelpazesi: d\u00fcz, a\u00e7\u0131l\u0131, kavrama u\u00e7lar\u0131 ve d\u00fcz veya t\u0131rt\u0131kl\u0131, i\u011fne u\u00e7lu, dar veya k\u00fct u\u00e7lu ve ayr\u0131ca farkl\u0131 uzunluklarda. Elektronik end\u00fcstrisi, saat\u00e7iler ve kuyumcular i\u00e7in. Y\u00fcksek kaliteli paslanmaz \u00e7elik: \u00e7e\u015fitli atmosferik ortamlara ve bir\u00e7ok a\u015f\u0131nd\u0131r\u0131c\u0131 malzemeye kar\u015f\u0131 y\u00fcksek dayan\u0131m ve \u00e7ok iyi korozyon direnci. <\/p>\n<li><b>Y\u00fczey: <\/b>mat<\/li>\n<li><b>U\u00e7lar geni\u015flik (A): <\/b>1,3 mm<\/li>\n<li><b>U\u00e7lar geni\u015flik (B): <\/b>2,7 mm<\/li>\n<li><b>C\u0131mb\u0131z ucu versiyonu: <\/b>K\u00fct \u015fekil<\/li>\n<li><b>Korozyona dayan\u0131kl\u0131: <\/b>evet \u00a0<\/li>\n<li><b>Asit direnci: <\/b>\u00e7ok iyi<\/li>\n<li><b>ESD onayl\u0131: <\/b>yok \u00a0<\/li>\n<li><b>VDE onayl\u0131: <\/b>yok \u00a0<\/li>\n<li><b>Bran\u015flar: <\/b>End\u00fcstri Elektronik<\/li>\n<li><b>Manyetik: <\/b>manyetize edilemez (%80)<\/li>\n<table>\n<tr>\n<td>Form<\/td>\n<td>A\u011f\u0131z y\u00fczeyleri di\u015fli<\/td>\n<\/tr>\n<tr>\n<td>\u00d6zellik<\/td>\n<td>Paslanmaz<\/td>\n<\/tr>\n<tr>\n<td>A\u011f\u0131rl\u0131k<\/td>\n<td>24 gr<\/td>\n<\/tr>\n<\/table>\n","protected":false},"excerpt":{"rendered":"<p><b>92 72 45 \u00dcniversal C\u0131mb\u0131z<\/b><br \/>\u00dcniversal C\u0131mb\u0131zlar, zorlu standart uygulamalar ve hassasiyet gerektiren i\u015fler i\u00e7in uygundur. Geni\u015f \u00fcr\u00fcn yelpazesi: d\u00fcz, a\u00e7\u0131l\u0131, kavrama u\u00e7lar\u0131 ve d\u00fcz veya t\u0131rt\u0131kl\u0131, i\u011fne u\u00e7lu, dar veya k\u00fct u\u00e7lu ve ayr\u0131ca farkl\u0131 uzunluklarda. Elektronik end\u00fcstrisi, saat\u00e7iler ve kuyumcular i\u00e7in. Y\u00fcksek kaliteli paslanmaz \u00e7elik: \u00e7e\u015fitli atmosferik ortamlara ve bir\u00e7ok a\u015f\u0131nd\u0131r\u0131c\u0131 malzemeye kar\u015f\u0131 y\u00fcksek dayan\u0131m ve \u00e7ok iyi korozyon direnci. <\/p>\n<li><b>Y\u00fczey: <\/b>mat<\/li>\n<li><b>U\u00e7lar geni\u015flik (A): <\/b>1,3 mm<\/li>\n<li><b>U\u00e7lar geni\u015flik (B): <\/b>2,7 mm<\/li>\n<li><b>C\u0131mb\u0131z ucu versiyonu: <\/b>K\u00fct \u015fekil<\/li>\n<li><b>Korozyona dayan\u0131kl\u0131: <\/b>evet \u00a0<\/li>\n<li><b>Asit direnci: <\/b>\u00e7ok iyi<\/li>\n<li><b>ESD onayl\u0131: <\/b>yok \u00a0<\/li>\n<li><b>VDE onayl\u0131: <\/b>yok \u00a0<\/li>\n<li><b>Bran\u015flar: <\/b>End\u00fcstri Elektronik<\/li>\n<li><b>Manyetik: <\/b>manyetize edilemez (%80)<\/li>\n","protected":false},"featured_media":16160,"comment_status":"open","ping_status":"closed","template":"","meta":{"_acf_changed":false},"product_brand":[],"product_cat":[1313],"product_tag":[],"class_list":{"0":"post-24434","1":"product","2":"type-product","3":"status-publish","4":"has-post-thumbnail","6":"product_cat-cimbizlar","8":"first","9":"instock","10":"taxable","11":"shipping-taxable","12":"purchasable","13":"product-type-simple","14":"add-to-wishlist-after_add_to_cart"},"acf":[],"_links":{"self":[{"href":"https:\/\/www.makitamarket.com.tr\/site\/wp-json\/wp\/v2\/product\/24434","targetHints":{"allow":["GET"]}}],"collection":[{"href":"https:\/\/www.makitamarket.com.tr\/site\/wp-json\/wp\/v2\/product"}],"about":[{"href":"https:\/\/www.makitamarket.com.tr\/site\/wp-json\/wp\/v2\/types\/product"}],"replies":[{"embeddable":true,"href":"https:\/\/www.makitamarket.com.tr\/site\/wp-json\/wp\/v2\/comments?post=24434"}],"wp:featuredmedia":[{"embeddable":true,"href":"https:\/\/www.makitamarket.com.tr\/site\/wp-json\/wp\/v2\/media\/16160"}],"wp:attachment":[{"href":"https:\/\/www.makitamarket.com.tr\/site\/wp-json\/wp\/v2\/media?parent=24434"}],"wp:term":[{"taxonomy":"product_brand","embeddable":true,"href":"https:\/\/www.makitamarket.com.tr\/site\/wp-json\/wp\/v2\/product_brand?post=24434"},{"taxonomy":"product_cat","embeddable":true,"href":"https:\/\/www.makitamarket.com.tr\/site\/wp-json\/wp\/v2\/product_cat?post=24434"},{"taxonomy":"product_tag","embeddable":true,"href":"https:\/\/www.makitamarket.com.tr\/site\/wp-json\/wp\/v2\/product_tag?post=24434"}],"curies":[{"name":"wp","href":"https:\/\/api.w.org\/{rel}","templated":true}]}}