{"id":24547,"date":"2025-07-12T00:00:40","date_gmt":"2025-07-11T21:00:40","guid":{"rendered":"https:\/\/www.makitamarket.com.tr\/site\/urun\/knipex-002120-elektro-takim-cantasi-20-parcali\/"},"modified":"2026-03-30T07:10:41","modified_gmt":"2026-03-30T04:10:41","slug":"knipex-002120-elektro-takim-cantasi-20-parcali","status":"publish","type":"product","link":"https:\/\/www.makitamarket.com.tr\/site\/urun\/knipex-002120-elektro-takim-cantasi-20-parcali\/","title":{"rendered":"Knipex 002120 ELEKTRO TAKIM \u00c7ANTASI 20 PAR\u00c7ALI"},"content":{"rendered":"<p><b>00 21 20 Tak\u0131m \u00e7antas\u0131 &#8220;Vision24&#8221; Elektrik sistemler<\/b><br \/>20 adet kaliteli marka tak\u0131mlarla donat\u0131lm\u0131\u015f k\u0131smen DIN EN\/IEC 60900 normuna g\u00f6re VDE kontroll\u00fc Maks. y\u00fck: 20 kg. Hacim: 24 litre. 60 mm derinli\u011fe sahip ve kullan\u0131c\u0131ya esnek d\u00fczenleme olana\u011f\u0131 sa\u011flayan taban teknesi ve alt\u0131 de\u011fi\u015fik tak\u0131m cebi. Tak\u0131mlar\u0131n kendi a\u011f\u0131rl\u0131\u011f\u0131na ra\u011fmen, sa\u011flam sabitleme mente\u015fesi gerek duyuldu\u011funda kapa\u011f\u0131 a\u00e7\u0131k tutar. 90\u00b0 a\u00e7\u0131 ile kilitlenebilen sa\u011flam, ergonomik tutamak. Taban taraf\u0131nda 15 alet cebine, alt\u0131 alet cebine ve kapak taraf\u0131nda bir d\u00fc\u011fme ile tutulan kelep\u00e7eli bir b\u00f6lmeye (400 mm geni\u015fli\u011finde) sahip \u00e7\u0131kar\u0131labilir alet panosu. \u0130ki adet kilitlenebilir \u00e7elik kilit, \u00e7anta i\u00e7indeki tak\u0131mlar\u0131 h\u0131rs\u0131zl\u0131\u011fa kar\u015f\u0131 korur. Etraf\u0131n\u0131 \u00e7evreleyen \u00e7ift al\u00fcminyum \u00e7er\u00e7eve. ABS malzemeden imal edilmi\u015f dayan\u0131kl\u0131 model, siyah. Kir tutmaz PP \u00e7ift cidarl\u0131 levhalardan yap\u0131lm\u0131\u015f kapak ve alet panolar\u0131. D\u0131\u015f boyutlar (G x Y x D): 480 x 380 x 180 mm; i\u00e7 boyutlar (G x Y x D): 460 x 310 x 170 mm. Con-Pearl\u00ae Tescilli markas\u0131d\u0131r friedola TECH GmbH. <br \/><b>Teslimat kapsam\u0131:<\/b> 1 x 12 40 200 KNIPEX Kendinden Ayarlamal\u0131 Kablo S\u0131y\u0131rma Pensesi (0,03 \u2013 10,0 mm\u00b2), 1 x 86 03 180 KNIPEX Ayarl\u0131 fort pense Pense ve anahtar bir alette birle\u015fmi\u015ftir (180 mm), 1 x 98 52 KNIPEX Kablo Kesme B\u0131\u00e7a\u011f\u0131 (190 mm), 1 x 95 16 200 KNIPEX Kablo Makas\u0131 \u00c7ift kesicili (\u00d8 20 mm \/ 70 mm\u00b2), 1 x 03 06 180 Knipex Kombine pense (180 mm), 1 x 87 03 250 KNIPEX Cobra\u00ae Hightech Fort Pense (250 mm), 1 x 98 24 01 SL KNIPEX Y\u0131ld\u0131z civatalar i\u00e7in tornavida (Slim) Phillips\u00ae (PH1 x 80 mm), 1 x 98 24 02 SL KNIPEX Y\u0131ld\u0131z civatalar i\u00e7in tornavida (Slim) Phillips\u00ae (PH2 x 100 mm), 1 x 98 25 01 SL KNIPEX Y\u0131ld\u0131z civatalar i\u00e7in tornavida (Slim) Pozidriv\u00ae (PZ1 x 80 mm), 1 x 98 25 02 SL KNIPEX Y\u0131ld\u0131z civatalar i\u00e7in tornavida (Slim) Pozidriv\u00ae (PZ2 x 100 mm), 1 x 98 20 25 KNIPEX D\u00fcz U\u00e7lu Tornavida (0,4 x 2,5 x 75 mm), 1 x 98 20 40 SL KNIPEX D\u00fcz civatalar i\u00e7in tornavida (Slim) (0,8 x 4 x 100 mm), 1 x 98 20 55 SL KNIPEX D\u00fcz civatalar i\u00e7in tornavida (Slim) (1,0 x 5,5 x 125 mm), 1 x 98 20 65 SL KNIPEX D\u00fcz civatalar i\u00e7in tornavida (Slim) (1,2 x 6,5 x 150 mm), 1 x 16 95 01 SB KNIPEX ErgoStrip\u00ae \u00dcniversal Kablo K\u0131l\u0131f\u0131 Soyma Aleti sa\u011f elini kullananlar i\u00e7in uygun versiyon (\u00d8 8,0 \u2013 13,0 mm), 1 x 70 06 160 Knipex Yan keski (160 mm), 1 x 74 06 200 Knipex A\u011f\u0131r Hizmet Yan Keski (200 mm), 1 x 26 16 200 Knipex Kargaburun (Leylek burnu tipi pense) (200 mm), 1 x 26 26 200 Knipex Kargaburun (Leylek burnu tipi pense) (200 mm), 1 x 005655 Wera Voltmetre, tek kutuplu 247 (0,5 x 3,0 x 70 mm),<\/p>\n<table><\/table>\n","protected":false},"excerpt":{"rendered":"<p><b>00 21 20 Tak\u0131m \u00e7antas\u0131 &#8220;Vision24&#8221; Elektrik sistemler<\/b><br \/>20 adet kaliteli marka tak\u0131mlarla donat\u0131lm\u0131\u015f k\u0131smen DIN EN\/IEC 60900 normuna g\u00f6re VDE kontroll\u00fc Maks. y\u00fck: 20 kg. Hacim: 24 litre. 60 mm derinli\u011fe sahip ve kullan\u0131c\u0131ya esnek d\u00fczenleme olana\u011f\u0131 sa\u011flayan taban teknesi ve alt\u0131 de\u011fi\u015fik tak\u0131m cebi. Tak\u0131mlar\u0131n kendi a\u011f\u0131rl\u0131\u011f\u0131na ra\u011fmen, sa\u011flam sabitleme mente\u015fesi gerek duyuldu\u011funda kapa\u011f\u0131 a\u00e7\u0131k tutar. 90\u00b0 a\u00e7\u0131 ile kilitlenebilen sa\u011flam, ergonomik tutamak. Taban taraf\u0131nda 15 alet cebine, alt\u0131 alet cebine ve kapak taraf\u0131nda bir d\u00fc\u011fme ile tutulan kelep\u00e7eli bir b\u00f6lmeye (400 mm geni\u015fli\u011finde) sahip \u00e7\u0131kar\u0131labilir alet panosu. \u0130ki adet kilitlenebilir \u00e7elik kilit, \u00e7anta i\u00e7indeki tak\u0131mlar\u0131 h\u0131rs\u0131zl\u0131\u011fa kar\u015f\u0131 korur. Etraf\u0131n\u0131 \u00e7evreleyen \u00e7ift al\u00fcminyum \u00e7er\u00e7eve. ABS malzemeden imal edilmi\u015f dayan\u0131kl\u0131 model, siyah. Kir tutmaz PP \u00e7ift cidarl\u0131 levhalardan yap\u0131lm\u0131\u015f kapak ve alet panolar\u0131. D\u0131\u015f boyutlar (G x Y x D): 480 x 380 x 180 mm; i\u00e7 boyutlar (G x Y x D): 460 x 310 x 170 mm. Con-Pearl\u00ae Tescilli markas\u0131d\u0131r friedola TECH GmbH. <br \/><b>Teslimat kapsam\u0131:<\/b> 1 x 12 40 200 KNIPEX Kendinden Ayarlamal\u0131 Kablo S\u0131y\u0131rma Pensesi (0,03 \u2013 10,0 mm\u00b2), 1 x 86 03 180 KNIPEX Ayarl\u0131 fort pense Pense ve anahtar bir alette birle\u015fmi\u015ftir (180 mm), 1 x 98 52 KNIPEX Kablo Kesme B\u0131\u00e7a\u011f\u0131 (190 mm), 1 x 95 16 200 KNIPEX Kablo Makas\u0131 \u00c7ift kesicili (\u00d8 20 mm \/ 70 mm\u00b2), 1 x 03 06 180 Knipex Kombine pense (180 mm), 1 x 87 03 250 KNIPEX Cobra\u00ae Hightech Fort Pense (250 mm), 1 x 98 24 01 SL KNIPEX Y\u0131ld\u0131z civatalar i\u00e7in tornavida (Slim) Phillips\u00ae (PH1 x 80 mm), 1 x 98 24 02 SL KNIPEX Y\u0131ld\u0131z civatalar i\u00e7in tornavida (Slim) Phillips\u00ae (PH2 x 100 mm), 1 x 98 25 01 SL KNIPEX Y\u0131ld\u0131z civatalar i\u00e7in tornavida (Slim) Pozidriv\u00ae (PZ1 x 80 mm), 1 x 98 25 02 SL KNIPEX Y\u0131ld\u0131z civatalar i\u00e7in tornavida (Slim) Pozidriv\u00ae (PZ2 x 100 mm), 1 x 98 20 25 KNIPEX D\u00fcz U\u00e7lu Tornavida (0,4 x 2,5 x 75 mm), 1 x 98 20 40 SL KNIPEX D\u00fcz civatalar i\u00e7in tornavida (Slim) (0,8 x 4 x 100 mm), 1 x 98 20 55 SL KNIPEX D\u00fcz civatalar i\u00e7in tornavida (Slim) (1,0 x 5,5 x 125 mm), 1 x 98 20 65 SL KNIPEX D\u00fcz civatalar i\u00e7in tornavida (Slim) (1,2 x 6,5 x 150 mm), 1 x 16 95 01 SB KNIPEX ErgoStrip\u00ae \u00dcniversal Kablo K\u0131l\u0131f\u0131 Soyma Aleti sa\u011f elini kullananlar i\u00e7in uygun versiyon (\u00d8 8,0 \u2013 13,0 mm), 1 x 70 06 160 Knipex Yan keski (160 mm), 1 x 74 06 200 Knipex A\u011f\u0131r Hizmet Yan Keski (200 mm), 1 x 26 16 200 Knipex Kargaburun (Leylek burnu tipi pense) (200 mm), 1 x 26 26 200 Knipex Kargaburun (Leylek burnu tipi pense) (200 mm), 1 x 005655 Wera Voltmetre, tek kutuplu 247 (0,5 x 3,0 x 70 mm),<\/p>\n","protected":false},"featured_media":8403,"comment_status":"open","ping_status":"closed","template":"","meta":{"_acf_changed":false},"product_brand":[1486],"product_cat":[734],"product_tag":[],"class_list":{"0":"post-24547","1":"product","2":"type-product","3":"status-publish","4":"has-post-thumbnail","6":"product_brand-knipex","7":"product_cat-plastik-takim-cantalari","9":"first","10":"instock","11":"taxable","12":"shipping-taxable","13":"purchasable","14":"product-type-simple","15":"add-to-wishlist-after_add_to_cart"},"acf":[],"_links":{"self":[{"href":"https:\/\/www.makitamarket.com.tr\/site\/wp-json\/wp\/v2\/product\/24547","targetHints":{"allow":["GET"]}}],"collection":[{"href":"https:\/\/www.makitamarket.com.tr\/site\/wp-json\/wp\/v2\/product"}],"about":[{"href":"https:\/\/www.makitamarket.com.tr\/site\/wp-json\/wp\/v2\/types\/product"}],"replies":[{"embeddable":true,"href":"https:\/\/www.makitamarket.com.tr\/site\/wp-json\/wp\/v2\/comments?post=24547"}],"wp:featuredmedia":[{"embeddable":true,"href":"https:\/\/www.makitamarket.com.tr\/site\/wp-json\/wp\/v2\/media\/8403"}],"wp:attachment":[{"href":"https:\/\/www.makitamarket.com.tr\/site\/wp-json\/wp\/v2\/media?parent=24547"}],"wp:term":[{"taxonomy":"product_brand","embeddable":true,"href":"https:\/\/www.makitamarket.com.tr\/site\/wp-json\/wp\/v2\/product_brand?post=24547"},{"taxonomy":"product_cat","embeddable":true,"href":"https:\/\/www.makitamarket.com.tr\/site\/wp-json\/wp\/v2\/product_cat?post=24547"},{"taxonomy":"product_tag","embeddable":true,"href":"https:\/\/www.makitamarket.com.tr\/site\/wp-json\/wp\/v2\/product_tag?post=24547"}],"curies":[{"name":"wp","href":"https:\/\/api.w.org\/{rel}","templated":true}]}}