{"id":24554,"date":"2025-07-12T00:06:21","date_gmt":"2025-07-11T21:06:21","guid":{"rendered":"https:\/\/www.makitamarket.com.tr\/site\/urun\/knipex-9749664-mc4-solar-kablo-konnektoru\/"},"modified":"2026-03-30T07:30:31","modified_gmt":"2026-03-30T04:30:31","slug":"knipex-9749664-mc4-solar-kablo-konnektoru","status":"publish","type":"product","link":"https:\/\/www.makitamarket.com.tr\/site\/urun\/knipex-9749664-mc4-solar-kablo-konnektoru\/","title":{"rendered":"Knipex 9749664 MC4 SOLAR KABLO KONNEKT\u00d6R\u00dc"},"content":{"rendered":"<p><b>97 49 66 S\u0131kma profili<\/b><br \/> Uygulama: G\u00fcne\u015f kablosu konekt\u00f6rleri MC4 (Multi-Contact) 2,5 &#8211; 6,0 mm\u00b2. <\/p>\n<li><b>Uygulama: <\/b>Solar konekt\u00f6r MC4 (Multi-Contact)<\/li>\n<li><b>Kapasite milimetrekare: <\/b>2,5 \/ 4 \/ 6 mm\u00b2<\/li>\n<li><b>Yuva say\u0131s\u0131: <\/b>3<\/li>\n<li><b>AWG: <\/b>14 \/ 12 \/ 10 <\/li>\n<table>\n<tr>\n<td>A\u00e7\u0131klama<\/td>\n<td>Solar Kablo MC4<\/td>\n<\/tr>\n<\/table>\n","protected":false},"excerpt":{"rendered":"<p><b>97 49 66 S\u0131kma profili<\/b><br \/> Uygulama: G\u00fcne\u015f kablosu konekt\u00f6rleri MC4 (Multi-Contact) 2,5 &#8211; 6,0 mm\u00b2. <\/p>\n<li><b>Uygulama: <\/b>Solar konekt\u00f6r MC4 (Multi-Contact)<\/li>\n<li><b>Kapasite milimetrekare: <\/b>2,5 \/ 4 \/ 6 mm\u00b2<\/li>\n<li><b>Yuva say\u0131s\u0131: <\/b>3<\/li>\n<li><b>AWG: <\/b>14 \/ 12 \/ 10 <\/li>\n","protected":false},"featured_media":9482,"comment_status":"open","ping_status":"closed","template":"","meta":{"_acf_changed":false},"product_brand":[1486],"product_cat":[852],"product_tag":[],"class_list":{"0":"post-24554","1":"product","2":"type-product","3":"status-publish","4":"has-post-thumbnail","6":"product_brand-knipex","7":"product_cat-kablo-yuksuk-ve-pabuc-sikmalar","9":"first","10":"instock","11":"taxable","12":"shipping-taxable","13":"purchasable","14":"product-type-simple","15":"add-to-wishlist-after_add_to_cart"},"acf":[],"_links":{"self":[{"href":"https:\/\/www.makitamarket.com.tr\/site\/wp-json\/wp\/v2\/product\/24554","targetHints":{"allow":["GET"]}}],"collection":[{"href":"https:\/\/www.makitamarket.com.tr\/site\/wp-json\/wp\/v2\/product"}],"about":[{"href":"https:\/\/www.makitamarket.com.tr\/site\/wp-json\/wp\/v2\/types\/product"}],"replies":[{"embeddable":true,"href":"https:\/\/www.makitamarket.com.tr\/site\/wp-json\/wp\/v2\/comments?post=24554"}],"wp:featuredmedia":[{"embeddable":true,"href":"https:\/\/www.makitamarket.com.tr\/site\/wp-json\/wp\/v2\/media\/9482"}],"wp:attachment":[{"href":"https:\/\/www.makitamarket.com.tr\/site\/wp-json\/wp\/v2\/media?parent=24554"}],"wp:term":[{"taxonomy":"product_brand","embeddable":true,"href":"https:\/\/www.makitamarket.com.tr\/site\/wp-json\/wp\/v2\/product_brand?post=24554"},{"taxonomy":"product_cat","embeddable":true,"href":"https:\/\/www.makitamarket.com.tr\/site\/wp-json\/wp\/v2\/product_cat?post=24554"},{"taxonomy":"product_tag","embeddable":true,"href":"https:\/\/www.makitamarket.com.tr\/site\/wp-json\/wp\/v2\/product_tag?post=24554"}],"curies":[{"name":"wp","href":"https:\/\/api.w.org\/{rel}","templated":true}]}}