{"id":24555,"date":"2025-07-12T00:07:04","date_gmt":"2025-07-11T21:07:04","guid":{"rendered":"https:\/\/www.makitamarket.com.tr\/site\/urun\/makita-uh5580-elektrikli-cit-budama-670w\/"},"modified":"2025-11-16T05:09:36","modified_gmt":"2025-11-16T02:09:36","slug":"makita-uh5580-elektrikli-cit-budama-670w","status":"publish","type":"product","link":"https:\/\/www.makitamarket.com.tr\/site\/urun\/makita-uh5580-elektrikli-cit-budama-670w\/","title":{"rendered":"Makita UH5580 ELEKTR\u0130KL\u0130 \u00c7\u0130T BUDAMA 670W"},"content":{"rendered":"<p>Model UH5580<\/p>\n<p>Elektrikli \u00c7it Budama<\/p>\n<p>\u2022 670 W \u2022550 mm \u2022 18 mm<\/p>\n<p><strong style=\"color: rgb(0, 112, 192);\">Y\u00fcksek Performansl\u0131 Elektrikli \u00c7it Budama<\/strong><\/p>\n<p>\u00c7it budamak ve peyzaj d\u00fczenleme i\u015flemleri i\u00e7in tasarlanm\u0131\u015f g\u00fc\u00e7l\u00fc ve dayan\u0131kl\u0131 bir elektrikli \u00e7it budama modelidir. <strong>670 W motor g\u00fcc\u00fc<\/strong> ve <strong>550 mm b\u0131\u00e7ak uzunlu\u011fu<\/strong> ile verimli bi\u00e7im sa\u011flar. Dakikada 3.000 var-gel say\u0131s\u0131na sahiptir.18mm di\u015f aral\u0131\u011f\u0131 vard\u0131r. <strong>Ergonomik tasar\u0131m\u0131<\/strong> ve <strong>d\u00fc\u015f\u00fck titre\u015fim seviyesi<\/strong>, uzun s\u00fcreli kullan\u0131mda konfor sunar.<\/p>\n<p><span style=\"color: red;\">Kullan\u0131m amac\u0131: <\/span>Bu alet \u00e7it budamak i\u00e7in tasarlanm\u0131\u015ft\u0131r.<\/p>\n<p><u>\u00d6zellikleri:<\/u><\/p>\n<p><span style=\"color: red;\">G\u00fc\u00e7 Kayna\u011f\u0131: <\/span>Aletin, yaln\u0131zca isim levhas\u0131nda belirtilenle ayn\u0131 voltajl\u0131 g\u00fc\u00e7 kayna\u011f\u0131na ba\u011flanmas\u0131 gerekir ve yaln\u0131zca tek fazl\u0131 AC g\u00fc\u00e7 kayna\u011f\u0131yla \u00e7al\u0131\u015ft\u0131r\u0131labilir. \u00c7ifte yal\u0131t\u0131ml\u0131d\u0131r ve topraklamas\u0131z prizlerle de kullan\u0131labilir.<\/p>\n<ol>\n<li data-list=\"bullet\"><span class=\"ql-ui\" contenteditable=\"false\"><\/span>Elektrik freni mevcuttur.<\/li>\n<li data-list=\"bullet\"><span class=\"ql-ui\" contenteditable=\"false\"><\/span>\u00c7ift yal\u0131t\u0131ml\u0131d\u0131r.<\/li>\n<li data-list=\"bullet\"><span class=\"ql-ui\" contenteditable=\"false\"><\/span>Tork s\u0131n\u0131rlay\u0131c\u0131 \u00f6zelli\u011fi vard\u0131r.<\/li>\n<\/ol>\n<table>\n<tr>\n<td>S\u00fcrekli Ak\u0131m Giri\u015fi<\/td>\n<td>670W<\/td>\n<\/tr>\n<tr>\n<td>B\u0131\u00e7ak Uzunlu\u011fu<\/td>\n<td>550 mm<\/td>\n<\/tr>\n<tr>\n<td>Vargel Say\u0131s\u0131<\/td>\n<td>3.000 v\/dk<\/td>\n<\/tr>\n<tr>\n<td>\u00d6l\u00e7\u00fcler (LxWxH)<\/td>\n<td>970x223x206mm<\/td>\n<\/tr>\n<tr>\n<td>Kablo Uzunlu\u011fu<\/td>\n<td>0,3m<\/td>\n<\/tr>\n<tr>\n<td>Di\u015f aral\u0131\u011f\u0131<\/td>\n<td>18 mm<\/td>\n<\/tr>\n<tr>\n<td>Net A\u011f\u0131rl\u0131k<\/td>\n<td>4.2 kg<\/td>\n<\/tr>\n<tr>\n<td>Ses D\u00fczeyi<\/td>\n<td>86.5dBA<\/td>\n<\/tr>\n<tr>\n<td>Titre\u015fim<\/td>\n<td>4.4m\/s2<\/td>\n<\/tr>\n<\/table>\n","protected":false},"excerpt":{"rendered":"<p>Model UH5580<\/p>\n<p>Elektrikli \u00c7it Budama<\/p>\n<p>\u2022 670 W \u2022550 mm \u2022 18 mm<\/p>\n<p><strong style=\"color: rgb(0, 112, 192);\">Y\u00fcksek Performansl\u0131 Elektrikli \u00c7it Budama<\/strong><\/p>\n<p>\u00c7it budamak ve peyzaj d\u00fczenleme i\u015flemleri i\u00e7in tasarlanm\u0131\u015f g\u00fc\u00e7l\u00fc ve dayan\u0131kl\u0131 bir elektrikli \u00e7it budama modelidir. <strong>670 W motor g\u00fcc\u00fc<\/strong> ve <strong>550 mm b\u0131\u00e7ak uzunlu\u011fu<\/strong> ile verimli bi\u00e7im sa\u011flar. Dakikada 3.000 var-gel say\u0131s\u0131na sahiptir.18mm di\u015f aral\u0131\u011f\u0131 vard\u0131r. <strong>Ergonomik tasar\u0131m\u0131<\/strong> ve <strong>d\u00fc\u015f\u00fck titre\u015fim seviyesi<\/strong>, uzun s\u00fcreli kullan\u0131mda konfor sunar.<\/p>\n<p><span style=\"color: red;\">Kullan\u0131m amac\u0131: <\/span>Bu alet \u00e7it budamak i\u00e7in tasarlanm\u0131\u015ft\u0131r.<\/p>\n<p><u>\u00d6zellikleri:<\/u><\/p>\n<p><span style=\"color: red;\">G\u00fc\u00e7 Kayna\u011f\u0131: <\/span>Aletin, yaln\u0131zca isim levhas\u0131nda belirtilenle ayn\u0131 voltajl\u0131 g\u00fc\u00e7 kayna\u011f\u0131na ba\u011flanmas\u0131 gerekir ve yaln\u0131zca tek fazl\u0131 AC g\u00fc\u00e7 kayna\u011f\u0131yla \u00e7al\u0131\u015ft\u0131r\u0131labilir. \u00c7ifte yal\u0131t\u0131ml\u0131d\u0131r ve topraklamas\u0131z prizlerle de kullan\u0131labilir.<\/p>\n<ol>\n<li data-list=\"bullet\"><span class=\"ql-ui\" contenteditable=\"false\"><\/span>Elektrik freni mevcuttur.<\/li>\n<li data-list=\"bullet\"><span class=\"ql-ui\" contenteditable=\"false\"><\/span>\u00c7ift yal\u0131t\u0131ml\u0131d\u0131r.<\/li>\n<li data-list=\"bullet\"><span class=\"ql-ui\" contenteditable=\"false\"><\/span>Tork s\u0131n\u0131rlay\u0131c\u0131 \u00f6zelli\u011fi vard\u0131r.<\/li>\n<\/ol>\n","protected":false},"featured_media":9684,"comment_status":"open","ping_status":"closed","template":"","meta":{"_acf_changed":false},"product_brand":[1485],"product_cat":[994],"product_tag":[],"class_list":{"0":"post-24555","1":"product","2":"type-product","3":"status-publish","4":"has-post-thumbnail","6":"product_brand-makita","7":"product_cat-elektrikli-cit-budama-makinalari","9":"first","10":"outofstock","11":"taxable","12":"shipping-taxable","13":"purchasable","14":"product-type-simple","15":"add-to-wishlist-after_add_to_cart"},"acf":[],"_links":{"self":[{"href":"https:\/\/www.makitamarket.com.tr\/site\/wp-json\/wp\/v2\/product\/24555","targetHints":{"allow":["GET"]}}],"collection":[{"href":"https:\/\/www.makitamarket.com.tr\/site\/wp-json\/wp\/v2\/product"}],"about":[{"href":"https:\/\/www.makitamarket.com.tr\/site\/wp-json\/wp\/v2\/types\/product"}],"replies":[{"embeddable":true,"href":"https:\/\/www.makitamarket.com.tr\/site\/wp-json\/wp\/v2\/comments?post=24555"}],"wp:featuredmedia":[{"embeddable":true,"href":"https:\/\/www.makitamarket.com.tr\/site\/wp-json\/wp\/v2\/media\/9684"}],"wp:attachment":[{"href":"https:\/\/www.makitamarket.com.tr\/site\/wp-json\/wp\/v2\/media?parent=24555"}],"wp:term":[{"taxonomy":"product_brand","embeddable":true,"href":"https:\/\/www.makitamarket.com.tr\/site\/wp-json\/wp\/v2\/product_brand?post=24555"},{"taxonomy":"product_cat","embeddable":true,"href":"https:\/\/www.makitamarket.com.tr\/site\/wp-json\/wp\/v2\/product_cat?post=24555"},{"taxonomy":"product_tag","embeddable":true,"href":"https:\/\/www.makitamarket.com.tr\/site\/wp-json\/wp\/v2\/product_tag?post=24555"}],"curies":[{"name":"wp","href":"https:\/\/api.w.org\/{rel}","templated":true}]}}