{"id":24578,"date":"2025-07-12T00:30:40","date_gmt":"2025-07-11T21:30:40","guid":{"rendered":"https:\/\/www.makitamarket.com.tr\/site\/urun\/knipex-0306200-vde-kombine-pense-200-mm\/"},"modified":"2026-03-30T08:54:27","modified_gmt":"2026-03-30T05:54:27","slug":"knipex-0306200-vde-kombine-pense-200-mm","status":"publish","type":"product","link":"https:\/\/www.makitamarket.com.tr\/site\/urun\/knipex-0306200-vde-kombine-pense-200-mm\/","title":{"rendered":"Knipex 0306200 VDE KOMB\u0130NE PENSE 200 mm"},"content":{"rendered":"<p><b>03 06 200 Kombine pense<\/b><br \/>\u00c7ok ama\u00e7l\u0131 kullan\u0131m i\u00e7in, yass\u0131 ve yuvarlak malzeme kavrama b\u00f6lgeleri. Yumu\u015fak ve sert tel i\u00e7in uygun kesiciler. Kal\u0131n kablolar i\u00e7in uzun kesici \u00e7ene. Kesicilere ek olarak ind\u00fcksiyon sertle\u015ftirme uygulanm\u0131\u015ft\u0131r, kesici sertli\u011fi yakl. 60 HRC. <\/p>\n<li><b>Orta sert tel kesme de\u011feri (\u00e7ap): <\/b>\u00d8 3,8 mm<\/li>\n<li><b>Yumu\u015fak tel kesme de\u011feri (\u00e7ap): <\/b>\u00d8 2,5 mm<\/li>\n<li><b>Bak\u0131r kablo kesim de\u011feri, \u00e7ok telli: <\/b>\u00d8 13,0 mm<\/li>\n<li><b>Bak\u0131r kablo kesim de\u011feri, \u00e7ok telli: <\/b>16,0 mm\u00b2<\/li>\n<li><b>VDE onayl\u0131: <\/b>evet \u00a0<\/li>\n<table>\n<tr>\n<td>Uzunluk<\/td>\n<td>200<\/td>\n<\/tr>\n<tr>\n<td>Kafa<\/td>\n<td>Krom<\/td>\n<\/tr>\n<tr>\n<td>Sap<\/td>\n<td>Sos \u0130zole Sar\u0131-K\u0131rm\u0131z\u0131 \u00c7ift Bile\u015fimli<\/td>\n<\/tr>\n<tr>\n<td>Orta Sert Tel<\/td>\n<td>3.8 \u00f8mm<\/td>\n<\/tr>\n<tr>\n<td>Sert Tel<\/td>\n<td>2.5 \u00f8mm<\/td>\n<\/tr>\n<tr>\n<td>\u00c7ok \u0130letkenli Kablo<\/td>\n<td>13,0\u00f8mm, 16mm\u00b2<\/td>\n<\/tr>\n<tr>\n<td>A\u011f\u0131rl\u0131k<\/td>\n<td>326 gr<\/td>\n<\/tr>\n<\/table>\n","protected":false},"excerpt":{"rendered":"<p><b>03 06 200 Kombine pense<\/b><br \/>\u00c7ok ama\u00e7l\u0131 kullan\u0131m i\u00e7in, yass\u0131 ve yuvarlak malzeme kavrama b\u00f6lgeleri. Yumu\u015fak ve sert tel i\u00e7in uygun kesiciler. Kal\u0131n kablolar i\u00e7in uzun kesici \u00e7ene. Kesicilere ek olarak ind\u00fcksiyon sertle\u015ftirme uygulanm\u0131\u015ft\u0131r, kesici sertli\u011fi yakl. 60 HRC. <\/p>\n<li><b>Orta sert tel kesme de\u011feri (\u00e7ap): <\/b>\u00d8 3,8 mm<\/li>\n<li><b>Yumu\u015fak tel kesme de\u011feri (\u00e7ap): <\/b>\u00d8 2,5 mm<\/li>\n<li><b>Bak\u0131r kablo kesim de\u011feri, \u00e7ok telli: <\/b>\u00d8 13,0 mm<\/li>\n<li><b>Bak\u0131r kablo kesim de\u011feri, \u00e7ok telli: <\/b>16,0 mm\u00b2<\/li>\n<li><b>VDE onayl\u0131: <\/b>evet \u00a0<\/li>\n","protected":false},"featured_media":14470,"comment_status":"open","ping_status":"closed","template":"","meta":{"_acf_changed":false},"product_brand":[1486],"product_cat":[1231],"product_tag":[],"class_list":{"0":"post-24578","1":"product","2":"type-product","3":"status-publish","4":"has-post-thumbnail","6":"product_brand-knipex","7":"product_cat-kombine-penseler","9":"first","10":"outofstock","11":"taxable","12":"shipping-taxable","13":"purchasable","14":"product-type-simple","15":"add-to-wishlist-after_add_to_cart"},"acf":[],"_links":{"self":[{"href":"https:\/\/www.makitamarket.com.tr\/site\/wp-json\/wp\/v2\/product\/24578","targetHints":{"allow":["GET"]}}],"collection":[{"href":"https:\/\/www.makitamarket.com.tr\/site\/wp-json\/wp\/v2\/product"}],"about":[{"href":"https:\/\/www.makitamarket.com.tr\/site\/wp-json\/wp\/v2\/types\/product"}],"replies":[{"embeddable":true,"href":"https:\/\/www.makitamarket.com.tr\/site\/wp-json\/wp\/v2\/comments?post=24578"}],"wp:featuredmedia":[{"embeddable":true,"href":"https:\/\/www.makitamarket.com.tr\/site\/wp-json\/wp\/v2\/media\/14470"}],"wp:attachment":[{"href":"https:\/\/www.makitamarket.com.tr\/site\/wp-json\/wp\/v2\/media?parent=24578"}],"wp:term":[{"taxonomy":"product_brand","embeddable":true,"href":"https:\/\/www.makitamarket.com.tr\/site\/wp-json\/wp\/v2\/product_brand?post=24578"},{"taxonomy":"product_cat","embeddable":true,"href":"https:\/\/www.makitamarket.com.tr\/site\/wp-json\/wp\/v2\/product_cat?post=24578"},{"taxonomy":"product_tag","embeddable":true,"href":"https:\/\/www.makitamarket.com.tr\/site\/wp-json\/wp\/v2\/product_tag?post=24578"}],"curies":[{"name":"wp","href":"https:\/\/api.w.org\/{rel}","templated":true}]}}