{"id":24588,"date":"2025-07-12T00:36:07","date_gmt":"2025-07-11T21:36:07","guid":{"rendered":"https:\/\/www.makitamarket.com.tr\/site\/urun\/knipex-001103-knipex-00-11-03-kumanda-dolabi-anahtari\/"},"modified":"2026-04-06T15:25:49","modified_gmt":"2026-04-06T12:25:49","slug":"knipex-001103-knipex-00-11-03-kumanda-dolabi-anahtari","status":"publish","type":"product","link":"https:\/\/www.makitamarket.com.tr\/site\/urun\/knipex-001103-knipex-00-11-03-kumanda-dolabi-anahtari\/","title":{"rendered":"Knipex 001103 KNIPEX 00 11 03 KUMANDA DOLABI ANAHTARI"},"content":{"rendered":"<p><b>00 11 03 Kumanda Dolab\u0131 Anahtarlari<\/b><br \/>Binalarda klima ve havaland\u0131rma sistemleri, kesme valfleri, \u015febeke \u015falt panolar\u0131 vs. gibi teknik sistemler i\u00e7in Bit eleman: D\u00fcz yar\u0131k 1,0 x 7 mm ve y\u0131ld\u0131z PH2. 1\/4&#8243; Bits i\u00e7in zincire tak\u0131l\u0131 adapt\u00f6r ile. Uzun model, toplam kol uzunlu\u011fu: 72 mm. Ek kare 5 mm. <\/p>\n<li><b>\u00c7ift sakal kapasitesi: <\/b>3 \u2013 5 mm<\/li>\n<li><b>D\u00f6rt k\u00f6\u015fe mm kapasitesi: <\/b>5,0 \/ 6,0 \/ 8,0 mm<\/li>\n<li><b>Kapasite \u00fc\u00e7gen: <\/b>7,0 \/ 9,0 mm<\/li>\n<li><b>: <\/b>1\/4 in14<\/li>\n<table>\n<tr>\n<td>A\u011f\u0131rl\u0131k<\/td>\n<td>88 gr<\/td>\n<\/tr>\n<tr>\n<td>\u00d6l\u00e7\u00fc<\/td>\n<td>76 mm<\/td>\n<\/tr>\n<tr>\n<td>D\u00f6rt K\u00f6\u015fe Kapasitesi<\/td>\n<td>5\/6\/8 \u00f8 mm<\/td>\n<\/tr>\n<tr>\n<td>\u00dc\u00e7gen Kapasite<\/td>\n<td>9 \u00f8 mm<\/td>\n<\/tr>\n<tr>\n<td>\u00c7ift Sakal Kapasite<\/td>\n<td>3-5 \u00f8 mm<\/td>\n<\/tr>\n<\/table>\n","protected":false},"excerpt":{"rendered":"<p><b>00 11 03 Kumanda Dolab\u0131 Anahtarlari<\/b><br \/>Binalarda klima ve havaland\u0131rma sistemleri, kesme valfleri, \u015febeke \u015falt panolar\u0131 vs. gibi teknik sistemler i\u00e7in Bit eleman: D\u00fcz yar\u0131k 1,0 x 7 mm ve y\u0131ld\u0131z PH2. 1\/4&#8243; Bits i\u00e7in zincire tak\u0131l\u0131 adapt\u00f6r ile. Uzun model, toplam kol uzunlu\u011fu: 72 mm. Ek kare 5 mm. <\/p>\n<li><b>\u00c7ift sakal kapasitesi: <\/b>3 \u2013 5 mm<\/li>\n<li><b>D\u00f6rt k\u00f6\u015fe mm kapasitesi: <\/b>5,0 \/ 6,0 \/ 8,0 mm<\/li>\n<li><b>Kapasite \u00fc\u00e7gen: <\/b>7,0 \/ 9,0 mm<\/li>\n<li><b>: <\/b>1\/4 in14<\/li>\n","protected":false},"featured_media":15554,"comment_status":"open","ping_status":"closed","template":"","meta":{"_acf_changed":false},"product_brand":[1486],"product_cat":[1301],"product_tag":[],"class_list":{"0":"post-24588","1":"product","2":"type-product","3":"status-publish","4":"has-post-thumbnail","6":"product_brand-knipex","7":"product_cat-kumanda-dolabi-anahtarlar","9":"first","10":"instock","11":"taxable","12":"shipping-taxable","13":"purchasable","14":"product-type-simple","15":"add-to-wishlist-after_add_to_cart"},"acf":[],"_links":{"self":[{"href":"https:\/\/www.makitamarket.com.tr\/site\/wp-json\/wp\/v2\/product\/24588","targetHints":{"allow":["GET"]}}],"collection":[{"href":"https:\/\/www.makitamarket.com.tr\/site\/wp-json\/wp\/v2\/product"}],"about":[{"href":"https:\/\/www.makitamarket.com.tr\/site\/wp-json\/wp\/v2\/types\/product"}],"replies":[{"embeddable":true,"href":"https:\/\/www.makitamarket.com.tr\/site\/wp-json\/wp\/v2\/comments?post=24588"}],"wp:featuredmedia":[{"embeddable":true,"href":"https:\/\/www.makitamarket.com.tr\/site\/wp-json\/wp\/v2\/media\/15554"}],"wp:attachment":[{"href":"https:\/\/www.makitamarket.com.tr\/site\/wp-json\/wp\/v2\/media?parent=24588"}],"wp:term":[{"taxonomy":"product_brand","embeddable":true,"href":"https:\/\/www.makitamarket.com.tr\/site\/wp-json\/wp\/v2\/product_brand?post=24588"},{"taxonomy":"product_cat","embeddable":true,"href":"https:\/\/www.makitamarket.com.tr\/site\/wp-json\/wp\/v2\/product_cat?post=24588"},{"taxonomy":"product_tag","embeddable":true,"href":"https:\/\/www.makitamarket.com.tr\/site\/wp-json\/wp\/v2\/product_tag?post=24588"}],"curies":[{"name":"wp","href":"https:\/\/api.w.org\/{rel}","templated":true}]}}