{"id":24595,"date":"2025-07-12T00:40:11","date_gmt":"2025-07-11T21:40:11","guid":{"rendered":"https:\/\/www.makitamarket.com.tr\/site\/urun\/knipex-0302180-kombine-pense-180-mm\/"},"modified":"2026-03-30T09:27:20","modified_gmt":"2026-03-30T06:27:20","slug":"knipex-0302180-kombine-pense-180-mm","status":"publish","type":"product","link":"https:\/\/www.makitamarket.com.tr\/site\/urun\/knipex-0302180-kombine-pense-180-mm\/","title":{"rendered":"Knipex 0302180 KOMB\u0130NE PENSE 180 mm"},"content":{"rendered":"<p><strong>03 02 180 Kombine pense<\/strong><\/p>\n<p>\u00c7ok ama\u00e7l\u0131 kullan\u0131m i\u00e7in, yass\u0131 ve yuvarlak malzeme kavrama b\u00f6lgeleri. Yumu\u015fak ve sert tel i\u00e7in uygun kesiciler. Kal\u0131n kablolar i\u00e7in uzun kesici \u00e7ene. Kesicilere ek olarak ind\u00fcksiyon sertle\u015ftirme uygulanm\u0131\u015ft\u0131r, kesici sertli\u011fi yakl. 60 HRC. <\/p>\n<p><strong>Orta sert tel kesme de\u011feri (\u00e7ap): <\/strong>\u00d8 3,4 mm<\/p>\n<p><strong>Yumu\u015fak tel kesme de\u011feri (\u00e7ap): <\/strong>\u00d8 2,2 mm<\/p>\n<p><strong>Bak\u0131r kablo kesim de\u011feri, \u00e7ok telli: <\/strong>\u00d8 12,0 mm<\/p>\n<p><strong>Bak\u0131r kablo kesim de\u011feri, \u00e7ok telli: <\/strong>16,0 mm\u00b2<\/p>\n<table>\n<tr>\n<td>Uzunluk<\/td>\n<td>180<\/td>\n<\/tr>\n<tr>\n<td>Kafa<\/td>\n<td>Polisaj<\/td>\n<\/tr>\n<tr>\n<td>Sap<\/td>\n<td>Kal\u0131n izole<\/td>\n<\/tr>\n<tr>\n<td>Orta Sert Tel<\/td>\n<td>3.4 \u00f8mm<\/td>\n<\/tr>\n<tr>\n<td>Sert Tel<\/td>\n<td>2.2 \u00f8mm<\/td>\n<\/tr>\n<tr>\n<td>\u00c7ok \u0130letkenli Kablo<\/td>\n<td>12,0 \u00f8mm, 16mm\u00b2<\/td>\n<\/tr>\n<tr>\n<td>A\u011f\u0131rl\u0131k<\/td>\n<td>260 gr<\/td>\n<\/tr>\n<\/table>\n","protected":false},"excerpt":{"rendered":"<p><strong>03 02 180 Kombine pense<\/strong><\/p>\n<p>\u00c7ok ama\u00e7l\u0131 kullan\u0131m i\u00e7in, yass\u0131 ve yuvarlak malzeme kavrama b\u00f6lgeleri. Yumu\u015fak ve sert tel i\u00e7in uygun kesiciler. Kal\u0131n kablolar i\u00e7in uzun kesici \u00e7ene. Kesicilere ek olarak ind\u00fcksiyon sertle\u015ftirme uygulanm\u0131\u015ft\u0131r, kesici sertli\u011fi yakl. 60 HRC. <\/p>\n<p><strong>Orta sert tel kesme de\u011feri (\u00e7ap): <\/strong>\u00d8 3,4 mm<\/p>\n<p><strong>Yumu\u015fak tel kesme de\u011feri (\u00e7ap): <\/strong>\u00d8 2,2 mm<\/p>\n<p><strong>Bak\u0131r kablo kesim de\u011feri, \u00e7ok telli: <\/strong>\u00d8 12,0 mm<\/p>\n<p><strong>Bak\u0131r kablo kesim de\u011feri, \u00e7ok telli: <\/strong>16,0 mm\u00b2<\/p>\n","protected":false},"featured_media":16280,"comment_status":"open","ping_status":"closed","template":"","meta":{"_acf_changed":false},"product_brand":[1486],"product_cat":[1231],"product_tag":[],"class_list":{"0":"post-24595","1":"product","2":"type-product","3":"status-publish","4":"has-post-thumbnail","6":"product_brand-knipex","7":"product_cat-kombine-penseler","9":"first","10":"instock","11":"taxable","12":"shipping-taxable","13":"purchasable","14":"product-type-simple","15":"add-to-wishlist-after_add_to_cart"},"acf":[],"_links":{"self":[{"href":"https:\/\/www.makitamarket.com.tr\/site\/wp-json\/wp\/v2\/product\/24595","targetHints":{"allow":["GET"]}}],"collection":[{"href":"https:\/\/www.makitamarket.com.tr\/site\/wp-json\/wp\/v2\/product"}],"about":[{"href":"https:\/\/www.makitamarket.com.tr\/site\/wp-json\/wp\/v2\/types\/product"}],"replies":[{"embeddable":true,"href":"https:\/\/www.makitamarket.com.tr\/site\/wp-json\/wp\/v2\/comments?post=24595"}],"wp:featuredmedia":[{"embeddable":true,"href":"https:\/\/www.makitamarket.com.tr\/site\/wp-json\/wp\/v2\/media\/16280"}],"wp:attachment":[{"href":"https:\/\/www.makitamarket.com.tr\/site\/wp-json\/wp\/v2\/media?parent=24595"}],"wp:term":[{"taxonomy":"product_brand","embeddable":true,"href":"https:\/\/www.makitamarket.com.tr\/site\/wp-json\/wp\/v2\/product_brand?post=24595"},{"taxonomy":"product_cat","embeddable":true,"href":"https:\/\/www.makitamarket.com.tr\/site\/wp-json\/wp\/v2\/product_cat?post=24595"},{"taxonomy":"product_tag","embeddable":true,"href":"https:\/\/www.makitamarket.com.tr\/site\/wp-json\/wp\/v2\/product_tag?post=24595"}],"curies":[{"name":"wp","href":"https:\/\/api.w.org\/{rel}","templated":true}]}}