{"id":24614,"date":"2025-07-12T01:17:14","date_gmt":"2025-07-11T22:17:14","guid":{"rendered":"https:\/\/www.makitamarket.com.tr\/site\/urun\/powerwash-a009-powerwash-a-009-kopuk-makinasi\/"},"modified":"2026-04-13T23:28:39","modified_gmt":"2026-04-13T20:28:39","slug":"powerwash-a009-powerwash-a-009-kopuk-makinasi","status":"publish","type":"product","link":"https:\/\/www.makitamarket.com.tr\/site\/urun\/powerwash-a009-powerwash-a-009-kopuk-makinasi\/","title":{"rendered":"Powerwash A009 POWERWASH A &#8211; 009 KOPUK MAKINASI"},"content":{"rendered":"<table>\n<tr>\n<td>G\u00fc\u00e7<\/td>\n<td>50W<\/td>\n<\/tr>\n<tr>\n<td>Voltaj<\/td>\n<td>220-230V\/50Hz<\/td>\n<\/tr>\n<tr>\n<td>Kapasite<\/td>\n<td>5lt.<\/td>\n<\/tr>\n<tr>\n<td>A\u011f\u0131rl\u0131k<\/td>\n<td>8 kg<\/td>\n<\/tr>\n<tr>\n<td>K\u00f6p\u00fck Oran\u0131<\/td>\n<td>0.05m3\/dak.min.<\/td>\n<\/tr>\n<\/table>\n","protected":false},"excerpt":{"rendered":"<p>G\u00fc\u00e7 50W Voltaj 220-230V\/50Hz Kapasite 5lt. A\u011f\u0131rl\u0131k 8 kg K\u00f6p\u00fck Oran\u0131 0.05m3\/dak.min.<\/p>\n","protected":false},"featured_media":24613,"comment_status":"open","ping_status":"closed","template":"","meta":{"_acf_changed":false},"product_brand":[1489],"product_cat":[1565],"product_tag":[],"class_list":{"0":"post-24614","1":"product","2":"type-product","3":"status-publish","4":"has-post-thumbnail","6":"product_brand-powerwash","7":"product_cat-yok-yok","9":"first","10":"instock","11":"taxable","12":"shipping-taxable","13":"purchasable","14":"product-type-simple","15":"add-to-wishlist-after_add_to_cart"},"acf":[],"_links":{"self":[{"href":"https:\/\/www.makitamarket.com.tr\/site\/wp-json\/wp\/v2\/product\/24614","targetHints":{"allow":["GET"]}}],"collection":[{"href":"https:\/\/www.makitamarket.com.tr\/site\/wp-json\/wp\/v2\/product"}],"about":[{"href":"https:\/\/www.makitamarket.com.tr\/site\/wp-json\/wp\/v2\/types\/product"}],"replies":[{"embeddable":true,"href":"https:\/\/www.makitamarket.com.tr\/site\/wp-json\/wp\/v2\/comments?post=24614"}],"wp:featuredmedia":[{"embeddable":true,"href":"https:\/\/www.makitamarket.com.tr\/site\/wp-json\/wp\/v2\/media\/24613"}],"wp:attachment":[{"href":"https:\/\/www.makitamarket.com.tr\/site\/wp-json\/wp\/v2\/media?parent=24614"}],"wp:term":[{"taxonomy":"product_brand","embeddable":true,"href":"https:\/\/www.makitamarket.com.tr\/site\/wp-json\/wp\/v2\/product_brand?post=24614"},{"taxonomy":"product_cat","embeddable":true,"href":"https:\/\/www.makitamarket.com.tr\/site\/wp-json\/wp\/v2\/product_cat?post=24614"},{"taxonomy":"product_tag","embeddable":true,"href":"https:\/\/www.makitamarket.com.tr\/site\/wp-json\/wp\/v2\/product_tag?post=24614"}],"curies":[{"name":"wp","href":"https:\/\/api.w.org\/{rel}","templated":true}]}}