{"id":24615,"date":"2025-07-12T01:17:17","date_gmt":"2025-07-11T22:17:17","guid":{"rendered":"https:\/\/www.makitamarket.com.tr\/site\/urun\/makita-a-80955-makita-a-80955-flex-tas-230x6mm\/"},"modified":"2026-04-06T18:01:57","modified_gmt":"2026-04-06T15:01:57","slug":"makita-a-80955-makita-a-80955-flex-tas-230x6mm","status":"publish","type":"product","link":"https:\/\/www.makitamarket.com.tr\/site\/urun\/makita-a-80955-makita-a-80955-flex-tas-230x6mm\/","title":{"rendered":"Makita A-80955 MAKITA A &#8211; 80955 FLEX TAS 230X6mm"},"content":{"rendered":"<table>\n<tr>\n<td>\u00d6l\u00e7\u00fcler<\/td>\n<td>230 x 6 x 22 mm<\/td>\n<\/tr>\n<tr>\n<td>Kalite<\/td>\n<td>A36P<\/td>\n<\/tr>\n<tr>\n<td>Malzeme<\/td>\n<td>Metal Ta\u015flama<\/td>\n<\/tr>\n<tr>\n<td>Tip<\/td>\n<td>Bombeli<\/td>\n<\/tr>\n<tr>\n<td>Kutu<\/td>\n<td>10<\/td>\n<\/tr>\n<\/table>\n","protected":false},"excerpt":{"rendered":"<p>\u00d6l\u00e7\u00fcler 230 x 6 x 22 mm Kalite A36P Malzeme Metal Ta\u015flama Tip Bombeli Kutu 10<\/p>\n","protected":false},"featured_media":0,"comment_status":"open","ping_status":"closed","template":"","meta":{"_acf_changed":false},"product_brand":[1485],"product_cat":[1565],"product_tag":[],"class_list":{"0":"post-24615","1":"product","2":"type-product","3":"status-publish","5":"product_brand-makita","6":"product_cat-yok-yok","8":"first","9":"instock","10":"taxable","11":"shipping-taxable","12":"purchasable","13":"product-type-simple","14":"add-to-wishlist-after_add_to_cart"},"acf":[],"_links":{"self":[{"href":"https:\/\/www.makitamarket.com.tr\/site\/wp-json\/wp\/v2\/product\/24615","targetHints":{"allow":["GET"]}}],"collection":[{"href":"https:\/\/www.makitamarket.com.tr\/site\/wp-json\/wp\/v2\/product"}],"about":[{"href":"https:\/\/www.makitamarket.com.tr\/site\/wp-json\/wp\/v2\/types\/product"}],"replies":[{"embeddable":true,"href":"https:\/\/www.makitamarket.com.tr\/site\/wp-json\/wp\/v2\/comments?post=24615"}],"wp:attachment":[{"href":"https:\/\/www.makitamarket.com.tr\/site\/wp-json\/wp\/v2\/media?parent=24615"}],"wp:term":[{"taxonomy":"product_brand","embeddable":true,"href":"https:\/\/www.makitamarket.com.tr\/site\/wp-json\/wp\/v2\/product_brand?post=24615"},{"taxonomy":"product_cat","embeddable":true,"href":"https:\/\/www.makitamarket.com.tr\/site\/wp-json\/wp\/v2\/product_cat?post=24615"},{"taxonomy":"product_tag","embeddable":true,"href":"https:\/\/www.makitamarket.com.tr\/site\/wp-json\/wp\/v2\/product_tag?post=24615"}],"curies":[{"name":"wp","href":"https:\/\/api.w.org\/{rel}","templated":true}]}}