{"id":24618,"date":"2025-07-12T01:17:29","date_gmt":"2025-07-11T22:17:29","guid":{"rendered":"https:\/\/www.makitamarket.com.tr\/site\/urun\/kama-by-reis-kgl30hp-yuksek-basincli-benzinli-motopomp-80-3\/"},"modified":"2025-11-16T12:00:24","modified_gmt":"2025-11-16T09:00:24","slug":"kama-by-reis-kgl30hp-yuksek-basincli-benzinli-motopomp-80-3","status":"publish","type":"product","link":"https:\/\/www.makitamarket.com.tr\/site\/urun\/kama-by-reis-kgl30hp-yuksek-basincli-benzinli-motopomp-80-3\/","title":{"rendered":"Kama By Reis KGL30HP Y\u00dcKSEK BASIN\u00c7LI BENZ\u0130NL\u0130 MOTOPOMP 80\/3&#8243;"},"content":{"rendered":"<table>\n<tr>\n<td>Giri\u015f &#8211;  \u00c7\u0131k\u0131\u015f \u00c7ap\u0131 \/ mm \/ inch (&#8220;)<\/td>\n<td>80 \/ 3.0<\/td>\n<\/tr>\n<tr>\n<td>Max. Basma Y\u00fcksekli\u011fi (m)<\/td>\n<td>65<\/td>\n<\/tr>\n<tr>\n<td>Maksimum Debi (m3\/h)<\/td>\n<td>40<\/td>\n<\/tr>\n<tr>\n<td>Max. Emme Derinli\u011fi (m)<\/td>\n<td>8<\/td>\n<\/tr>\n<tr>\n<td>Motor<\/td>\n<td>4 Zamanl\u0131 1 silindirli Hava so\u011futmal\u0131 Direk Enjeksiyonlu<\/td>\n<\/tr>\n<tr>\n<td>Motor tipi<\/td>\n<td>390P<\/td>\n<\/tr>\n<tr>\n<td>Motor G\u00fcc\u00fc (HP)<\/td>\n<td>10<\/td>\n<\/tr>\n<tr>\n<td>Yak\u0131t Tipi<\/td>\n<td>Benzinli<\/td>\n<\/tr>\n<tr>\n<td>\u00c7al\u0131\u015ft\u0131rma \u015eekli<\/td>\n<td>\u0130pli<\/td>\n<\/tr>\n<tr>\n<td>Yak\u0131t Kapasitesi (Lt)<\/td>\n<td>6.0<\/td>\n<\/tr>\n<tr>\n<td>Boyutlar (UxGxY)(mm)<\/td>\n<td>610x520x335<\/td>\n<\/tr>\n<tr>\n<td>A\u011f\u0131rl\u0131k  (Kg)<\/td>\n<td>44<\/td>\n<\/tr>\n<\/table>\n","protected":false},"excerpt":{"rendered":"<p>Giri\u015f &#8211; \u00c7\u0131k\u0131\u015f \u00c7ap\u0131 \/ mm \/ inch (&#8220;) 80 \/ 3.0 Max. Basma Y\u00fcksekli\u011fi (m) 65 Maksimum Debi (m3\/h) 40 Max. Emme Derinli\u011fi (m) 8 Motor 4 Zamanl\u0131 1<\/p>\n","protected":false},"featured_media":0,"comment_status":"open","ping_status":"closed","template":"","meta":{"_acf_changed":false},"product_brand":[1500],"product_cat":[1565],"product_tag":[],"class_list":{"0":"post-24618","1":"product","2":"type-product","3":"status-publish","5":"product_brand-kama-by-reis","6":"product_cat-yok-yok","8":"first","9":"outofstock","10":"taxable","11":"shipping-taxable","12":"purchasable","13":"product-type-simple","14":"add-to-wishlist-after_add_to_cart"},"acf":[],"_links":{"self":[{"href":"https:\/\/www.makitamarket.com.tr\/site\/wp-json\/wp\/v2\/product\/24618","targetHints":{"allow":["GET"]}}],"collection":[{"href":"https:\/\/www.makitamarket.com.tr\/site\/wp-json\/wp\/v2\/product"}],"about":[{"href":"https:\/\/www.makitamarket.com.tr\/site\/wp-json\/wp\/v2\/types\/product"}],"replies":[{"embeddable":true,"href":"https:\/\/www.makitamarket.com.tr\/site\/wp-json\/wp\/v2\/comments?post=24618"}],"wp:attachment":[{"href":"https:\/\/www.makitamarket.com.tr\/site\/wp-json\/wp\/v2\/media?parent=24618"}],"wp:term":[{"taxonomy":"product_brand","embeddable":true,"href":"https:\/\/www.makitamarket.com.tr\/site\/wp-json\/wp\/v2\/product_brand?post=24618"},{"taxonomy":"product_cat","embeddable":true,"href":"https:\/\/www.makitamarket.com.tr\/site\/wp-json\/wp\/v2\/product_cat?post=24618"},{"taxonomy":"product_tag","embeddable":true,"href":"https:\/\/www.makitamarket.com.tr\/site\/wp-json\/wp\/v2\/product_tag?post=24618"}],"curies":[{"name":"wp","href":"https:\/\/api.w.org\/{rel}","templated":true}]}}