{"id":24620,"date":"2025-07-12T01:17:31","date_gmt":"2025-07-11T22:17:31","guid":{"rendered":"https:\/\/www.makitamarket.com.tr\/site\/urun\/kama-by-reis-kdl40pe-dizel-motopomp-100-4\/"},"modified":"2025-11-16T12:00:25","modified_gmt":"2025-11-16T09:00:25","slug":"kama-by-reis-kdl40pe-dizel-motopomp-100-4","status":"publish","type":"product","link":"https:\/\/www.makitamarket.com.tr\/site\/urun\/kama-by-reis-kdl40pe-dizel-motopomp-100-4\/","title":{"rendered":"Kama By Reis KDL40PE D\u0130ZEL MOTOPOMP 100\/4&#8243;"},"content":{"rendered":"<table>\n<tr>\n<td>Giri\u015f &#8211;  \u00c7\u0131k\u0131\u015f \u00c7ap\u0131 \/ mm \/ inch (&#8220;)<\/td>\n<td>100\/4<\/td>\n<\/tr>\n<tr>\n<td>Max. Basma Y\u00fcksekli\u011fi (m)<\/td>\n<td>25<\/td>\n<\/tr>\n<tr>\n<td>Maksimum Debi (m3\/h)<\/td>\n<td>65<\/td>\n<\/tr>\n<tr>\n<td>Max. Emme Derinli\u011fi (m)<\/td>\n<td>8<\/td>\n<\/tr>\n<tr>\n<td>Motor tipi<\/td>\n<td>4 Zamanl\u0131 1 Silindirli-Hava So\u011futmal\u0131-Direk enjeksiyonlu Dizel Motor<\/td>\n<\/tr>\n<tr>\n<td>Motor<\/td>\n<td>186F<\/td>\n<\/tr>\n<tr>\n<td>Motor G\u00fcc\u00fc    ( kW-HP)<\/td>\n<td>10<\/td>\n<\/tr>\n<tr>\n<td>Yak\u0131t Tipi<\/td>\n<td>Euro dizel<\/td>\n<\/tr>\n<tr>\n<td>\u00c7al\u0131\u015ft\u0131rma \u015eekli<\/td>\n<td>\u0130pli \/ Mar\u015fl\u0131<\/td>\n<\/tr>\n<tr>\n<td>Yak\u0131t T\u00fcketimi (Lt)<\/td>\n<td>2<\/td>\n<\/tr>\n<tr>\n<td>Yak\u0131t Kapasitesi (Lt)<\/td>\n<td>5.5<\/td>\n<\/tr>\n<tr>\n<td>Ya\u011f Kapasitesi ( Lt )<\/td>\n<td>1,65<\/td>\n<\/tr>\n<tr>\n<td>Boyutlar (UxGxY)(mm)<\/td>\n<td>645x475x725<\/td>\n<\/tr>\n<tr>\n<td>A\u011f\u0131rl\u0131k  (Kg)<\/td>\n<td>70<\/td>\n<\/tr>\n<\/table>\n","protected":false},"excerpt":{"rendered":"<p>Giri\u015f &#8211; \u00c7\u0131k\u0131\u015f \u00c7ap\u0131 \/ mm \/ inch (&#8220;) 100\/4 Max. Basma Y\u00fcksekli\u011fi (m) 25 Maksimum Debi (m3\/h) 65 Max. Emme Derinli\u011fi (m) 8 Motor tipi 4 Zamanl\u0131 1 Silindirli-Hava<\/p>\n","protected":false},"featured_media":24619,"comment_status":"open","ping_status":"closed","template":"","meta":{"_acf_changed":false},"product_brand":[1500],"product_cat":[1565],"product_tag":[],"class_list":{"0":"post-24620","1":"product","2":"type-product","3":"status-publish","4":"has-post-thumbnail","6":"product_brand-kama-by-reis","7":"product_cat-yok-yok","9":"first","10":"outofstock","11":"taxable","12":"shipping-taxable","13":"purchasable","14":"product-type-simple","15":"add-to-wishlist-after_add_to_cart"},"acf":[],"_links":{"self":[{"href":"https:\/\/www.makitamarket.com.tr\/site\/wp-json\/wp\/v2\/product\/24620","targetHints":{"allow":["GET"]}}],"collection":[{"href":"https:\/\/www.makitamarket.com.tr\/site\/wp-json\/wp\/v2\/product"}],"about":[{"href":"https:\/\/www.makitamarket.com.tr\/site\/wp-json\/wp\/v2\/types\/product"}],"replies":[{"embeddable":true,"href":"https:\/\/www.makitamarket.com.tr\/site\/wp-json\/wp\/v2\/comments?post=24620"}],"wp:featuredmedia":[{"embeddable":true,"href":"https:\/\/www.makitamarket.com.tr\/site\/wp-json\/wp\/v2\/media\/24619"}],"wp:attachment":[{"href":"https:\/\/www.makitamarket.com.tr\/site\/wp-json\/wp\/v2\/media?parent=24620"}],"wp:term":[{"taxonomy":"product_brand","embeddable":true,"href":"https:\/\/www.makitamarket.com.tr\/site\/wp-json\/wp\/v2\/product_brand?post=24620"},{"taxonomy":"product_cat","embeddable":true,"href":"https:\/\/www.makitamarket.com.tr\/site\/wp-json\/wp\/v2\/product_cat?post=24620"},{"taxonomy":"product_tag","embeddable":true,"href":"https:\/\/www.makitamarket.com.tr\/site\/wp-json\/wp\/v2\/product_tag?post=24620"}],"curies":[{"name":"wp","href":"https:\/\/api.w.org\/{rel}","templated":true}]}}