{"id":24621,"date":"2025-07-12T01:17:58","date_gmt":"2025-07-11T22:17:58","guid":{"rendered":"https:\/\/www.makitamarket.com.tr\/site\/urun\/knipex-002106m-knipex-00-21-06-m-takim-cantasi-dolu\/"},"modified":"2026-03-30T11:27:32","modified_gmt":"2026-03-30T08:27:32","slug":"knipex-002106m-knipex-00-21-06-m-takim-cantasi-dolu","status":"publish","type":"product","link":"https:\/\/www.makitamarket.com.tr\/site\/urun\/knipex-002106m-knipex-00-21-06-m-takim-cantasi-dolu\/","title":{"rendered":"Knipex 002106M KNIPEX 00 21 06 M TAKIM \u00c7ANTASI ( DOLU)"},"content":{"rendered":"<ol>\n<li data-list=\"bullet\"><span class=\"ql-ui\" contenteditable=\"false\"><\/span><span style=\"color: rgb(0, 79, 159);\">&nbsp;12 KNIPEX Aletle donat\u0131lm\u0131\u015f, toplam 90 marka alet<\/span><\/li>\n<li data-list=\"bullet\"><span class=\"ql-ui\" contenteditable=\"false\"><\/span><span style=\"color: rgb(0, 79, 159);\">&nbsp;Toplam 54 yerle\u015ftirme se\u00e7ene\u011fi ile<\/span><\/li>\n<li data-list=\"bullet\"><span class=\"ql-ui\" contenteditable=\"false\"><\/span><span style=\"color: rgb(0, 79, 159);\">&nbsp;Maks. y\u00fck: 20 kg<\/span><\/li>\n<li data-list=\"bullet\"><span class=\"ql-ui\" contenteditable=\"false\"><\/span><span style=\"color: rgb(0, 79, 159);\">&nbsp;Hacim: 33 litre<\/span><\/li>\n<li data-list=\"bullet\"><span class=\"ql-ui\" contenteditable=\"false\"><\/span><span style=\"color: black;\">&nbsp;Sa\u011flam, ergonomik ta\u015f\u0131ma sap\u0131<\/span><\/li>\n<li data-list=\"bullet\"><span class=\"ql-ui\" contenteditable=\"false\"><\/span><span style=\"color: black;\">&nbsp;ABS malzemeden imal edilmi\u015f dayan\u0131kl\u0131 model, siyah<\/span><\/li>\n<li data-list=\"bullet\"><span class=\"ql-ui\" contenteditable=\"false\"><\/span><span style=\"color: black;\">&nbsp;Al\u00fcminyum \u00e7er\u00e7eve sarg\u0131s\u0131<\/span><\/li>\n<li data-list=\"bullet\"><span class=\"ql-ui\" contenteditable=\"false\"><\/span><span style=\"color: black;\">&nbsp;Metal mente\u015fe<\/span><\/li>\n<li data-list=\"bullet\"><span class=\"ql-ui\" contenteditable=\"false\"><\/span><span style=\"color: black;\">&nbsp;Kapak i\u00e7in evrak b\u00f6lmesi<\/span><\/li>\n<li data-list=\"bullet\"><span class=\"ql-ui\" contenteditable=\"false\"><\/span><span style=\"color: black;\">&nbsp;Kir tutmaz PP \u00e7ift cidarl\u0131 levhadan imal edilmi\u015f, 31 alet cepli, iki s\u00f6k\u00fclebilir tak\u0131m paneli<\/span><\/li>\n<li data-list=\"bullet\"><span class=\"ql-ui\" contenteditable=\"false\"><\/span><span style=\"color: black;\">&nbsp;Kapak taraf\u0131nda on alet cebine ve bir elastik kay\u0131\u015fa ve taban taraf\u0131nda on bir dar ve bir geni\u015f alet cebine sahip ilk alet panosu<\/span><\/li>\n<li data-list=\"bullet\"><span class=\"ql-ui\" contenteditable=\"false\"><\/span><span style=\"color: black;\">&nbsp;Taban taraf\u0131nda on alet cebine ve bir elastik kay\u0131\u015fa ve kapak taraf\u0131nda bir belge b\u00f6lmesine sahip ikinci alet panosu<\/span><\/li>\n<li data-list=\"bullet\"><span class=\"ql-ui\" contenteditable=\"false\"><\/span><span style=\"color: black;\">&nbsp;70 mm y\u00fcksekli\u011fe sahip taban tepsisi d\u00fc\u011fmeye bas\u0131larak sabitlenebilir, i\u00e7 par\u00e7alarla ek b\u00f6lmelere ayr\u0131labilir; 14 adet alet cebine sahip kapak levhas\u0131<\/span><\/li>\n<li data-list=\"bullet\"><span class=\"ql-ui\" contenteditable=\"false\"><\/span><span style=\"color: black;\">&nbsp;Taban k\u0131sm\u0131nda teleskopik tutamak seti, ayr\u0131ca d\u0131\u015fta iki adet p\u00fcr\u00fczs\u00fcz d\u00f6nen tekerlek<\/span><\/li>\n<li data-list=\"bullet\"><span class=\"ql-ui\" contenteditable=\"false\"><\/span><span style=\"color: black;\">&nbsp;Kapa\u011f\u0131n g\u00fcvenle kapat\u0131lmas\u0131 i\u00e7in iki metal yat\u0131rma kilidi ve \u00fc\u00e7 haneli \u015fifreli kilit<\/span><\/li>\n<li data-list=\"bullet\"><span class=\"ql-ui\" contenteditable=\"false\"><\/span><span style=\"color: black;\">&nbsp;\u00d6zel etiketleme i\u00e7in iki etiketlik alan.<\/span><\/li>\n<li data-list=\"bullet\"><span class=\"ql-ui\" contenteditable=\"false\"><\/span><span style=\"color: black;\">&nbsp;Konforlu saplar ile: optimize edilmi\u015f kullan\u0131m i\u00e7in \u00fc\u00e7 ergonomik bile\u015fenden olu\u015fur ve eklemeler i\u00e7in iki KNIPEXtend arabirimiyle donat\u0131lm\u0131\u015ft\u0131r<\/span><\/li>\n<\/ol>\n<p><\/p>\n<p><\/p>\n<table>\n<tr>\n<td>A\u011f\u0131rl\u0131k<\/td>\n<td>12.800 g<\/td>\n<\/tr>\n<tr>\n<td>\u00d6l\u00e7\u00fcler<\/td>\n<td>515 x 430 x 280 mm<\/td>\n<\/tr>\n<\/table>\n","protected":false},"excerpt":{"rendered":"<ol>\n<li data-list=\"bullet\"><span class=\"ql-ui\" contenteditable=\"false\"><\/span><span style=\"color: rgb(0, 79, 159);\">&nbsp;12 KNIPEX Aletle donat\u0131lm\u0131\u015f, toplam 90 marka alet<\/span><\/li>\n<li data-list=\"bullet\"><span class=\"ql-ui\" contenteditable=\"false\"><\/span><span style=\"color: rgb(0, 79, 159);\">&nbsp;Toplam 54 yerle\u015ftirme se\u00e7ene\u011fi ile<\/span><\/li>\n<li data-list=\"bullet\"><span class=\"ql-ui\" contenteditable=\"false\"><\/span><span style=\"color: rgb(0, 79, 159);\">&nbsp;Maks. y\u00fck: 20 kg<\/span><\/li>\n<li data-list=\"bullet\"><span class=\"ql-ui\" contenteditable=\"false\"><\/span><span style=\"color: rgb(0, 79, 159);\">&nbsp;Hacim: 33 litre<\/span><\/li>\n<li data-list=\"bullet\"><span class=\"ql-ui\" contenteditable=\"false\"><\/span><span style=\"color: black;\">&nbsp;Sa\u011flam, ergonomik ta\u015f\u0131ma sap\u0131<\/span><\/li>\n<li data-list=\"bullet\"><span class=\"ql-ui\" contenteditable=\"false\"><\/span><span style=\"color: black;\">&nbsp;ABS malzemeden imal edilmi\u015f dayan\u0131kl\u0131 model, siyah<\/span><\/li>\n<li data-list=\"bullet\"><span class=\"ql-ui\" contenteditable=\"false\"><\/span><span style=\"color: black;\">&nbsp;Al\u00fcminyum \u00e7er\u00e7eve sarg\u0131s\u0131<\/span><\/li>\n<li data-list=\"bullet\"><span class=\"ql-ui\" contenteditable=\"false\"><\/span><span style=\"color: black;\">&nbsp;Metal mente\u015fe<\/span><\/li>\n<li data-list=\"bullet\"><span class=\"ql-ui\" contenteditable=\"false\"><\/span><span style=\"color: black;\">&nbsp;Kapak i\u00e7in evrak b\u00f6lmesi<\/span><\/li>\n<li data-list=\"bullet\"><span class=\"ql-ui\" contenteditable=\"false\"><\/span><span style=\"color: black;\">&nbsp;Kir tutmaz PP \u00e7ift cidarl\u0131 levhadan imal edilmi\u015f, 31 alet cepli, iki s\u00f6k\u00fclebilir tak\u0131m paneli<\/span><\/li>\n<li data-list=\"bullet\"><span class=\"ql-ui\" contenteditable=\"false\"><\/span><span style=\"color: black;\">&nbsp;Kapak taraf\u0131nda on alet cebine ve bir elastik kay\u0131\u015fa ve taban taraf\u0131nda on bir dar ve bir geni\u015f alet cebine sahip ilk alet panosu<\/span><\/li>\n<li data-list=\"bullet\"><span class=\"ql-ui\" contenteditable=\"false\"><\/span><span style=\"color: black;\">&nbsp;Taban taraf\u0131nda on alet cebine ve bir elastik kay\u0131\u015fa ve kapak taraf\u0131nda bir belge b\u00f6lmesine sahip ikinci alet panosu<\/span><\/li>\n<li data-list=\"bullet\"><span class=\"ql-ui\" contenteditable=\"false\"><\/span><span style=\"color: black;\">&nbsp;70 mm y\u00fcksekli\u011fe sahip taban tepsisi d\u00fc\u011fmeye bas\u0131larak sabitlenebilir, i\u00e7 par\u00e7alarla ek b\u00f6lmelere ayr\u0131labilir; 14 adet alet cebine sahip kapak levhas\u0131<\/span><\/li>\n<li data-list=\"bullet\"><span class=\"ql-ui\" contenteditable=\"false\"><\/span><span style=\"color: black;\">&nbsp;Taban k\u0131sm\u0131nda teleskopik tutamak seti, ayr\u0131ca d\u0131\u015fta iki adet p\u00fcr\u00fczs\u00fcz d\u00f6nen tekerlek<\/span><\/li>\n<li data-list=\"bullet\"><span class=\"ql-ui\" contenteditable=\"false\"><\/span><span style=\"color: black;\">&nbsp;Kapa\u011f\u0131n g\u00fcvenle kapat\u0131lmas\u0131 i\u00e7in iki metal yat\u0131rma kilidi ve \u00fc\u00e7 haneli \u015fifreli kilit<\/span><\/li>\n<li data-list=\"bullet\"><span class=\"ql-ui\" contenteditable=\"false\"><\/span><span style=\"color: black;\">&nbsp;\u00d6zel etiketleme i\u00e7in iki etiketlik alan.<\/span><\/li>\n<li data-list=\"bullet\"><span class=\"ql-ui\" contenteditable=\"false\"><\/span><span style=\"color: black;\">&nbsp;Konforlu saplar ile: optimize edilmi\u015f kullan\u0131m i\u00e7in \u00fc\u00e7 ergonomik bile\u015fenden olu\u015fur ve eklemeler i\u00e7in iki KNIPEXtend arabirimiyle donat\u0131lm\u0131\u015ft\u0131r<\/span><\/li>\n<\/ol>\n<p><\/p>\n<p><\/p>\n","protected":false},"featured_media":0,"comment_status":"open","ping_status":"closed","template":"","meta":{"_acf_changed":false},"product_brand":[1486],"product_cat":[1565],"product_tag":[],"class_list":{"0":"post-24621","1":"product","2":"type-product","3":"status-publish","5":"product_brand-knipex","6":"product_cat-yok-yok","8":"first","9":"outofstock","10":"taxable","11":"shipping-taxable","12":"purchasable","13":"product-type-simple","14":"add-to-wishlist-after_add_to_cart"},"acf":[],"_links":{"self":[{"href":"https:\/\/www.makitamarket.com.tr\/site\/wp-json\/wp\/v2\/product\/24621","targetHints":{"allow":["GET"]}}],"collection":[{"href":"https:\/\/www.makitamarket.com.tr\/site\/wp-json\/wp\/v2\/product"}],"about":[{"href":"https:\/\/www.makitamarket.com.tr\/site\/wp-json\/wp\/v2\/types\/product"}],"replies":[{"embeddable":true,"href":"https:\/\/www.makitamarket.com.tr\/site\/wp-json\/wp\/v2\/comments?post=24621"}],"wp:attachment":[{"href":"https:\/\/www.makitamarket.com.tr\/site\/wp-json\/wp\/v2\/media?parent=24621"}],"wp:term":[{"taxonomy":"product_brand","embeddable":true,"href":"https:\/\/www.makitamarket.com.tr\/site\/wp-json\/wp\/v2\/product_brand?post=24621"},{"taxonomy":"product_cat","embeddable":true,"href":"https:\/\/www.makitamarket.com.tr\/site\/wp-json\/wp\/v2\/product_cat?post=24621"},{"taxonomy":"product_tag","embeddable":true,"href":"https:\/\/www.makitamarket.com.tr\/site\/wp-json\/wp\/v2\/product_tag?post=24621"}],"curies":[{"name":"wp","href":"https:\/\/api.w.org\/{rel}","templated":true}]}}