{"id":24622,"date":"2025-07-12T01:17:58","date_gmt":"2025-07-11T22:17:58","guid":{"rendered":"https:\/\/www.makitamarket.com.tr\/site\/urun\/knipex-002111le-knipex-00-21-11-le-knipex-canta\/"},"modified":"2026-04-06T18:10:47","modified_gmt":"2026-04-06T15:10:47","slug":"knipex-002111le-knipex-00-21-11-le-knipex-canta","status":"publish","type":"product","link":"https:\/\/www.makitamarket.com.tr\/site\/urun\/knipex-002111le-knipex-00-21-11-le-knipex-canta\/","title":{"rendered":"Knipex 002111LE KNIPEX 00 21 11 LE KNIPEX \u00c7ANTA"},"content":{"rendered":"<p><\/p>\n<ol>\n<li data-list=\"bullet\"><span class=\"ql-ui\" contenteditable=\"false\"><\/span><span style=\"background-color: rgb(255, 255, 255); color: rgb(0, 79, 159);\">&nbsp;Servis teknikeri i\u00e7in kompakt tak\u0131m \u00e7antas\u0131<\/span><\/li>\n<li data-list=\"bullet\"><span class=\"ql-ui\" contenteditable=\"false\"><\/span>Toplam 15 farkl\u0131 ba\u011flant\u0131 noktas\u0131 sunar.<\/li>\n<li data-list=\"bullet\"><span class=\"ql-ui\" contenteditable=\"false\"><\/span><span style=\"background-color: rgb(255, 255, 255); color: black;\">&nbsp;\u015eunlar i\u00e7in bir i\u00e7 par\u00e7a olarak uygun: &#8220;Basic&#8221; 00 21 05 LE, &#8220;BIG Basic Move&#8221; 00 21 06 LE, &#8220;BIG Twin Move&#8221; 00 21 41 LE, &#8220;BIG Twin&#8221; 00 21 42 LE, &#8220;BIG Twin Move RED&#8221; 98 99 15 LE ve di\u011fer pop\u00fcler alet \u00e7antalar\u0131<\/span><\/li>\n<li data-list=\"bullet\"><span class=\"ql-ui\" contenteditable=\"false\"><\/span><span style=\"background-color: rgb(255, 255, 255); color: black;\">&nbsp;8 adet tak\u0131m \u00e7antas\u0131 ve 7 adet tak\u0131m yerle\u015ftirme yuvas\u0131 ile<\/span><\/li>\n<li data-list=\"bullet\"><span class=\"ql-ui\" contenteditable=\"false\"><\/span><span style=\"background-color: rgb(255, 255, 255); color: black;\">&nbsp;Arkadaki yuva Trolley \u00fczerine sabitleme i\u00e7in kullan\u0131l\u0131r<\/span><\/li>\n<li data-list=\"bullet\"><span class=\"ql-ui\" contenteditable=\"false\"><\/span><span style=\"background-color: rgb(255, 255, 255); color: black;\">&nbsp;Aletsiz \u00e7anta<\/span><\/li>\n<li data-list=\"bullet\"><span class=\"ql-ui\" contenteditable=\"false\"><\/span><span style=\"background-color: rgb(255, 255, 255); color: black;\">&nbsp;A\u015f\u0131nmaya kar\u015f\u0131 dayan\u0131kl\u0131 polyester dokuma, fermuarl\u0131<\/span><\/li>\n<\/ol>\n<p><\/p>\n<table>\n<tr>\n<td>Geni\u015flik<\/td>\n<td>D\u0131\u015f (i\u00e7) geni\u015flik \u00f6l\u00e7\u00fcs\u00fc 410 mm<\/td>\n<\/tr>\n<tr>\n<td>\u00d6l\u00e7\u00fcleri<\/td>\n<td>290 x 290 x 60 mm<\/td>\n<\/tr>\n<tr>\n<td>Derinlik<\/td>\n<td>D\u0131\u015f (i\u00e7) derinlik \u00f6l\u00e7\u00fcleri 290 mm<\/td>\n<\/tr>\n<tr>\n<td>A\u011f\u0131rl\u0131k<\/td>\n<td>450 g<\/td>\n<\/tr>\n<tr>\n<td>Y\u00fckseklik<\/td>\n<td>D\u0131\u015f (i\u00e7) y\u00fckseklik \u00f6l\u00e7\u00fcleri 60 mm<\/td>\n<\/tr>\n<\/table>\n","protected":false},"excerpt":{"rendered":"<p><\/p>\n<ol>\n<li data-list=\"bullet\"><span class=\"ql-ui\" contenteditable=\"false\"><\/span><span style=\"background-color: rgb(255, 255, 255); color: rgb(0, 79, 159);\">&nbsp;Servis teknikeri i\u00e7in kompakt tak\u0131m \u00e7antas\u0131<\/span><\/li>\n<li data-list=\"bullet\"><span class=\"ql-ui\" contenteditable=\"false\"><\/span>Toplam 15 farkl\u0131 ba\u011flant\u0131 noktas\u0131 sunar.<\/li>\n<li data-list=\"bullet\"><span class=\"ql-ui\" contenteditable=\"false\"><\/span><span style=\"background-color: rgb(255, 255, 255); color: black;\">&nbsp;\u015eunlar i\u00e7in bir i\u00e7 par\u00e7a olarak uygun: &#8220;Basic&#8221; 00 21 05 LE, &#8220;BIG Basic Move&#8221; 00 21 06 LE, &#8220;BIG Twin Move&#8221; 00 21 41 LE, &#8220;BIG Twin&#8221; 00 21 42 LE, &#8220;BIG Twin Move RED&#8221; 98 99 15 LE ve di\u011fer pop\u00fcler alet \u00e7antalar\u0131<\/span><\/li>\n<li data-list=\"bullet\"><span class=\"ql-ui\" contenteditable=\"false\"><\/span><span style=\"background-color: rgb(255, 255, 255); color: black;\">&nbsp;8 adet tak\u0131m \u00e7antas\u0131 ve 7 adet tak\u0131m yerle\u015ftirme yuvas\u0131 ile<\/span><\/li>\n<li data-list=\"bullet\"><span class=\"ql-ui\" contenteditable=\"false\"><\/span><span style=\"background-color: rgb(255, 255, 255); color: black;\">&nbsp;Arkadaki yuva Trolley \u00fczerine sabitleme i\u00e7in kullan\u0131l\u0131r<\/span><\/li>\n<li data-list=\"bullet\"><span class=\"ql-ui\" contenteditable=\"false\"><\/span><span style=\"background-color: rgb(255, 255, 255); color: black;\">&nbsp;Aletsiz \u00e7anta<\/span><\/li>\n<li data-list=\"bullet\"><span class=\"ql-ui\" contenteditable=\"false\"><\/span><span style=\"background-color: rgb(255, 255, 255); color: black;\">&nbsp;A\u015f\u0131nmaya kar\u015f\u0131 dayan\u0131kl\u0131 polyester dokuma, fermuarl\u0131<\/span><\/li>\n<\/ol>\n<p><\/p>\n","protected":false},"featured_media":0,"comment_status":"open","ping_status":"closed","template":"","meta":{"_acf_changed":false},"product_brand":[1486],"product_cat":[1565],"product_tag":[],"class_list":{"0":"post-24622","1":"product","2":"type-product","3":"status-publish","5":"product_brand-knipex","6":"product_cat-yok-yok","8":"first","9":"instock","10":"taxable","11":"shipping-taxable","12":"purchasable","13":"product-type-simple","14":"add-to-wishlist-after_add_to_cart"},"acf":[],"_links":{"self":[{"href":"https:\/\/www.makitamarket.com.tr\/site\/wp-json\/wp\/v2\/product\/24622","targetHints":{"allow":["GET"]}}],"collection":[{"href":"https:\/\/www.makitamarket.com.tr\/site\/wp-json\/wp\/v2\/product"}],"about":[{"href":"https:\/\/www.makitamarket.com.tr\/site\/wp-json\/wp\/v2\/types\/product"}],"replies":[{"embeddable":true,"href":"https:\/\/www.makitamarket.com.tr\/site\/wp-json\/wp\/v2\/comments?post=24622"}],"wp:attachment":[{"href":"https:\/\/www.makitamarket.com.tr\/site\/wp-json\/wp\/v2\/media?parent=24622"}],"wp:term":[{"taxonomy":"product_brand","embeddable":true,"href":"https:\/\/www.makitamarket.com.tr\/site\/wp-json\/wp\/v2\/product_brand?post=24622"},{"taxonomy":"product_cat","embeddable":true,"href":"https:\/\/www.makitamarket.com.tr\/site\/wp-json\/wp\/v2\/product_cat?post=24622"},{"taxonomy":"product_tag","embeddable":true,"href":"https:\/\/www.makitamarket.com.tr\/site\/wp-json\/wp\/v2\/product_tag?post=24622"}],"curies":[{"name":"wp","href":"https:\/\/api.w.org\/{rel}","templated":true}]}}