{"id":24623,"date":"2025-07-12T01:17:59","date_gmt":"2025-07-11T22:17:59","guid":{"rendered":"https:\/\/www.makitamarket.com.tr\/site\/urun\/knipex-002115-knipex-00-21-15\/"},"modified":"2026-03-30T11:27:36","modified_gmt":"2026-03-30T08:27:36","slug":"knipex-002115-knipex-00-21-15","status":"publish","type":"product","link":"https:\/\/www.makitamarket.com.tr\/site\/urun\/knipex-002115-knipex-00-21-15\/","title":{"rendered":"Knipex 002115 KNIPEX 00 21 15"},"content":{"rendered":"<ol>\n<li data-list=\"bullet\"><span class=\"ql-ui\" contenteditable=\"false\"><\/span><span style=\"background-color: rgb(255, 255, 255); color: black;\">&nbsp;Y\u00fcksek kaliteli ve \u00e7ok ama\u00e7l\u0131 olarak kullan\u0131labilir, darbeye kar\u015f\u0131 dayan\u0131kl\u0131 plastik \u00e7anta<\/span><\/li>\n<li data-list=\"bullet\"><span class=\"ql-ui\" contenteditable=\"false\"><\/span><span style=\"background-color: rgb(255, 255, 255); color: black;\">&nbsp;De\u011fi\u015fken donan\u0131m i\u00e7in petek yap\u0131l\u0131 s\u00fcnger besleme<\/span><\/li>\n<li data-list=\"bullet\"><span class=\"ql-ui\" contenteditable=\"false\"><\/span><span style=\"background-color: rgb(255, 255, 255); color: black;\">&nbsp;D\u0131\u015f boyutlar (G x Y x D): 340 x 56 x 275 mm<\/span><\/li>\n<li data-list=\"bullet\"><span class=\"ql-ui\" contenteditable=\"false\"><\/span><span style=\"background-color: rgb(255, 255, 255); color: black;\">&nbsp;Fort pense hari\u00e7 olmak \u00fczere t\u00fcm penseler ve tornavidalar DIN EN\/IEC 60900 normuna g\u00f6re VDE kontroll\u00fcd\u00fcr<\/span><\/li>\n<\/ol>\n<p><\/p>\n<table>\n<tr>\n<td>\u00d6l\u00e7\u00fcleri<\/td>\n<td>275 x 57 x 275 mm<\/td>\n<\/tr>\n<tr>\n<td>A\u011f\u0131rl\u0131k<\/td>\n<td>1.535 g<\/td>\n<\/tr>\n<\/table>\n","protected":false},"excerpt":{"rendered":"<ol>\n<li data-list=\"bullet\"><span class=\"ql-ui\" contenteditable=\"false\"><\/span><span style=\"background-color: rgb(255, 255, 255); color: black;\">&nbsp;Y\u00fcksek kaliteli ve \u00e7ok ama\u00e7l\u0131 olarak kullan\u0131labilir, darbeye kar\u015f\u0131 dayan\u0131kl\u0131 plastik \u00e7anta<\/span><\/li>\n<li data-list=\"bullet\"><span class=\"ql-ui\" contenteditable=\"false\"><\/span><span style=\"background-color: rgb(255, 255, 255); color: black;\">&nbsp;De\u011fi\u015fken donan\u0131m i\u00e7in petek yap\u0131l\u0131 s\u00fcnger besleme<\/span><\/li>\n<li data-list=\"bullet\"><span class=\"ql-ui\" contenteditable=\"false\"><\/span><span style=\"background-color: rgb(255, 255, 255); color: black;\">&nbsp;D\u0131\u015f boyutlar (G x Y x D): 340 x 56 x 275 mm<\/span><\/li>\n<li data-list=\"bullet\"><span class=\"ql-ui\" contenteditable=\"false\"><\/span><span style=\"background-color: rgb(255, 255, 255); color: black;\">&nbsp;Fort pense hari\u00e7 olmak \u00fczere t\u00fcm penseler ve tornavidalar DIN EN\/IEC 60900 normuna g\u00f6re VDE kontroll\u00fcd\u00fcr<\/span><\/li>\n<\/ol>\n<p><\/p>\n","protected":false},"featured_media":0,"comment_status":"open","ping_status":"closed","template":"","meta":{"_acf_changed":false},"product_brand":[1486],"product_cat":[1565],"product_tag":[],"class_list":{"0":"post-24623","1":"product","2":"type-product","3":"status-publish","5":"product_brand-knipex","6":"product_cat-yok-yok","8":"first","9":"outofstock","10":"taxable","11":"shipping-taxable","12":"purchasable","13":"product-type-simple","14":"add-to-wishlist-after_add_to_cart"},"acf":[],"_links":{"self":[{"href":"https:\/\/www.makitamarket.com.tr\/site\/wp-json\/wp\/v2\/product\/24623","targetHints":{"allow":["GET"]}}],"collection":[{"href":"https:\/\/www.makitamarket.com.tr\/site\/wp-json\/wp\/v2\/product"}],"about":[{"href":"https:\/\/www.makitamarket.com.tr\/site\/wp-json\/wp\/v2\/types\/product"}],"replies":[{"embeddable":true,"href":"https:\/\/www.makitamarket.com.tr\/site\/wp-json\/wp\/v2\/comments?post=24623"}],"wp:attachment":[{"href":"https:\/\/www.makitamarket.com.tr\/site\/wp-json\/wp\/v2\/media?parent=24623"}],"wp:term":[{"taxonomy":"product_brand","embeddable":true,"href":"https:\/\/www.makitamarket.com.tr\/site\/wp-json\/wp\/v2\/product_brand?post=24623"},{"taxonomy":"product_cat","embeddable":true,"href":"https:\/\/www.makitamarket.com.tr\/site\/wp-json\/wp\/v2\/product_cat?post=24623"},{"taxonomy":"product_tag","embeddable":true,"href":"https:\/\/www.makitamarket.com.tr\/site\/wp-json\/wp\/v2\/product_tag?post=24623"}],"curies":[{"name":"wp","href":"https:\/\/api.w.org\/{rel}","templated":true}]}}