{"id":24630,"date":"2025-07-12T01:18:03","date_gmt":"2025-07-11T22:18:03","guid":{"rendered":"https:\/\/www.makitamarket.com.tr\/site\/urun\/knipex-002142le-knipex-00-21-42-le-bos-takim-cantasi\/"},"modified":"2026-04-06T18:09:41","modified_gmt":"2026-04-06T15:09:41","slug":"knipex-002142le-knipex-00-21-42-le-bos-takim-cantasi","status":"publish","type":"product","link":"https:\/\/www.makitamarket.com.tr\/site\/urun\/knipex-002142le-knipex-00-21-42-le-bos-takim-cantasi\/","title":{"rendered":"Knipex 002142LE KNIPEX 00 21 42 LE BO\u015e TAKIM \u00c7ANTASI"},"content":{"rendered":"<ol>\n<li data-list=\"bullet\"><span class=\"ql-ui\" contenteditable=\"false\"><\/span><span style=\"background-color: rgb(255, 255, 255); color: rgb(0, 79, 159);\">&nbsp;Toplam 95 yerle\u015ftirme se\u00e7ene\u011fi ile<\/span><\/li>\n<li data-list=\"bullet\"><span class=\"ql-ui\" contenteditable=\"false\"><\/span><span style=\"background-color: rgb(255, 255, 255); color: rgb(0, 79, 159);\">&nbsp;Maks. y\u00fck: 25 kg<\/span><\/li>\n<li data-list=\"bullet\"><span class=\"ql-ui\" contenteditable=\"false\"><\/span><span style=\"background-color: rgb(255, 255, 255); color: rgb(0, 79, 159);\">&nbsp;Hacim: 38 litre<\/span><\/li>\n<li data-list=\"bullet\"><span class=\"ql-ui\" contenteditable=\"false\"><\/span><span style=\"background-color: rgb(255, 255, 255); color: black;\">&nbsp;A\u00e7\u0131lar\u0131 serbest\u00e7e ayarlanabilen, her iki tarafta mente\u015fe mekanizmas\u0131na sahip ge\u00e7meli kapak tutucular\u0131 sayesinde, her a\u00e7\u0131lma konumunda serbest durabilir<\/span><\/li>\n<li data-list=\"bullet\"><span class=\"ql-ui\" contenteditable=\"false\"><\/span><span style=\"background-color: rgb(255, 255, 255); color: black;\">&nbsp;Bir veya her iki taraftan a\u00e7\u0131labilir; taban ve kapak birbirinden ba\u011f\u0131ms\u0131z olarak a\u00e7\u0131labilir<\/span><\/li>\n<li data-list=\"bullet\"><span class=\"ql-ui\" contenteditable=\"false\"><\/span><span style=\"background-color: rgb(255, 255, 255); color: black;\">&nbsp;\u00d6zel etiketleme i\u00e7in iki etiketlik alan.<\/span><\/li>\n<li data-list=\"bullet\"><span class=\"ql-ui\" contenteditable=\"false\"><\/span><span style=\"background-color: rgb(255, 255, 255); color: black;\">&nbsp;ABS malzemeden imal edilmi\u015f dayan\u0131kl\u0131 model, siyah<\/span><\/li>\n<li data-list=\"bullet\"><span class=\"ql-ui\" contenteditable=\"false\"><\/span><span style=\"background-color: rgb(255, 255, 255); color: black;\">&nbsp;Her iki tarafa yerle\u015ftirilebilen, emniyetli bi\u00e7imde tak\u0131lm\u0131\u015f sa\u011flam bir orta duvar ile al\u00fcminyum \u00e7er\u00e7eve sarg\u0131s\u0131, elastik halkalar ve on iki k\u00fc\u00e7\u00fck cep sayesinde esnek yerle\u015ftirme se\u00e7enekleri<\/span><\/li>\n<li data-list=\"bullet\"><span class=\"ql-ui\" contenteditable=\"false\"><\/span><span style=\"background-color: rgb(255, 255, 255); color: black;\">&nbsp;Metal mente\u015fe<\/span><\/li>\n<li data-list=\"bullet\"><span class=\"ql-ui\" contenteditable=\"false\"><\/span><span style=\"background-color: rgb(255, 255, 255); color: black;\">&nbsp;\u00c7antan\u0131n g\u00fcvenle kilitlenmesi i\u00e7in \u00fc\u00e7 haneli \u015fifreli kilit<\/span><\/li>\n<li data-list=\"bullet\"><span class=\"ql-ui\" contenteditable=\"false\"><\/span><span style=\"background-color: rgb(255, 255, 255); color: black;\">&nbsp;Kapa\u011f\u0131 ve taban\u0131 sabitlemek i\u00e7in, her birinde iki metal e\u011fim kilidi<\/span><\/li>\n<li data-list=\"bullet\"><span class=\"ql-ui\" contenteditable=\"false\"><\/span><span style=\"background-color: rgb(255, 255, 255); color: black;\">&nbsp;13 alet cebine sahip, kir tutmaz, \u00e7ift duvarl\u0131, PP levhadan yap\u0131lm\u0131\u015f \u00e7ekilebilir belge dolab\u0131 ve \u00e7ekilebilir alet panosu<\/span><\/li>\n<li data-list=\"bullet\"><span class=\"ql-ui\" contenteditable=\"false\"><\/span><span style=\"background-color: rgb(255, 255, 255); color: black;\">&nbsp;58 mm y\u00fcksekli\u011fe sahip taban tepsisi d\u00fc\u011fmeye bas\u0131larak sabitlenebilir, esnek i\u00e7 par\u00e7alarla ek b\u00f6lmelere ayr\u0131labilir; alt\u0131 b\u00fcy\u00fck girinti \u015feklinde b\u00f6lmelere sahip kapak levhas\u0131<\/span><\/li>\n<\/ol>\n<p>D\u0131\u015f (i\u00e7) geni\u015flik \u00f6l\u00e7\u00fcs\u00fc 520 mm D\u0131\u015f (i\u00e7) y\u00fckseklik \u00f6l\u00e7\u00fcleri 435 mm D\u0131\u015f (i\u00e7) derinlik \u00f6l\u00e7\u00fcleri 290 mm<\/p>\n<table>\n<tr>\n<td>\u00d6l\u00e7\u00fcler<\/td>\n<td>290 x 435 x 265 mm<\/td>\n<\/tr>\n<tr>\n<td>A\u011f\u0131rl\u0131k<\/td>\n<td>7.550 g<\/td>\n<\/tr>\n<\/table>\n","protected":false},"excerpt":{"rendered":"<ol>\n<li data-list=\"bullet\"><span class=\"ql-ui\" contenteditable=\"false\"><\/span><span style=\"background-color: rgb(255, 255, 255); color: rgb(0, 79, 159);\">&nbsp;Toplam 95 yerle\u015ftirme se\u00e7ene\u011fi ile<\/span><\/li>\n<li data-list=\"bullet\"><span class=\"ql-ui\" contenteditable=\"false\"><\/span><span style=\"background-color: rgb(255, 255, 255); color: rgb(0, 79, 159);\">&nbsp;Maks. y\u00fck: 25 kg<\/span><\/li>\n<li data-list=\"bullet\"><span class=\"ql-ui\" contenteditable=\"false\"><\/span><span style=\"background-color: rgb(255, 255, 255); color: rgb(0, 79, 159);\">&nbsp;Hacim: 38 litre<\/span><\/li>\n<li data-list=\"bullet\"><span class=\"ql-ui\" contenteditable=\"false\"><\/span><span style=\"background-color: rgb(255, 255, 255); color: black;\">&nbsp;A\u00e7\u0131lar\u0131 serbest\u00e7e ayarlanabilen, her iki tarafta mente\u015fe mekanizmas\u0131na sahip ge\u00e7meli kapak tutucular\u0131 sayesinde, her a\u00e7\u0131lma konumunda serbest durabilir<\/span><\/li>\n<li data-list=\"bullet\"><span class=\"ql-ui\" contenteditable=\"false\"><\/span><span style=\"background-color: rgb(255, 255, 255); color: black;\">&nbsp;Bir veya her iki taraftan a\u00e7\u0131labilir; taban ve kapak birbirinden ba\u011f\u0131ms\u0131z olarak a\u00e7\u0131labilir<\/span><\/li>\n<li data-list=\"bullet\"><span class=\"ql-ui\" contenteditable=\"false\"><\/span><span style=\"background-color: rgb(255, 255, 255); color: black;\">&nbsp;\u00d6zel etiketleme i\u00e7in iki etiketlik alan.<\/span><\/li>\n<li data-list=\"bullet\"><span class=\"ql-ui\" contenteditable=\"false\"><\/span><span style=\"background-color: rgb(255, 255, 255); color: black;\">&nbsp;ABS malzemeden imal edilmi\u015f dayan\u0131kl\u0131 model, siyah<\/span><\/li>\n<li data-list=\"bullet\"><span class=\"ql-ui\" contenteditable=\"false\"><\/span><span style=\"background-color: rgb(255, 255, 255); color: black;\">&nbsp;Her iki tarafa yerle\u015ftirilebilen, emniyetli bi\u00e7imde tak\u0131lm\u0131\u015f sa\u011flam bir orta duvar ile al\u00fcminyum \u00e7er\u00e7eve sarg\u0131s\u0131, elastik halkalar ve on iki k\u00fc\u00e7\u00fck cep sayesinde esnek yerle\u015ftirme se\u00e7enekleri<\/span><\/li>\n<li data-list=\"bullet\"><span class=\"ql-ui\" contenteditable=\"false\"><\/span><span style=\"background-color: rgb(255, 255, 255); color: black;\">&nbsp;Metal mente\u015fe<\/span><\/li>\n<li data-list=\"bullet\"><span class=\"ql-ui\" contenteditable=\"false\"><\/span><span style=\"background-color: rgb(255, 255, 255); color: black;\">&nbsp;\u00c7antan\u0131n g\u00fcvenle kilitlenmesi i\u00e7in \u00fc\u00e7 haneli \u015fifreli kilit<\/span><\/li>\n<li data-list=\"bullet\"><span class=\"ql-ui\" contenteditable=\"false\"><\/span><span style=\"background-color: rgb(255, 255, 255); color: black;\">&nbsp;Kapa\u011f\u0131 ve taban\u0131 sabitlemek i\u00e7in, her birinde iki metal e\u011fim kilidi<\/span><\/li>\n<li data-list=\"bullet\"><span class=\"ql-ui\" contenteditable=\"false\"><\/span><span style=\"background-color: rgb(255, 255, 255); color: black;\">&nbsp;13 alet cebine sahip, kir tutmaz, \u00e7ift duvarl\u0131, PP levhadan yap\u0131lm\u0131\u015f \u00e7ekilebilir belge dolab\u0131 ve \u00e7ekilebilir alet panosu<\/span><\/li>\n<li data-list=\"bullet\"><span class=\"ql-ui\" contenteditable=\"false\"><\/span><span style=\"background-color: rgb(255, 255, 255); color: black;\">&nbsp;58 mm y\u00fcksekli\u011fe sahip taban tepsisi d\u00fc\u011fmeye bas\u0131larak sabitlenebilir, esnek i\u00e7 par\u00e7alarla ek b\u00f6lmelere ayr\u0131labilir; alt\u0131 b\u00fcy\u00fck girinti \u015feklinde b\u00f6lmelere sahip kapak levhas\u0131<\/span><\/li>\n<\/ol>\n<p>D\u0131\u015f (i\u00e7) geni\u015flik \u00f6l\u00e7\u00fcs\u00fc 520 mm D\u0131\u015f (i\u00e7) y\u00fckseklik \u00f6l\u00e7\u00fcleri 435 mm D\u0131\u015f (i\u00e7) derinlik \u00f6l\u00e7\u00fcleri 290 mm<\/p>\n","protected":false},"featured_media":0,"comment_status":"open","ping_status":"closed","template":"","meta":{"_acf_changed":false},"product_brand":[1486],"product_cat":[1565],"product_tag":[],"class_list":{"0":"post-24630","1":"product","2":"type-product","3":"status-publish","5":"product_brand-knipex","6":"product_cat-yok-yok","8":"first","9":"instock","10":"taxable","11":"shipping-taxable","12":"purchasable","13":"product-type-simple","14":"add-to-wishlist-after_add_to_cart"},"acf":[],"_links":{"self":[{"href":"https:\/\/www.makitamarket.com.tr\/site\/wp-json\/wp\/v2\/product\/24630","targetHints":{"allow":["GET"]}}],"collection":[{"href":"https:\/\/www.makitamarket.com.tr\/site\/wp-json\/wp\/v2\/product"}],"about":[{"href":"https:\/\/www.makitamarket.com.tr\/site\/wp-json\/wp\/v2\/types\/product"}],"replies":[{"embeddable":true,"href":"https:\/\/www.makitamarket.com.tr\/site\/wp-json\/wp\/v2\/comments?post=24630"}],"wp:attachment":[{"href":"https:\/\/www.makitamarket.com.tr\/site\/wp-json\/wp\/v2\/media?parent=24630"}],"wp:term":[{"taxonomy":"product_brand","embeddable":true,"href":"https:\/\/www.makitamarket.com.tr\/site\/wp-json\/wp\/v2\/product_brand?post=24630"},{"taxonomy":"product_cat","embeddable":true,"href":"https:\/\/www.makitamarket.com.tr\/site\/wp-json\/wp\/v2\/product_cat?post=24630"},{"taxonomy":"product_tag","embeddable":true,"href":"https:\/\/www.makitamarket.com.tr\/site\/wp-json\/wp\/v2\/product_tag?post=24630"}],"curies":[{"name":"wp","href":"https:\/\/api.w.org\/{rel}","templated":true}]}}