{"id":24632,"date":"2025-07-12T01:18:04","date_gmt":"2025-07-11T22:18:04","guid":{"rendered":"https:\/\/www.makitamarket.com.tr\/site\/urun\/knipex-005011tbk-knipex-adaptor-halka\/"},"modified":"2026-03-30T11:26:31","modified_gmt":"2026-03-30T08:26:31","slug":"knipex-005011tbk-knipex-adaptor-halka","status":"publish","type":"product","link":"https:\/\/www.makitamarket.com.tr\/site\/urun\/knipex-005011tbk-knipex-adaptor-halka\/","title":{"rendered":"Knipex 005011TBK KNIPEX ADAPT\u00d6R HALKA"},"content":{"rendered":"<ol>\n<li data-list=\"bullet\"><span class=\"ql-ui\" contenteditable=\"false\"><\/span><span style=\"background-color: rgb(255, 255, 255); color: rgb(0, 79, 159);\">&nbsp;G\u00fcvenilir alet korumas\u0131 i\u00e7in: Pille \u00e7al\u0131\u015fan aletlerde bile olmak \u00fczere 6 kg&#8217;a kadar alet i\u00e7in tutma kapasitesi \u00e7ok say\u0131da d\u00fc\u015fme testinde test edilmi\u015ftir<\/span><\/li>\n<li data-list=\"bullet\"><span class=\"ql-ui\" contenteditable=\"false\"><\/span><span style=\"background-color: rgb(255, 255, 255); color: black;\">&nbsp;Alet kayb\u0131n\u0131, insanlar\u0131n veya hayvanlar\u0131n yaralanmas\u0131 veya nesnelerin hasar g\u00f6rmesi riskini azalt\u0131r<\/span><\/li>\n<li data-list=\"bullet\"><span class=\"ql-ui\" contenteditable=\"false\"><\/span><span style=\"background-color: rgb(255, 255, 255); color: black;\">&nbsp;End\u00fcstriyel t\u0131rmanma, a\u011fa\u00e7 i\u015fleri ve denizde kurtarma gibi y\u00fcksek i\u015fler ile ilgili d\u00fczenlemelerle uyumluluk i\u00e7in.<\/span><\/li>\n<li data-list=\"bullet\"><span class=\"ql-ui\" contenteditable=\"false\"><\/span><span style=\"background-color: rgb(255, 255, 255); color: black;\">&nbsp;Malzeme karabin kancas\u0131 ve tutma ipi ile kombinasyon yap\u0131larak \u00e7ok y\u00f6nl\u00fc sabitleme varyasyonu m\u00fcmk\u00fcnd\u00fcr<\/span><\/li>\n<li data-list=\"bullet\"><span class=\"ql-ui\" contenteditable=\"false\"><\/span><span style=\"background-color: rgb(255, 255, 255); color: black;\">&nbsp;Adapt\u00f6r halka kordon taraf\u0131 ile el bile\u011fine, kemere, t\u0131rmanma gere\u00e7lerine vs. sabitlenebilir<\/span><\/li>\n<\/ol>\n<p><span style=\"background-color: rgb(255, 255, 255); color: rgb(0, 0, 0);\">Ba\u011flama noktal\u0131 veya Pense Emniyet Set&#8217;i bulunan KNIPEX penseleri i\u00e7in. yaln\u0131zca 1,5 kg Adapt\u00f6r Ask\u0131 00 50 02 T ile kullan\u0131labilir<\/span><\/p>\n<p><span style=\"background-color: rgb(255, 255, 255); color: black;\">&nbsp;NO PPE = Ki\u015fisel Koruyucu Ekipman Yok<\/span><\/p>\n<p><\/p>\n<table>\n<tr>\n<td>A\u011f\u0131rl\u0131k<\/td>\n<td>99 g<\/td>\n<\/tr>\n<tr>\n<td>\u00d6l\u00e7\u00fcler<\/td>\n<td>400 x 85 x 27 mm<\/td>\n<\/tr>\n<\/table>\n","protected":false},"excerpt":{"rendered":"<ol>\n<li data-list=\"bullet\"><span class=\"ql-ui\" contenteditable=\"false\"><\/span><span style=\"background-color: rgb(255, 255, 255); color: rgb(0, 79, 159);\">&nbsp;G\u00fcvenilir alet korumas\u0131 i\u00e7in: Pille \u00e7al\u0131\u015fan aletlerde bile olmak \u00fczere 6 kg&#8217;a kadar alet i\u00e7in tutma kapasitesi \u00e7ok say\u0131da d\u00fc\u015fme testinde test edilmi\u015ftir<\/span><\/li>\n<li data-list=\"bullet\"><span class=\"ql-ui\" contenteditable=\"false\"><\/span><span style=\"background-color: rgb(255, 255, 255); color: black;\">&nbsp;Alet kayb\u0131n\u0131, insanlar\u0131n veya hayvanlar\u0131n yaralanmas\u0131 veya nesnelerin hasar g\u00f6rmesi riskini azalt\u0131r<\/span><\/li>\n<li data-list=\"bullet\"><span class=\"ql-ui\" contenteditable=\"false\"><\/span><span style=\"background-color: rgb(255, 255, 255); color: black;\">&nbsp;End\u00fcstriyel t\u0131rmanma, a\u011fa\u00e7 i\u015fleri ve denizde kurtarma gibi y\u00fcksek i\u015fler ile ilgili d\u00fczenlemelerle uyumluluk i\u00e7in.<\/span><\/li>\n<li data-list=\"bullet\"><span class=\"ql-ui\" contenteditable=\"false\"><\/span><span style=\"background-color: rgb(255, 255, 255); color: black;\">&nbsp;Malzeme karabin kancas\u0131 ve tutma ipi ile kombinasyon yap\u0131larak \u00e7ok y\u00f6nl\u00fc sabitleme varyasyonu m\u00fcmk\u00fcnd\u00fcr<\/span><\/li>\n<li data-list=\"bullet\"><span class=\"ql-ui\" contenteditable=\"false\"><\/span><span style=\"background-color: rgb(255, 255, 255); color: black;\">&nbsp;Adapt\u00f6r halka kordon taraf\u0131 ile el bile\u011fine, kemere, t\u0131rmanma gere\u00e7lerine vs. sabitlenebilir<\/span><\/li>\n<\/ol>\n<p><span style=\"background-color: rgb(255, 255, 255); color: rgb(0, 0, 0);\">Ba\u011flama noktal\u0131 veya Pense Emniyet Set&#8217;i bulunan KNIPEX penseleri i\u00e7in. yaln\u0131zca 1,5 kg Adapt\u00f6r Ask\u0131 00 50 02 T ile kullan\u0131labilir<\/span><\/p>\n<p><span style=\"background-color: rgb(255, 255, 255); color: black;\">&nbsp;NO PPE = Ki\u015fisel Koruyucu Ekipman Yok<\/span><\/p>\n<p><\/p>\n","protected":false},"featured_media":0,"comment_status":"open","ping_status":"closed","template":"","meta":{"_acf_changed":false},"product_brand":[1486],"product_cat":[1565],"product_tag":[],"class_list":{"0":"post-24632","1":"product","2":"type-product","3":"status-publish","5":"product_brand-knipex","6":"product_cat-yok-yok","8":"first","9":"instock","10":"taxable","11":"shipping-taxable","12":"purchasable","13":"product-type-simple","14":"add-to-wishlist-after_add_to_cart"},"acf":[],"_links":{"self":[{"href":"https:\/\/www.makitamarket.com.tr\/site\/wp-json\/wp\/v2\/product\/24632","targetHints":{"allow":["GET"]}}],"collection":[{"href":"https:\/\/www.makitamarket.com.tr\/site\/wp-json\/wp\/v2\/product"}],"about":[{"href":"https:\/\/www.makitamarket.com.tr\/site\/wp-json\/wp\/v2\/types\/product"}],"replies":[{"embeddable":true,"href":"https:\/\/www.makitamarket.com.tr\/site\/wp-json\/wp\/v2\/comments?post=24632"}],"wp:attachment":[{"href":"https:\/\/www.makitamarket.com.tr\/site\/wp-json\/wp\/v2\/media?parent=24632"}],"wp:term":[{"taxonomy":"product_brand","embeddable":true,"href":"https:\/\/www.makitamarket.com.tr\/site\/wp-json\/wp\/v2\/product_brand?post=24632"},{"taxonomy":"product_cat","embeddable":true,"href":"https:\/\/www.makitamarket.com.tr\/site\/wp-json\/wp\/v2\/product_cat?post=24632"},{"taxonomy":"product_tag","embeddable":true,"href":"https:\/\/www.makitamarket.com.tr\/site\/wp-json\/wp\/v2\/product_tag?post=24632"}],"curies":[{"name":"wp","href":"https:\/\/api.w.org\/{rel}","templated":true}]}}