{"id":24635,"date":"2025-07-12T01:18:06","date_gmt":"2025-07-11T22:18:06","guid":{"rendered":"https:\/\/www.makitamarket.com.tr\/site\/urun\/knipex-001955s5-knipex-00-19-55-s5-cobra-set\/"},"modified":"2026-04-06T18:11:44","modified_gmt":"2026-04-06T15:11:44","slug":"knipex-001955s5-knipex-00-19-55-s5-cobra-set","status":"publish","type":"product","link":"https:\/\/www.makitamarket.com.tr\/site\/urun\/knipex-001955s5-knipex-00-19-55-s5-cobra-set\/","title":{"rendered":"Knipex 001955S5 KNIPEX 00 19 55 S5 COBRA SET"},"content":{"rendered":"<ol>\n<li data-list=\"bullet\"><span class=\"ql-ui\" contenteditable=\"false\"><\/span><span style=\"background-color: rgb(255, 255, 255); color: rgb(0, 79, 159);\">&nbsp;KNIPEX Cobra\u00ae, KNIPEX i\u00e7in efsanevi y\u00fcksek teknolojili su pompas\u0131 pensesidir<\/span><\/li>\n<li data-list=\"bullet\"><span class=\"ql-ui\" contenteditable=\"false\"><\/span><span style=\"background-color: rgb(255, 255, 255); color: rgb(0, 79, 159);\">&nbsp;Son derece g\u00fc\u00e7l\u00fc kendili\u011finden kilitlenme etkisiyle i\u015f par\u00e7as\u0131 \u00fczerinde kaymadan ve enerjiden tasarruf sa\u011flayarak \u00e7al\u0131\u015fmaya olanak tan\u0131rlar.<\/span><\/li>\n<li data-list=\"bullet\"><span class=\"ql-ui\" contenteditable=\"false\"><\/span><span style=\"background-color: rgb(255, 255, 255); color: black;\">&nbsp;Dayan\u0131kl\u0131 polyester kuma\u015ftan yap\u0131lm\u0131\u015f, c\u0131rt c\u0131rtl\u0131 ba\u011flant\u0131 eleman\u0131na sahip y\u00fcksek kaliteli alet rulosu<\/span><\/li>\n<li data-list=\"bullet\"><span class=\"ql-ui\" contenteditable=\"false\"><\/span><span style=\"background-color: rgb(255, 255, 255); color: black;\">&nbsp;125 ila 300 mm aras\u0131nda be\u015f farkl\u0131 boyutta KNIPEX Cobra\u00ae y\u00fcksek teknolojili su pompas\u0131 pensesi ile donat\u0131lm\u0131\u015ft\u0131r<\/span><\/li>\n<li data-list=\"bullet\"><span class=\"ql-ui\" contenteditable=\"false\"><\/span><span style=\"background-color: rgb(255, 255, 255); color: black;\">&nbsp;Boyutlar, a\u00e7\u0131k (U x Y): 430 x 325 mm<\/span><\/li>\n<\/ol>\n<p><\/p>\n<table>\n<tr>\n<td>\u00d6l\u00e7\u00fcler<\/td>\n<td>430 x 135 x 52 mm<\/td>\n<\/tr>\n<tr>\n<td>A\u011f\u0131rl\u0131k<\/td>\n<td>1.575 g<\/td>\n<\/tr>\n<\/table>\n","protected":false},"excerpt":{"rendered":"<ol>\n<li data-list=\"bullet\"><span class=\"ql-ui\" contenteditable=\"false\"><\/span><span style=\"background-color: rgb(255, 255, 255); color: rgb(0, 79, 159);\">&nbsp;KNIPEX Cobra\u00ae, KNIPEX i\u00e7in efsanevi y\u00fcksek teknolojili su pompas\u0131 pensesidir<\/span><\/li>\n<li data-list=\"bullet\"><span class=\"ql-ui\" contenteditable=\"false\"><\/span><span style=\"background-color: rgb(255, 255, 255); color: rgb(0, 79, 159);\">&nbsp;Son derece g\u00fc\u00e7l\u00fc kendili\u011finden kilitlenme etkisiyle i\u015f par\u00e7as\u0131 \u00fczerinde kaymadan ve enerjiden tasarruf sa\u011flayarak \u00e7al\u0131\u015fmaya olanak tan\u0131rlar.<\/span><\/li>\n<li data-list=\"bullet\"><span class=\"ql-ui\" contenteditable=\"false\"><\/span><span style=\"background-color: rgb(255, 255, 255); color: black;\">&nbsp;Dayan\u0131kl\u0131 polyester kuma\u015ftan yap\u0131lm\u0131\u015f, c\u0131rt c\u0131rtl\u0131 ba\u011flant\u0131 eleman\u0131na sahip y\u00fcksek kaliteli alet rulosu<\/span><\/li>\n<li data-list=\"bullet\"><span class=\"ql-ui\" contenteditable=\"false\"><\/span><span style=\"background-color: rgb(255, 255, 255); color: black;\">&nbsp;125 ila 300 mm aras\u0131nda be\u015f farkl\u0131 boyutta KNIPEX Cobra\u00ae y\u00fcksek teknolojili su pompas\u0131 pensesi ile donat\u0131lm\u0131\u015ft\u0131r<\/span><\/li>\n<li data-list=\"bullet\"><span class=\"ql-ui\" contenteditable=\"false\"><\/span><span style=\"background-color: rgb(255, 255, 255); color: black;\">&nbsp;Boyutlar, a\u00e7\u0131k (U x Y): 430 x 325 mm<\/span><\/li>\n<\/ol>\n<p><\/p>\n","protected":false},"featured_media":0,"comment_status":"open","ping_status":"closed","template":"","meta":{"_acf_changed":false},"product_brand":[1486],"product_cat":[1565],"product_tag":[],"class_list":{"0":"post-24635","1":"product","2":"type-product","3":"status-publish","5":"product_brand-knipex","6":"product_cat-yok-yok","8":"first","9":"outofstock","10":"taxable","11":"shipping-taxable","12":"purchasable","13":"product-type-simple","14":"add-to-wishlist-after_add_to_cart"},"acf":[],"_links":{"self":[{"href":"https:\/\/www.makitamarket.com.tr\/site\/wp-json\/wp\/v2\/product\/24635","targetHints":{"allow":["GET"]}}],"collection":[{"href":"https:\/\/www.makitamarket.com.tr\/site\/wp-json\/wp\/v2\/product"}],"about":[{"href":"https:\/\/www.makitamarket.com.tr\/site\/wp-json\/wp\/v2\/types\/product"}],"replies":[{"embeddable":true,"href":"https:\/\/www.makitamarket.com.tr\/site\/wp-json\/wp\/v2\/comments?post=24635"}],"wp:attachment":[{"href":"https:\/\/www.makitamarket.com.tr\/site\/wp-json\/wp\/v2\/media?parent=24635"}],"wp:term":[{"taxonomy":"product_brand","embeddable":true,"href":"https:\/\/www.makitamarket.com.tr\/site\/wp-json\/wp\/v2\/product_brand?post=24635"},{"taxonomy":"product_cat","embeddable":true,"href":"https:\/\/www.makitamarket.com.tr\/site\/wp-json\/wp\/v2\/product_cat?post=24635"},{"taxonomy":"product_tag","embeddable":true,"href":"https:\/\/www.makitamarket.com.tr\/site\/wp-json\/wp\/v2\/product_tag?post=24635"}],"curies":[{"name":"wp","href":"https:\/\/api.w.org\/{rel}","templated":true}]}}