{"id":24636,"date":"2025-07-12T01:18:07","date_gmt":"2025-07-11T22:18:07","guid":{"rendered":"https:\/\/www.makitamarket.com.tr\/site\/urun\/knipex-001104-kumanda-dolabi-anahtari\/"},"modified":"2026-04-06T18:11:40","modified_gmt":"2026-04-06T15:11:40","slug":"knipex-001104-kumanda-dolabi-anahtari","status":"publish","type":"product","link":"https:\/\/www.makitamarket.com.tr\/site\/urun\/knipex-001104-kumanda-dolabi-anahtari\/","title":{"rendered":"Knipex 001104 KUMANDA DOLABI ANAHTARI"},"content":{"rendered":"<ol>\n<li data-list=\"bullet\"><span class=\"ql-ui\" contenteditable=\"false\"><\/span><span style=\"background-color: rgb(255, 255, 255); color: black;\">&nbsp;Kalorifer, klima, s\u0131hhi tesisat ve bina teknolojisi alanlar\u0131 i\u00e7in anahtar, \u00f6rne\u011fin kap\u0131 ve pencere kollar\u0131 veya kalorifer havaland\u0131rma i\u00e7in<\/span><\/li>\n<li data-list=\"bullet\"><span class=\"ql-ui\" contenteditable=\"false\"><\/span><strong>Kap\u0131 ve pencere kollar\u0131n\u0131n montaj\u0131 ve demontaj\u0131 i\u00e7in 3 mm ayar vidal\u0131<\/strong><\/li>\n<li data-list=\"bullet\"><span class=\"ql-ui\" contenteditable=\"false\"><\/span>5 farkl\u0131 kilitleme sistemi i\u00e7in uygun<\/li>\n<li data-list=\"bullet\"><span class=\"ql-ui\" contenteditable=\"false\"><\/span><span style=\"background-color: rgb(255, 255, 255); color: black;\">&nbsp;D\u00f6nd\u00fcr\u00fclebilir bit u\u00e7: D\u00fcz 1,0 x 7 mm ve y\u0131ld\u0131z PH2<\/span><\/li>\n<li data-list=\"bullet\"><span class=\"ql-ui\" contenteditable=\"false\"><\/span><span style=\"background-color: rgb(255, 255, 255); color: black;\">&nbsp;1\/4&#8243; Bits i\u00e7in zincire tak\u0131l\u0131 adapt\u00f6r ile<\/span><\/li>\n<li data-list=\"bullet\"><span class=\"ql-ui\" contenteditable=\"false\"><\/span><span style=\"background-color: rgb(255, 255, 255); color: black;\">&nbsp;Toplam kol uzunlu\u011fu: 89 mm<\/span><\/li>\n<\/ol>\n<table>\n<tr>\n<td>\u00dc\u00e7gen Kapasite<\/td>\n<td>9,0 \u2014 10,0 mm<\/td>\n<\/tr>\n<tr>\n<td>Kademe<\/td>\n<td>Yar\u0131m ay kapasitesi 3 mm<\/td>\n<\/tr>\n<tr>\n<td>Kademe<\/td>\n<td>Kapasite kademeleri d\u00f6rt k\u00f6\u015fe 6 \u2014 10 mm<\/td>\n<\/tr>\n<tr>\n<td>D\u00f6rt K\u00f6\u015fe Kapasitesi<\/td>\n<td>5,0 \/ 7,0 \/ 8,0 mm<\/td>\n<\/tr>\n<tr>\n<td>\u00d6l\u00e7\u00fcleri<\/td>\n<td>89 x 85 x 15 mm<\/td>\n<\/tr>\n<tr>\n<td>A\u011f\u0131rl\u0131k<\/td>\n<td>86 g<\/td>\n<\/tr>\n<\/table>\n","protected":false},"excerpt":{"rendered":"<ol>\n<li data-list=\"bullet\"><span class=\"ql-ui\" contenteditable=\"false\"><\/span><span style=\"background-color: rgb(255, 255, 255); color: black;\">&nbsp;Kalorifer, klima, s\u0131hhi tesisat ve bina teknolojisi alanlar\u0131 i\u00e7in anahtar, \u00f6rne\u011fin kap\u0131 ve pencere kollar\u0131 veya kalorifer havaland\u0131rma i\u00e7in<\/span><\/li>\n<li data-list=\"bullet\"><span class=\"ql-ui\" contenteditable=\"false\"><\/span><strong>Kap\u0131 ve pencere kollar\u0131n\u0131n montaj\u0131 ve demontaj\u0131 i\u00e7in 3 mm ayar vidal\u0131<\/strong><\/li>\n<li data-list=\"bullet\"><span class=\"ql-ui\" contenteditable=\"false\"><\/span>5 farkl\u0131 kilitleme sistemi i\u00e7in uygun<\/li>\n<li data-list=\"bullet\"><span class=\"ql-ui\" contenteditable=\"false\"><\/span><span style=\"background-color: rgb(255, 255, 255); color: black;\">&nbsp;D\u00f6nd\u00fcr\u00fclebilir bit u\u00e7: D\u00fcz 1,0 x 7 mm ve y\u0131ld\u0131z PH2<\/span><\/li>\n<li data-list=\"bullet\"><span class=\"ql-ui\" contenteditable=\"false\"><\/span><span style=\"background-color: rgb(255, 255, 255); color: black;\">&nbsp;1\/4&#8243; Bits i\u00e7in zincire tak\u0131l\u0131 adapt\u00f6r ile<\/span><\/li>\n<li data-list=\"bullet\"><span class=\"ql-ui\" contenteditable=\"false\"><\/span><span style=\"background-color: rgb(255, 255, 255); color: black;\">&nbsp;Toplam kol uzunlu\u011fu: 89 mm<\/span><\/li>\n<\/ol>\n","protected":false},"featured_media":0,"comment_status":"open","ping_status":"closed","template":"","meta":{"_acf_changed":false},"product_brand":[1486],"product_cat":[1565],"product_tag":[],"class_list":{"0":"post-24636","1":"product","2":"type-product","3":"status-publish","5":"product_brand-knipex","6":"product_cat-yok-yok","8":"first","9":"instock","10":"taxable","11":"shipping-taxable","12":"purchasable","13":"product-type-simple","14":"add-to-wishlist-after_add_to_cart"},"acf":[],"_links":{"self":[{"href":"https:\/\/www.makitamarket.com.tr\/site\/wp-json\/wp\/v2\/product\/24636","targetHints":{"allow":["GET"]}}],"collection":[{"href":"https:\/\/www.makitamarket.com.tr\/site\/wp-json\/wp\/v2\/product"}],"about":[{"href":"https:\/\/www.makitamarket.com.tr\/site\/wp-json\/wp\/v2\/types\/product"}],"replies":[{"embeddable":true,"href":"https:\/\/www.makitamarket.com.tr\/site\/wp-json\/wp\/v2\/comments?post=24636"}],"wp:attachment":[{"href":"https:\/\/www.makitamarket.com.tr\/site\/wp-json\/wp\/v2\/media?parent=24636"}],"wp:term":[{"taxonomy":"product_brand","embeddable":true,"href":"https:\/\/www.makitamarket.com.tr\/site\/wp-json\/wp\/v2\/product_brand?post=24636"},{"taxonomy":"product_cat","embeddable":true,"href":"https:\/\/www.makitamarket.com.tr\/site\/wp-json\/wp\/v2\/product_cat?post=24636"},{"taxonomy":"product_tag","embeddable":true,"href":"https:\/\/www.makitamarket.com.tr\/site\/wp-json\/wp\/v2\/product_tag?post=24636"}],"curies":[{"name":"wp","href":"https:\/\/api.w.org\/{rel}","templated":true}]}}