{"id":24644,"date":"2025-07-12T01:18:13","date_gmt":"2025-07-11T22:18:13","guid":{"rendered":"https:\/\/www.makitamarket.com.tr\/site\/urun\/knipex-121214-knipex-12-12-14-kablo-siyirma-awg\/"},"modified":"2026-04-06T18:11:39","modified_gmt":"2026-04-06T15:11:39","slug":"knipex-121214-knipex-12-12-14-kablo-siyirma-awg","status":"publish","type":"product","link":"https:\/\/www.makitamarket.com.tr\/site\/urun\/knipex-121214-knipex-12-12-14-kablo-siyirma-awg\/","title":{"rendered":"Knipex 121214 KNIPEX 12 12 14 KABLO SIYIRMA AWG"},"content":{"rendered":"<p><strong style=\"background-color: rgb(255, 255, 255); color: rgb(99, 99, 99);\">Hassas Kablo S\u0131y\u0131rma Pensesi<\/strong><\/p>\n<p><span style=\"background-color: rgb(255, 255, 255); color: rgb(99, 99, 99);\">Sabit geometrili kafa<\/span><\/p>\n<ol>\n<li data-list=\"bullet\"><span class=\"ql-ui\" contenteditable=\"false\"><\/span><span style=\"background-color: rgb(255, 255, 255); color: black;\">&nbsp;\u00d6rne\u011fin PTFE, Silikon, Radox\u00ae, Kapton\u00ae ve lastik gibi \u00e7ok katmanl\u0131 da olabilen, zor s\u0131yr\u0131labilen izolasyon malzemelerinin tam \u015fekilli s\u0131y\u0131rma i\u015flemi<\/span><\/li>\n<li data-list=\"bullet\"><span class=\"ql-ui\" contenteditable=\"false\"><\/span><span style=\"background-color: rgb(255, 255, 255); color: black;\">&nbsp;\u0130kinci bir b\u0131\u00e7ak ikilisi kalan izolasyonu g\u00fcvenilir \u015fekilde sabit tutar<\/span><\/li>\n<li data-list=\"bullet\"><span class=\"ql-ui\" contenteditable=\"false\"><\/span><span style=\"background-color: rgb(255, 255, 255); color: black;\">&nbsp;\u0130lgili kablo kesitine g\u00f6re tam ayarlanm\u0131\u015f, de\u011fi\u015ftirilebilir profil b\u0131\u00e7aklar<\/span><\/li>\n<li data-list=\"bullet\"><span class=\"ql-ui\" contenteditable=\"false\"><\/span><span style=\"background-color: rgb(255, 255, 255); color: black;\">&nbsp;Seri \u00e7al\u0131\u015fmada izolasyonlar\u0131n e\u015fit olarak s\u0131y\u0131r\u0131lmas\u0131 i\u00e7in ayarlanabilir uzunluk s\u0131n\u0131rlamas\u0131<\/span><\/li>\n<li data-list=\"bullet\"><span class=\"ql-ui\" contenteditable=\"false\"><\/span><span style=\"background-color: rgb(255, 255, 255); color: black;\">&nbsp;\u00d6zellikle Amerikan standartlar\u0131na (AWG) uygun kablolar i\u00e7in<\/span><\/li>\n<\/ol>\n<p><\/p>\n<table>\n<tr>\n<td>A\u011f\u0131rl\u0131k<\/td>\n<td>450 g<\/td>\n<\/tr>\n<tr>\n<td>\u00d6l\u00e7\u00fcler<\/td>\n<td>195 x 107 x 33 mm<\/td>\n<\/tr>\n<\/table>\n","protected":false},"excerpt":{"rendered":"<p><strong style=\"background-color: rgb(255, 255, 255); color: rgb(99, 99, 99);\">Hassas Kablo S\u0131y\u0131rma Pensesi<\/strong><\/p>\n<p><span style=\"background-color: rgb(255, 255, 255); color: rgb(99, 99, 99);\">Sabit geometrili kafa<\/span><\/p>\n<ol>\n<li data-list=\"bullet\"><span class=\"ql-ui\" contenteditable=\"false\"><\/span><span style=\"background-color: rgb(255, 255, 255); color: black;\">&nbsp;\u00d6rne\u011fin PTFE, Silikon, Radox\u00ae, Kapton\u00ae ve lastik gibi \u00e7ok katmanl\u0131 da olabilen, zor s\u0131yr\u0131labilen izolasyon malzemelerinin tam \u015fekilli s\u0131y\u0131rma i\u015flemi<\/span><\/li>\n<li data-list=\"bullet\"><span class=\"ql-ui\" contenteditable=\"false\"><\/span><span style=\"background-color: rgb(255, 255, 255); color: black;\">&nbsp;\u0130kinci bir b\u0131\u00e7ak ikilisi kalan izolasyonu g\u00fcvenilir \u015fekilde sabit tutar<\/span><\/li>\n<li data-list=\"bullet\"><span class=\"ql-ui\" contenteditable=\"false\"><\/span><span style=\"background-color: rgb(255, 255, 255); color: black;\">&nbsp;\u0130lgili kablo kesitine g\u00f6re tam ayarlanm\u0131\u015f, de\u011fi\u015ftirilebilir profil b\u0131\u00e7aklar<\/span><\/li>\n<li data-list=\"bullet\"><span class=\"ql-ui\" contenteditable=\"false\"><\/span><span style=\"background-color: rgb(255, 255, 255); color: black;\">&nbsp;Seri \u00e7al\u0131\u015fmada izolasyonlar\u0131n e\u015fit olarak s\u0131y\u0131r\u0131lmas\u0131 i\u00e7in ayarlanabilir uzunluk s\u0131n\u0131rlamas\u0131<\/span><\/li>\n<li data-list=\"bullet\"><span class=\"ql-ui\" contenteditable=\"false\"><\/span><span style=\"background-color: rgb(255, 255, 255); color: black;\">&nbsp;\u00d6zellikle Amerikan standartlar\u0131na (AWG) uygun kablolar i\u00e7in<\/span><\/li>\n<\/ol>\n<p><\/p>\n","protected":false},"featured_media":0,"comment_status":"open","ping_status":"closed","template":"","meta":{"_acf_changed":false},"product_brand":[1486],"product_cat":[1565],"product_tag":[],"class_list":{"0":"post-24644","1":"product","2":"type-product","3":"status-publish","5":"product_brand-knipex","6":"product_cat-yok-yok","8":"first","9":"instock","10":"taxable","11":"shipping-taxable","12":"purchasable","13":"product-type-simple","14":"add-to-wishlist-after_add_to_cart"},"acf":[],"_links":{"self":[{"href":"https:\/\/www.makitamarket.com.tr\/site\/wp-json\/wp\/v2\/product\/24644","targetHints":{"allow":["GET"]}}],"collection":[{"href":"https:\/\/www.makitamarket.com.tr\/site\/wp-json\/wp\/v2\/product"}],"about":[{"href":"https:\/\/www.makitamarket.com.tr\/site\/wp-json\/wp\/v2\/types\/product"}],"replies":[{"embeddable":true,"href":"https:\/\/www.makitamarket.com.tr\/site\/wp-json\/wp\/v2\/comments?post=24644"}],"wp:attachment":[{"href":"https:\/\/www.makitamarket.com.tr\/site\/wp-json\/wp\/v2\/media?parent=24644"}],"wp:term":[{"taxonomy":"product_brand","embeddable":true,"href":"https:\/\/www.makitamarket.com.tr\/site\/wp-json\/wp\/v2\/product_brand?post=24644"},{"taxonomy":"product_cat","embeddable":true,"href":"https:\/\/www.makitamarket.com.tr\/site\/wp-json\/wp\/v2\/product_cat?post=24644"},{"taxonomy":"product_tag","embeddable":true,"href":"https:\/\/www.makitamarket.com.tr\/site\/wp-json\/wp\/v2\/product_tag?post=24644"}],"curies":[{"name":"wp","href":"https:\/\/api.w.org\/{rel}","templated":true}]}}