{"id":24645,"date":"2025-07-12T01:18:14","date_gmt":"2025-07-11T22:18:14","guid":{"rendered":"https:\/\/www.makitamarket.com.tr\/site\/urun\/knipex-1372200me-knipex-cok-fonksiyonlu-pense\/"},"modified":"2026-03-30T11:27:37","modified_gmt":"2026-03-30T08:27:37","slug":"knipex-1372200me-knipex-cok-fonksiyonlu-pense","status":"publish","type":"product","link":"https:\/\/www.makitamarket.com.tr\/site\/urun\/knipex-1372200me-knipex-cok-fonksiyonlu-pense\/","title":{"rendered":"Knipex 1372200ME KNIPEX \u00c7OK FONKS\u0130YONLU PENSE"},"content":{"rendered":"<ol>\n<li data-list=\"bullet\"><span class=\"ql-ui\" contenteditable=\"false\"><\/span><span style=\"color: rgb(0, 79, 159); background-color: rgb(255, 255, 255);\">&nbsp;Y\u00fcksek aktarma oran\u0131na sahip a\u011f\u0131r tip mafsal sayesinde kolay kesme<\/span><\/li>\n<li data-list=\"bullet\"><span class=\"ql-ui\" contenteditable=\"false\"><\/span><span style=\"color: rgb(0, 79, 159); background-color: rgb(255, 255, 255);\">&nbsp;\u00c7ok pratik: Dar \u00f6l\u00e7\u00fcl\u00fc ba\u015f geometrisi ve \u00e7ene u\u00e7lar\u0131n\u0131n sivri \u015fekilde kapanmas\u0131 ile zor eri\u015filebilir \u00e7al\u0131\u015fma alanlar\u0131 i\u00e7in ideal bir tak\u0131m (y\u00fcksek dayan\u0131ml\u0131)<\/span><\/li>\n<li data-list=\"bullet\"><span class=\"ql-ui\" contenteditable=\"false\"><\/span><span style=\"color: rgb(0, 79, 159); background-color: rgb(255, 255, 255);\">&nbsp;T\u00fcm tesisat ve onar\u0131m \u00e7al\u0131\u015fmalar\u0131 i\u00e7in.<\/span><\/li>\n<li data-list=\"bullet\"><span class=\"ql-ui\" contenteditable=\"false\"><\/span><span style=\"color: black; background-color: rgb(255, 255, 255);\">&nbsp;Kavrama b\u00f6l\u00fcm\u00fcnde freze ile a\u00e7\u0131lm\u0131\u015f oluklar \u00e7ivi, pim ve saplama gibi k\u00fc\u00e7\u00fck par\u00e7alar\u0131n g\u00fcvenli \u015fekilde tutulmas\u0131 ve \u00e7ekilmesini sa\u011flar<\/span><\/li>\n<li data-list=\"bullet\"><span class=\"ql-ui\" contenteditable=\"false\"><\/span><span style=\"color: black; background-color: rgb(255, 255, 255);\">&nbsp;Mobil kullan\u0131mlar i\u00e7in tasarlanm\u0131\u015f g\u00fcvenilir ve \u00e7ok y\u00f6nl\u00fc sivri u\u00e7lu kombine pense<\/span><\/li>\n<li data-list=\"bullet\"><span class=\"ql-ui\" contenteditable=\"false\"><\/span><span style=\"color: black; background-color: rgb(255, 255, 255);\">&nbsp;Yumu\u015fak, sert ve orta sertlikte tel i\u00e7in kesiciler<\/span><\/li>\n<li data-list=\"bullet\"><span class=\"ql-ui\" contenteditable=\"false\"><\/span><span style=\"color: black; background-color: rgb(255, 255, 255);\">&nbsp;Uzun kullan\u0131m \u00f6mr\u00fc ve sa\u011flam u\u00e7lar<\/span><\/li>\n<li data-list=\"bullet\"><span class=\"ql-ui\" contenteditable=\"false\"><\/span><span style=\"color: black; background-color: rgb(255, 255, 255);\">&nbsp;Kesicilere ek olarak ind\u00fcksiyon sertle\u015ftirme uygulamas\u0131 yap\u0131lm\u0131\u015ft\u0131r, kesici sertli\u011fi yakl. 61 HRC<\/span><\/li>\n<li data-list=\"bullet\"><span class=\"ql-ui\" contenteditable=\"false\"><\/span><span style=\"color: black; background-color: rgb(255, 255, 255);\">&nbsp;Konforlu saplar ile: optimize edilmi\u015f kullan\u0131m i\u00e7in \u00fc\u00e7 ergonomik bile\u015fenden olu\u015fur ve eklemeler i\u00e7in iki KNIPEXtend arabirimiyle donat\u0131lm\u0131\u015ft\u0131r<\/span><\/li>\n<\/ol>\n<p>Orta sert tel kesme de\u011feri (\u00e7ap) \u00d8 3,8 mm Yumu\u015fak tel kesme de\u011feri (\u00e7ap) \u00d8 3,0 mm Bak\u0131r kablo kesim de\u011feri, \u00e7ok telli \u00d8 13,0 mm Bak\u0131r kablo kesim de\u011feri, \u00e7ok telli 25,0 mm\u00b2<\/p>\n<table>\n<tr>\n<td>A\u011f\u0131rl\u0131k<\/td>\n<td>213 g<\/td>\n<\/tr>\n<tr>\n<td>\u00d6l\u00e7\u00fcler<\/td>\n<td>185 x 57 x 21 mm<\/td>\n<\/tr>\n<\/table>\n","protected":false},"excerpt":{"rendered":"<ol>\n<li data-list=\"bullet\"><span class=\"ql-ui\" contenteditable=\"false\"><\/span><span style=\"color: rgb(0, 79, 159); background-color: rgb(255, 255, 255);\">&nbsp;Y\u00fcksek aktarma oran\u0131na sahip a\u011f\u0131r tip mafsal sayesinde kolay kesme<\/span><\/li>\n<li data-list=\"bullet\"><span class=\"ql-ui\" contenteditable=\"false\"><\/span><span style=\"color: rgb(0, 79, 159); background-color: rgb(255, 255, 255);\">&nbsp;\u00c7ok pratik: Dar \u00f6l\u00e7\u00fcl\u00fc ba\u015f geometrisi ve \u00e7ene u\u00e7lar\u0131n\u0131n sivri \u015fekilde kapanmas\u0131 ile zor eri\u015filebilir \u00e7al\u0131\u015fma alanlar\u0131 i\u00e7in ideal bir tak\u0131m (y\u00fcksek dayan\u0131ml\u0131)<\/span><\/li>\n<li data-list=\"bullet\"><span class=\"ql-ui\" contenteditable=\"false\"><\/span><span style=\"color: rgb(0, 79, 159); background-color: rgb(255, 255, 255);\">&nbsp;T\u00fcm tesisat ve onar\u0131m \u00e7al\u0131\u015fmalar\u0131 i\u00e7in.<\/span><\/li>\n<li data-list=\"bullet\"><span class=\"ql-ui\" contenteditable=\"false\"><\/span><span style=\"color: black; background-color: rgb(255, 255, 255);\">&nbsp;Kavrama b\u00f6l\u00fcm\u00fcnde freze ile a\u00e7\u0131lm\u0131\u015f oluklar \u00e7ivi, pim ve saplama gibi k\u00fc\u00e7\u00fck par\u00e7alar\u0131n g\u00fcvenli \u015fekilde tutulmas\u0131 ve \u00e7ekilmesini sa\u011flar<\/span><\/li>\n<li data-list=\"bullet\"><span class=\"ql-ui\" contenteditable=\"false\"><\/span><span style=\"color: black; background-color: rgb(255, 255, 255);\">&nbsp;Mobil kullan\u0131mlar i\u00e7in tasarlanm\u0131\u015f g\u00fcvenilir ve \u00e7ok y\u00f6nl\u00fc sivri u\u00e7lu kombine pense<\/span><\/li>\n<li data-list=\"bullet\"><span class=\"ql-ui\" contenteditable=\"false\"><\/span><span style=\"color: black; background-color: rgb(255, 255, 255);\">&nbsp;Yumu\u015fak, sert ve orta sertlikte tel i\u00e7in kesiciler<\/span><\/li>\n<li data-list=\"bullet\"><span class=\"ql-ui\" contenteditable=\"false\"><\/span><span style=\"color: black; background-color: rgb(255, 255, 255);\">&nbsp;Uzun kullan\u0131m \u00f6mr\u00fc ve sa\u011flam u\u00e7lar<\/span><\/li>\n<li data-list=\"bullet\"><span class=\"ql-ui\" contenteditable=\"false\"><\/span><span style=\"color: black; background-color: rgb(255, 255, 255);\">&nbsp;Kesicilere ek olarak ind\u00fcksiyon sertle\u015ftirme uygulamas\u0131 yap\u0131lm\u0131\u015ft\u0131r, kesici sertli\u011fi yakl. 61 HRC<\/span><\/li>\n<li data-list=\"bullet\"><span class=\"ql-ui\" contenteditable=\"false\"><\/span><span style=\"color: black; background-color: rgb(255, 255, 255);\">&nbsp;Konforlu saplar ile: optimize edilmi\u015f kullan\u0131m i\u00e7in \u00fc\u00e7 ergonomik bile\u015fenden olu\u015fur ve eklemeler i\u00e7in iki KNIPEXtend arabirimiyle donat\u0131lm\u0131\u015ft\u0131r<\/span><\/li>\n<\/ol>\n<p>Orta sert tel kesme de\u011feri (\u00e7ap) \u00d8 3,8 mm Yumu\u015fak tel kesme de\u011feri (\u00e7ap) \u00d8 3,0 mm Bak\u0131r kablo kesim de\u011feri, \u00e7ok telli \u00d8 13,0 mm Bak\u0131r kablo kesim de\u011feri, \u00e7ok telli 25,0 mm\u00b2<\/p>\n","protected":false},"featured_media":0,"comment_status":"open","ping_status":"closed","template":"","meta":{"_acf_changed":false},"product_brand":[1486],"product_cat":[1565],"product_tag":[],"class_list":{"0":"post-24645","1":"product","2":"type-product","3":"status-publish","5":"product_brand-knipex","6":"product_cat-yok-yok","8":"first","9":"outofstock","10":"taxable","11":"shipping-taxable","12":"purchasable","13":"product-type-simple","14":"add-to-wishlist-after_add_to_cart"},"acf":[],"_links":{"self":[{"href":"https:\/\/www.makitamarket.com.tr\/site\/wp-json\/wp\/v2\/product\/24645","targetHints":{"allow":["GET"]}}],"collection":[{"href":"https:\/\/www.makitamarket.com.tr\/site\/wp-json\/wp\/v2\/product"}],"about":[{"href":"https:\/\/www.makitamarket.com.tr\/site\/wp-json\/wp\/v2\/types\/product"}],"replies":[{"embeddable":true,"href":"https:\/\/www.makitamarket.com.tr\/site\/wp-json\/wp\/v2\/comments?post=24645"}],"wp:attachment":[{"href":"https:\/\/www.makitamarket.com.tr\/site\/wp-json\/wp\/v2\/media?parent=24645"}],"wp:term":[{"taxonomy":"product_brand","embeddable":true,"href":"https:\/\/www.makitamarket.com.tr\/site\/wp-json\/wp\/v2\/product_brand?post=24645"},{"taxonomy":"product_cat","embeddable":true,"href":"https:\/\/www.makitamarket.com.tr\/site\/wp-json\/wp\/v2\/product_cat?post=24645"},{"taxonomy":"product_tag","embeddable":true,"href":"https:\/\/www.makitamarket.com.tr\/site\/wp-json\/wp\/v2\/product_tag?post=24645"}],"curies":[{"name":"wp","href":"https:\/\/api.w.org\/{rel}","templated":true}]}}