{"id":24647,"date":"2025-07-12T01:18:18","date_gmt":"2025-07-11T22:18:18","guid":{"rendered":"https:\/\/www.makitamarket.com.tr\/site\/urun\/knipex-1274180sb-knipex-otomatik-kablo-siyirma-pensesi\/"},"modified":"2026-03-30T11:28:25","modified_gmt":"2026-03-30T08:28:25","slug":"knipex-1274180sb-knipex-otomatik-kablo-siyirma-pensesi","status":"publish","type":"product","link":"https:\/\/www.makitamarket.com.tr\/site\/urun\/knipex-1274180sb-knipex-otomatik-kablo-siyirma-pensesi\/","title":{"rendered":"Knipex 1274180SB KNIPEX OTOMAT\u0130K KABLO SIYIRMA PENSES\u0130"},"content":{"rendered":"<ol>\n<li data-list=\"bullet\"><span class=\"ql-ui\" contenteditable=\"false\"><\/span><span style=\"color: rgb(0, 79, 159); background-color: rgb(255, 255, 255);\">&nbsp;Esnek besleme ve uzatma kablolar\u0131n\u0131, kontrol ve sens\u00f6r\/akt\u00fcat\u00f6r kablolar\u0131n\u0131 s\u0131y\u0131rmak i\u00e7in<\/span><\/li>\n<li data-list=\"bullet\"><span class=\"ql-ui\" contenteditable=\"false\"><\/span><span style=\"color: rgb(0, 79, 159); background-color: rgb(255, 255, 255);\">&nbsp;\u00d8 4,4 mm&#8217;den \u00d8 7,5 mm&#8217;ye kadar kablolara otomatik ayarlama, iletkenlere veya ekranlama \u00f6rg\u00fcs\u00fcne zarar vermeden<\/span><\/li>\n<li data-list=\"bullet\"><span class=\"ql-ui\" contenteditable=\"false\"><\/span><span style=\"color: rgb(0, 79, 159); background-color: rgb(255, 255, 255);\">&nbsp;Bak\u0131m\u0131 kolay b\u0131\u00e7ak \u00fcnitesi sayesinde a\u015f\u0131nd\u0131\u011f\u0131nda h\u0131zl\u0131 b\u0131\u00e7ak de\u011fi\u015fimi<\/span><\/li>\n<li data-list=\"bullet\"><span class=\"ql-ui\" contenteditable=\"false\"><\/span><span style=\"color: black; background-color: rgb(255, 255, 255);\">&nbsp;Y\u00fcksek esneklikteki TPE-U, PUR, PVC ve kau\u00e7uktan yap\u0131lm\u0131\u015f kablo k\u0131l\u0131flar\u0131, ya\u011fa dayan\u0131kl\u0131 ve halojensiz kontrol ve sens\u00f6r\/akt\u00fcat\u00f6r kablolar\u0131 vb. i\u00e7in uygundur.<\/span><\/li>\n<li data-list=\"bullet\"><span class=\"ql-ui\" contenteditable=\"false\"><\/span><span style=\"color: black; background-color: rgb(255, 255, 255);\">&nbsp;Kablo itilebilir, bu nedenle daha uzun s\u0131y\u0131rma mesafeleri i\u00e7in de uygundur<\/span><\/li>\n<li data-list=\"bullet\"><span class=\"ql-ui\" contenteditable=\"false\"><\/span><span style=\"color: black; background-color: rgb(255, 255, 255);\">&nbsp;Yumu\u015fak kavrama b\u00f6lgesine sahip ergonomik iki bile\u015fenli saplar sayesinde d\u00fc\u015f\u00fck eforla \u00e7al\u0131\u015fma ve maksimum kuvvet iletimi<\/span><\/li>\n<li data-list=\"bullet\"><span class=\"ql-ui\" contenteditable=\"false\"><\/span><span style=\"color: black; background-color: rgb(255, 255, 255);\">&nbsp;Sorunsuz \u00e7al\u0131\u015fan mekanizma sayesinde efor tasarrufu sa\u011flar.<\/span><\/li>\n<\/ol>\n<table>\n<tr>\n<td>\u00d6l\u00e7\u00fcler<\/td>\n<td>175 x 98 x 30 mm<\/td>\n<\/tr>\n<tr>\n<td>\u00c7ap<\/td>\n<td>\u00d8 4,4 \u2014 7,5 mm<\/td>\n<\/tr>\n<tr>\n<td>A\u011f\u0131rl\u0131k<\/td>\n<td>145 g<\/td>\n<\/tr>\n<\/table>\n","protected":false},"excerpt":{"rendered":"<ol>\n<li data-list=\"bullet\"><span class=\"ql-ui\" contenteditable=\"false\"><\/span><span style=\"color: rgb(0, 79, 159); background-color: rgb(255, 255, 255);\">&nbsp;Esnek besleme ve uzatma kablolar\u0131n\u0131, kontrol ve sens\u00f6r\/akt\u00fcat\u00f6r kablolar\u0131n\u0131 s\u0131y\u0131rmak i\u00e7in<\/span><\/li>\n<li data-list=\"bullet\"><span class=\"ql-ui\" contenteditable=\"false\"><\/span><span style=\"color: rgb(0, 79, 159); background-color: rgb(255, 255, 255);\">&nbsp;\u00d8 4,4 mm&#8217;den \u00d8 7,5 mm&#8217;ye kadar kablolara otomatik ayarlama, iletkenlere veya ekranlama \u00f6rg\u00fcs\u00fcne zarar vermeden<\/span><\/li>\n<li data-list=\"bullet\"><span class=\"ql-ui\" contenteditable=\"false\"><\/span><span style=\"color: rgb(0, 79, 159); background-color: rgb(255, 255, 255);\">&nbsp;Bak\u0131m\u0131 kolay b\u0131\u00e7ak \u00fcnitesi sayesinde a\u015f\u0131nd\u0131\u011f\u0131nda h\u0131zl\u0131 b\u0131\u00e7ak de\u011fi\u015fimi<\/span><\/li>\n<li data-list=\"bullet\"><span class=\"ql-ui\" contenteditable=\"false\"><\/span><span style=\"color: black; background-color: rgb(255, 255, 255);\">&nbsp;Y\u00fcksek esneklikteki TPE-U, PUR, PVC ve kau\u00e7uktan yap\u0131lm\u0131\u015f kablo k\u0131l\u0131flar\u0131, ya\u011fa dayan\u0131kl\u0131 ve halojensiz kontrol ve sens\u00f6r\/akt\u00fcat\u00f6r kablolar\u0131 vb. i\u00e7in uygundur.<\/span><\/li>\n<li data-list=\"bullet\"><span class=\"ql-ui\" contenteditable=\"false\"><\/span><span style=\"color: black; background-color: rgb(255, 255, 255);\">&nbsp;Kablo itilebilir, bu nedenle daha uzun s\u0131y\u0131rma mesafeleri i\u00e7in de uygundur<\/span><\/li>\n<li data-list=\"bullet\"><span class=\"ql-ui\" contenteditable=\"false\"><\/span><span style=\"color: black; background-color: rgb(255, 255, 255);\">&nbsp;Yumu\u015fak kavrama b\u00f6lgesine sahip ergonomik iki bile\u015fenli saplar sayesinde d\u00fc\u015f\u00fck eforla \u00e7al\u0131\u015fma ve maksimum kuvvet iletimi<\/span><\/li>\n<li data-list=\"bullet\"><span class=\"ql-ui\" contenteditable=\"false\"><\/span><span style=\"color: black; background-color: rgb(255, 255, 255);\">&nbsp;Sorunsuz \u00e7al\u0131\u015fan mekanizma sayesinde efor tasarrufu sa\u011flar.<\/span><\/li>\n<\/ol>\n","protected":false},"featured_media":0,"comment_status":"open","ping_status":"closed","template":"","meta":{"_acf_changed":false},"product_brand":[1486],"product_cat":[1565],"product_tag":[],"class_list":{"0":"post-24647","1":"product","2":"type-product","3":"status-publish","5":"product_brand-knipex","6":"product_cat-yok-yok","8":"first","9":"instock","10":"taxable","11":"shipping-taxable","12":"purchasable","13":"product-type-simple","14":"add-to-wishlist-after_add_to_cart"},"acf":[],"_links":{"self":[{"href":"https:\/\/www.makitamarket.com.tr\/site\/wp-json\/wp\/v2\/product\/24647","targetHints":{"allow":["GET"]}}],"collection":[{"href":"https:\/\/www.makitamarket.com.tr\/site\/wp-json\/wp\/v2\/product"}],"about":[{"href":"https:\/\/www.makitamarket.com.tr\/site\/wp-json\/wp\/v2\/types\/product"}],"replies":[{"embeddable":true,"href":"https:\/\/www.makitamarket.com.tr\/site\/wp-json\/wp\/v2\/comments?post=24647"}],"wp:attachment":[{"href":"https:\/\/www.makitamarket.com.tr\/site\/wp-json\/wp\/v2\/media?parent=24647"}],"wp:term":[{"taxonomy":"product_brand","embeddable":true,"href":"https:\/\/www.makitamarket.com.tr\/site\/wp-json\/wp\/v2\/product_brand?post=24647"},{"taxonomy":"product_cat","embeddable":true,"href":"https:\/\/www.makitamarket.com.tr\/site\/wp-json\/wp\/v2\/product_cat?post=24647"},{"taxonomy":"product_tag","embeddable":true,"href":"https:\/\/www.makitamarket.com.tr\/site\/wp-json\/wp\/v2\/product_tag?post=24647"}],"curies":[{"name":"wp","href":"https:\/\/api.w.org\/{rel}","templated":true}]}}