{"id":24654,"date":"2025-07-12T01:18:24","date_gmt":"2025-07-11T22:18:24","guid":{"rendered":"https:\/\/www.makitamarket.com.tr\/site\/urun\/knipex-2821200-knipex-28-21-200-montaj-pensesi\/"},"modified":"2026-03-30T11:25:24","modified_gmt":"2026-03-30T08:25:24","slug":"knipex-2821200-knipex-28-21-200-montaj-pensesi","status":"publish","type":"product","link":"https:\/\/www.makitamarket.com.tr\/site\/urun\/knipex-2821200-knipex-28-21-200-montaj-pensesi\/","title":{"rendered":"Knipex 2821200 KNIPEX 28 21 200 MONTAJ PENSES\u0130"},"content":{"rendered":"<ol>\n<li data-list=\"bullet\"><span class=\"ql-ui\" contenteditable=\"false\"><\/span><span style=\"background-color: rgb(255, 255, 255); color: rgb(0, 79, 159);\">Y\u00fcksek kavrama kuvveti gereken kavrama, ayarlama ve montaj i\u015fleri i\u00e7in \u00f6zellikle uygundur<\/span><\/li>\n<li data-list=\"bullet\"><span class=\"ql-ui\" contenteditable=\"false\"><\/span><span style=\"background-color: rgb(255, 255, 255); color: black;\">&nbsp;\u00d6rne\u011fin dar ve derin kumanda dolaplar\u0131 gibi zor eri\u015filebilir yerlerde \u00e7al\u0131\u015f\u0131rken avantaj sa\u011flar<\/span><\/li>\n<li data-list=\"bullet\"><span class=\"ql-ui\" contenteditable=\"false\"><\/span><span style=\"background-color: rgb(255, 255, 255); color: black;\">&nbsp;A\u011f\u0131z y\u00fczeyleri di\u015fli<\/span><\/li>\n<\/ol>\n<p>\u00c7ene kal\u0131nl\u0131\u011f\u0131 (eklem) (T1) 10,5 mm U\u00e7lar geni\u015flik (W4) 3,0 mm Tip Thickness (T2) 3,0 mm \u00c7ene uzunlu\u011fu (L3) 34,0 mm Kafa geni\u015fli\u011fi (W3) 13,5 mm<\/p>\n<table>\n<tr>\n<td>A\u011f\u0131rl\u0131k<\/td>\n<td>187 g<\/td>\n<\/tr>\n<tr>\n<td>\u00d6l\u00e7\u00fcler<\/td>\n<td>200 x 53 x 16 mm<\/td>\n<\/tr>\n<\/table>\n","protected":false},"excerpt":{"rendered":"<ol>\n<li data-list=\"bullet\"><span class=\"ql-ui\" contenteditable=\"false\"><\/span><span style=\"background-color: rgb(255, 255, 255); color: rgb(0, 79, 159);\">Y\u00fcksek kavrama kuvveti gereken kavrama, ayarlama ve montaj i\u015fleri i\u00e7in \u00f6zellikle uygundur<\/span><\/li>\n<li data-list=\"bullet\"><span class=\"ql-ui\" contenteditable=\"false\"><\/span><span style=\"background-color: rgb(255, 255, 255); color: black;\">&nbsp;\u00d6rne\u011fin dar ve derin kumanda dolaplar\u0131 gibi zor eri\u015filebilir yerlerde \u00e7al\u0131\u015f\u0131rken avantaj sa\u011flar<\/span><\/li>\n<li data-list=\"bullet\"><span class=\"ql-ui\" contenteditable=\"false\"><\/span><span style=\"background-color: rgb(255, 255, 255); color: black;\">&nbsp;A\u011f\u0131z y\u00fczeyleri di\u015fli<\/span><\/li>\n<\/ol>\n<p>\u00c7ene kal\u0131nl\u0131\u011f\u0131 (eklem) (T1) 10,5 mm U\u00e7lar geni\u015flik (W4) 3,0 mm Tip Thickness (T2) 3,0 mm \u00c7ene uzunlu\u011fu (L3) 34,0 mm Kafa geni\u015fli\u011fi (W3) 13,5 mm<\/p>\n","protected":false},"featured_media":0,"comment_status":"open","ping_status":"closed","template":"","meta":{"_acf_changed":false},"product_brand":[1486],"product_cat":[1565],"product_tag":[],"class_list":{"0":"post-24654","1":"product","2":"type-product","3":"status-publish","5":"product_brand-knipex","6":"product_cat-yok-yok","8":"first","9":"instock","10":"taxable","11":"shipping-taxable","12":"purchasable","13":"product-type-simple","14":"add-to-wishlist-after_add_to_cart"},"acf":[],"_links":{"self":[{"href":"https:\/\/www.makitamarket.com.tr\/site\/wp-json\/wp\/v2\/product\/24654","targetHints":{"allow":["GET"]}}],"collection":[{"href":"https:\/\/www.makitamarket.com.tr\/site\/wp-json\/wp\/v2\/product"}],"about":[{"href":"https:\/\/www.makitamarket.com.tr\/site\/wp-json\/wp\/v2\/types\/product"}],"replies":[{"embeddable":true,"href":"https:\/\/www.makitamarket.com.tr\/site\/wp-json\/wp\/v2\/comments?post=24654"}],"wp:attachment":[{"href":"https:\/\/www.makitamarket.com.tr\/site\/wp-json\/wp\/v2\/media?parent=24654"}],"wp:term":[{"taxonomy":"product_brand","embeddable":true,"href":"https:\/\/www.makitamarket.com.tr\/site\/wp-json\/wp\/v2\/product_brand?post=24654"},{"taxonomy":"product_cat","embeddable":true,"href":"https:\/\/www.makitamarket.com.tr\/site\/wp-json\/wp\/v2\/product_cat?post=24654"},{"taxonomy":"product_tag","embeddable":true,"href":"https:\/\/www.makitamarket.com.tr\/site\/wp-json\/wp\/v2\/product_tag?post=24654"}],"curies":[{"name":"wp","href":"https:\/\/api.w.org\/{rel}","templated":true}]}}