{"id":24655,"date":"2025-07-12T01:18:25","date_gmt":"2025-07-11T22:18:25","guid":{"rendered":"https:\/\/www.makitamarket.com.tr\/site\/urun\/knipex-3442130-knipex-34-42-130\/"},"modified":"2026-04-06T18:07:51","modified_gmt":"2026-04-06T15:07:51","slug":"knipex-3442130-knipex-34-42-130","status":"publish","type":"product","link":"https:\/\/www.makitamarket.com.tr\/site\/urun\/knipex-3442130-knipex-34-42-130\/","title":{"rendered":"Knipex 3442130 KNIPEX 34 42 130"},"content":{"rendered":"<p><strong> 34 42 130 Hassas elektronik\u00e7i kargaburun<\/strong><\/p>\n<p><\/p>\n<ol>\n<li data-list=\"bullet\"><span class=\"ql-ui\" contenteditable=\"false\"><\/span><span style=\"background-color: rgb(255, 255, 255); color: black;\">&nbsp;\u00d6rne\u011fin elektronik ve hassas mekanik alan\u0131nda \u00e7ok hassas montaj \u00e7al\u0131\u015fmalar\u0131 i\u00e7in penseler<\/span><\/li>\n<li data-list=\"bullet\"><span class=\"ql-ui\" contenteditable=\"false\"><\/span><span style=\"background-color: rgb(255, 255, 255); color: black;\">&nbsp;Kavramak, tutmak ve k\u0131v\u0131rmak i\u00e7in<\/span><\/li>\n<li data-list=\"bullet\"><span class=\"ql-ui\" contenteditable=\"false\"><\/span><span style=\"background-color: rgb(255, 255, 255); color: black;\">&nbsp;Civata ile ba\u011flanm\u0131\u015f mafsal: Kolayca, pensenin bo\u015fluksuz hareket etmesi sa\u011flan\u0131r<\/span><\/li>\n<li data-list=\"bullet\"><span class=\"ql-ui\" contenteditable=\"false\"><\/span><span style=\"background-color: rgb(255, 255, 255); color: black;\">&nbsp;D\u00fczneli hareket eden, toplam a\u00e7ma aral\u0131\u011f\u0131nda az s\u00fcrt\u00fcnmeli, hassas ta\u015flanm\u0131\u015f mafsal y\u00fczeyleri<\/span><\/li>\n<li data-list=\"bullet\"><span class=\"ql-ui\" contenteditable=\"false\"><\/span><span style=\"background-color: rgb(255, 255, 255); color: black;\">&nbsp;D\u00fczg\u00fcn ve e\u015fit a\u00e7\u0131lma i\u00e7in d\u00fc\u015f\u00fck s\u00fcrt\u00fcnmeli \u00e7ift yay<\/span><\/li>\n<li data-list=\"bullet\"><span class=\"ql-ui\" contenteditable=\"false\"><\/span><span style=\"background-color: rgb(255, 255, 255); color: black;\">&nbsp;\u00c7apaklar\u0131 itina ile al\u0131nm\u0131\u015f kenarlar<\/span><\/li>\n<li data-list=\"bullet\"><span class=\"ql-ui\" contenteditable=\"false\"><\/span><span style=\"background-color: rgb(255, 255, 255); color: black;\">&nbsp;Mat kaplama<\/span><\/li>\n<li data-list=\"bullet\"><span class=\"ql-ui\" contenteditable=\"false\"><\/span><span style=\"background-color: rgb(255, 255, 255); color: black;\">&nbsp;\u0130nce montaj i\u015fleri i\u00e7in, \u00f6rne\u011fin elektronik ve ince mekanik i\u015fleri<\/span><\/li>\n<li data-list=\"bullet\"><span class=\"ql-ui\" contenteditable=\"false\"><\/span><span style=\"background-color: rgb(255, 255, 255); color: black;\">&nbsp;Bilinen elektronik\u00e7i penselerinden yakl. % 20 oranda daha az a\u011f\u0131rl\u0131k.<\/span><\/li>\n<li data-list=\"bullet\"><span class=\"ql-ui\" contenteditable=\"false\"><\/span><span style=\"background-color: rgb(255, 255, 255); color: black;\">&nbsp;Yumu\u015fak ve d\u00fczenli bir \u015fekilde a\u00e7\u0131l\u0131m i\u00e7in kolay \u00e7al\u0131\u015fan \u00e7ift yay<\/span><\/li>\n<\/ol>\n<p>\u00c7ene uzunlu\u011fu (B) 21,9 mm \u00c7ene kal\u0131nl\u0131\u011f\u0131 (eklem) (D) 6,5 mm U\u00e7lar geni\u015flik (E) 1,4 mm Tip Kal\u0131nl\u0131k (F) 3,5 mm Kafa geni\u015fli\u011fi (A) 11,2 mm<\/p>\n<table>\n<tr>\n<td>\u00d6l\u00e7\u00fcler<\/td>\n<td>130 x 51 x 20 mm<\/td>\n<\/tr>\n<tr>\n<td>A\u011f\u0131rl\u0131k<\/td>\n<td>61 g<\/td>\n<\/tr>\n<\/table>\n","protected":false},"excerpt":{"rendered":"<p><strong> 34 42 130 Hassas elektronik\u00e7i kargaburun<\/strong><\/p>\n<p><\/p>\n<ol>\n<li data-list=\"bullet\"><span class=\"ql-ui\" contenteditable=\"false\"><\/span><span style=\"background-color: rgb(255, 255, 255); color: black;\">&nbsp;\u00d6rne\u011fin elektronik ve hassas mekanik alan\u0131nda \u00e7ok hassas montaj \u00e7al\u0131\u015fmalar\u0131 i\u00e7in penseler<\/span><\/li>\n<li data-list=\"bullet\"><span class=\"ql-ui\" contenteditable=\"false\"><\/span><span style=\"background-color: rgb(255, 255, 255); color: black;\">&nbsp;Kavramak, tutmak ve k\u0131v\u0131rmak i\u00e7in<\/span><\/li>\n<li data-list=\"bullet\"><span class=\"ql-ui\" contenteditable=\"false\"><\/span><span style=\"background-color: rgb(255, 255, 255); color: black;\">&nbsp;Civata ile ba\u011flanm\u0131\u015f mafsal: Kolayca, pensenin bo\u015fluksuz hareket etmesi sa\u011flan\u0131r<\/span><\/li>\n<li data-list=\"bullet\"><span class=\"ql-ui\" contenteditable=\"false\"><\/span><span style=\"background-color: rgb(255, 255, 255); color: black;\">&nbsp;D\u00fczneli hareket eden, toplam a\u00e7ma aral\u0131\u011f\u0131nda az s\u00fcrt\u00fcnmeli, hassas ta\u015flanm\u0131\u015f mafsal y\u00fczeyleri<\/span><\/li>\n<li data-list=\"bullet\"><span class=\"ql-ui\" contenteditable=\"false\"><\/span><span style=\"background-color: rgb(255, 255, 255); color: black;\">&nbsp;D\u00fczg\u00fcn ve e\u015fit a\u00e7\u0131lma i\u00e7in d\u00fc\u015f\u00fck s\u00fcrt\u00fcnmeli \u00e7ift yay<\/span><\/li>\n<li data-list=\"bullet\"><span class=\"ql-ui\" contenteditable=\"false\"><\/span><span style=\"background-color: rgb(255, 255, 255); color: black;\">&nbsp;\u00c7apaklar\u0131 itina ile al\u0131nm\u0131\u015f kenarlar<\/span><\/li>\n<li data-list=\"bullet\"><span class=\"ql-ui\" contenteditable=\"false\"><\/span><span style=\"background-color: rgb(255, 255, 255); color: black;\">&nbsp;Mat kaplama<\/span><\/li>\n<li data-list=\"bullet\"><span class=\"ql-ui\" contenteditable=\"false\"><\/span><span style=\"background-color: rgb(255, 255, 255); color: black;\">&nbsp;\u0130nce montaj i\u015fleri i\u00e7in, \u00f6rne\u011fin elektronik ve ince mekanik i\u015fleri<\/span><\/li>\n<li data-list=\"bullet\"><span class=\"ql-ui\" contenteditable=\"false\"><\/span><span style=\"background-color: rgb(255, 255, 255); color: black;\">&nbsp;Bilinen elektronik\u00e7i penselerinden yakl. % 20 oranda daha az a\u011f\u0131rl\u0131k.<\/span><\/li>\n<li data-list=\"bullet\"><span class=\"ql-ui\" contenteditable=\"false\"><\/span><span style=\"background-color: rgb(255, 255, 255); color: black;\">&nbsp;Yumu\u015fak ve d\u00fczenli bir \u015fekilde a\u00e7\u0131l\u0131m i\u00e7in kolay \u00e7al\u0131\u015fan \u00e7ift yay<\/span><\/li>\n<\/ol>\n<p>\u00c7ene uzunlu\u011fu (B) 21,9 mm \u00c7ene kal\u0131nl\u0131\u011f\u0131 (eklem) (D) 6,5 mm U\u00e7lar geni\u015flik (E) 1,4 mm Tip Kal\u0131nl\u0131k (F) 3,5 mm Kafa geni\u015fli\u011fi (A) 11,2 mm<\/p>\n","protected":false},"featured_media":0,"comment_status":"open","ping_status":"closed","template":"","meta":{"_acf_changed":false},"product_brand":[1486],"product_cat":[1565],"product_tag":[],"class_list":{"0":"post-24655","1":"product","2":"type-product","3":"status-publish","5":"product_brand-knipex","6":"product_cat-yok-yok","8":"first","9":"instock","10":"taxable","11":"shipping-taxable","12":"purchasable","13":"product-type-simple","14":"add-to-wishlist-after_add_to_cart"},"acf":[],"_links":{"self":[{"href":"https:\/\/www.makitamarket.com.tr\/site\/wp-json\/wp\/v2\/product\/24655","targetHints":{"allow":["GET"]}}],"collection":[{"href":"https:\/\/www.makitamarket.com.tr\/site\/wp-json\/wp\/v2\/product"}],"about":[{"href":"https:\/\/www.makitamarket.com.tr\/site\/wp-json\/wp\/v2\/types\/product"}],"replies":[{"embeddable":true,"href":"https:\/\/www.makitamarket.com.tr\/site\/wp-json\/wp\/v2\/comments?post=24655"}],"wp:attachment":[{"href":"https:\/\/www.makitamarket.com.tr\/site\/wp-json\/wp\/v2\/media?parent=24655"}],"wp:term":[{"taxonomy":"product_brand","embeddable":true,"href":"https:\/\/www.makitamarket.com.tr\/site\/wp-json\/wp\/v2\/product_brand?post=24655"},{"taxonomy":"product_cat","embeddable":true,"href":"https:\/\/www.makitamarket.com.tr\/site\/wp-json\/wp\/v2\/product_cat?post=24655"},{"taxonomy":"product_tag","embeddable":true,"href":"https:\/\/www.makitamarket.com.tr\/site\/wp-json\/wp\/v2\/product_tag?post=24655"}],"curies":[{"name":"wp","href":"https:\/\/api.w.org\/{rel}","templated":true}]}}