{"id":24670,"date":"2025-07-12T01:19:08","date_gmt":"2025-07-11T22:19:08","guid":{"rendered":"https:\/\/www.makitamarket.com.tr\/site\/urun\/knipex-975237-knipex-97-52-37\/"},"modified":"2026-03-30T11:43:24","modified_gmt":"2026-03-30T08:43:24","slug":"knipex-975237-knipex-97-52-37","status":"publish","type":"product","link":"https:\/\/www.makitamarket.com.tr\/site\/urun\/knipex-975237-knipex-97-52-37\/","title":{"rendered":"Knipex 975237 KNIPEX 97 52 37"},"content":{"rendered":"<p><span style=\"background-color: rgb(255, 255, 255); color: rgb(99, 99, 99);\">S\u0131kma Pense<\/span><\/p>\n<ol>\n<li data-list=\"bullet\"><span class=\"ql-ui\" contenteditable=\"false\"><\/span><span style=\"background-color: rgb(255, 255, 255); color: black;\">&nbsp;Hassas kal\u0131plar ve c\u0131rc\u0131r mekanizmas\u0131 (kilitlenebilir) sayesinde s\u00fcrekli y\u00fcksek s\u0131kma kalitesi<\/span><\/li>\n<li data-list=\"bullet\"><span class=\"ql-ui\" contenteditable=\"false\"><\/span><span style=\"background-color: rgb(255, 255, 255); color: black;\">&nbsp;Hassas, fabrika ayarl\u0131 (kalibre edilmi\u015f) s\u0131kma bas\u0131nc\u0131<\/span><\/li>\n<li data-list=\"bullet\"><span class=\"ql-ui\" contenteditable=\"false\"><\/span><span style=\"background-color: rgb(255, 255, 255); color: black;\">&nbsp;Verimli kald\u0131ra\u00e7 hareketi sayesinde y\u00fcksek s\u0131kma kuvveti<\/span><\/li>\n<li data-list=\"bullet\"><span class=\"ql-ui\" contenteditable=\"false\"><\/span><span style=\"background-color: rgb(255, 255, 255); color: black;\">&nbsp;Tutacak konumu, hafif, kompakt tasar\u0131m ve ergonomik \u015fekilli saplar sayesinde iyi kullan\u0131m<\/span><\/li>\n<li data-list=\"bullet\"><span class=\"ql-ui\" contenteditable=\"false\"><\/span><span style=\"background-color: rgb(255, 255, 255); color: black;\">&nbsp;S\u0131kma kal\u0131b\u0131 de\u011fi\u015ftirilemez<\/span><\/li>\n<\/ol>\n<p><\/p>\n<table>\n<tr>\n<td>\u00d6l\u00e7\u00fcler<\/td>\n<td>220 x 70 x 21 mm<\/td>\n<\/tr>\n<tr>\n<td>A\u011f\u0131rl\u0131k<\/td>\n<td>478 g<\/td>\n<\/tr>\n<\/table>\n","protected":false},"excerpt":{"rendered":"<p><span style=\"background-color: rgb(255, 255, 255); color: rgb(99, 99, 99);\">S\u0131kma Pense<\/span><\/p>\n<ol>\n<li data-list=\"bullet\"><span class=\"ql-ui\" contenteditable=\"false\"><\/span><span style=\"background-color: rgb(255, 255, 255); color: black;\">&nbsp;Hassas kal\u0131plar ve c\u0131rc\u0131r mekanizmas\u0131 (kilitlenebilir) sayesinde s\u00fcrekli y\u00fcksek s\u0131kma kalitesi<\/span><\/li>\n<li data-list=\"bullet\"><span class=\"ql-ui\" contenteditable=\"false\"><\/span><span style=\"background-color: rgb(255, 255, 255); color: black;\">&nbsp;Hassas, fabrika ayarl\u0131 (kalibre edilmi\u015f) s\u0131kma bas\u0131nc\u0131<\/span><\/li>\n<li data-list=\"bullet\"><span class=\"ql-ui\" contenteditable=\"false\"><\/span><span style=\"background-color: rgb(255, 255, 255); color: black;\">&nbsp;Verimli kald\u0131ra\u00e7 hareketi sayesinde y\u00fcksek s\u0131kma kuvveti<\/span><\/li>\n<li data-list=\"bullet\"><span class=\"ql-ui\" contenteditable=\"false\"><\/span><span style=\"background-color: rgb(255, 255, 255); color: black;\">&nbsp;Tutacak konumu, hafif, kompakt tasar\u0131m ve ergonomik \u015fekilli saplar sayesinde iyi kullan\u0131m<\/span><\/li>\n<li data-list=\"bullet\"><span class=\"ql-ui\" contenteditable=\"false\"><\/span><span style=\"background-color: rgb(255, 255, 255); color: black;\">&nbsp;S\u0131kma kal\u0131b\u0131 de\u011fi\u015ftirilemez<\/span><\/li>\n<\/ol>\n<p><\/p>\n","protected":false},"featured_media":0,"comment_status":"open","ping_status":"closed","template":"","meta":{"_acf_changed":false},"product_brand":[1486],"product_cat":[1565],"product_tag":[],"class_list":{"0":"post-24670","1":"product","2":"type-product","3":"status-publish","5":"product_brand-knipex","6":"product_cat-yok-yok","8":"first","9":"outofstock","10":"taxable","11":"shipping-taxable","12":"purchasable","13":"product-type-simple","14":"add-to-wishlist-after_add_to_cart"},"acf":[],"_links":{"self":[{"href":"https:\/\/www.makitamarket.com.tr\/site\/wp-json\/wp\/v2\/product\/24670","targetHints":{"allow":["GET"]}}],"collection":[{"href":"https:\/\/www.makitamarket.com.tr\/site\/wp-json\/wp\/v2\/product"}],"about":[{"href":"https:\/\/www.makitamarket.com.tr\/site\/wp-json\/wp\/v2\/types\/product"}],"replies":[{"embeddable":true,"href":"https:\/\/www.makitamarket.com.tr\/site\/wp-json\/wp\/v2\/comments?post=24670"}],"wp:attachment":[{"href":"https:\/\/www.makitamarket.com.tr\/site\/wp-json\/wp\/v2\/media?parent=24670"}],"wp:term":[{"taxonomy":"product_brand","embeddable":true,"href":"https:\/\/www.makitamarket.com.tr\/site\/wp-json\/wp\/v2\/product_brand?post=24670"},{"taxonomy":"product_cat","embeddable":true,"href":"https:\/\/www.makitamarket.com.tr\/site\/wp-json\/wp\/v2\/product_cat?post=24670"},{"taxonomy":"product_tag","embeddable":true,"href":"https:\/\/www.makitamarket.com.tr\/site\/wp-json\/wp\/v2\/product_tag?post=24670"}],"curies":[{"name":"wp","href":"https:\/\/api.w.org\/{rel}","templated":true}]}}