{"id":24679,"date":"2025-07-12T01:19:17","date_gmt":"2025-07-11T22:19:17","guid":{"rendered":"https:\/\/www.makitamarket.com.tr\/site\/urun\/knipex-927877esd-knipex-92-78-77-esd\/"},"modified":"2026-03-30T11:39:32","modified_gmt":"2026-03-30T08:39:32","slug":"knipex-927877esd-knipex-92-78-77-esd","status":"publish","type":"product","link":"https:\/\/www.makitamarket.com.tr\/site\/urun\/knipex-927877esd-knipex-92-78-77-esd\/","title":{"rendered":"Knipex 927877ESD KNIPEX 92 78 77 ESD"},"content":{"rendered":"<p><strong style=\"background-color: rgb(255, 255, 255); color: rgb(99, 99, 99);\">Evrensel C\u0131mb\u0131z ESD<\/strong><\/p>\n<ol>\n<li data-list=\"bullet\"><span class=\"ql-ui\" contenteditable=\"false\"><\/span><span style=\"background-color: rgb(255, 255, 255); color: black;\">&nbsp;Elektrik itici kaplama: ESD versiyonundaki \u00fcniversal c\u0131mb\u0131zlar, kullan\u0131c\u0131lar ile \u00e7al\u0131\u015fma par\u00e7alar\u0131 aras\u0131ndaki elektriksel potansiyel farklar\u0131n\u0131 kontroll\u00fc olarak e\u015fitler<\/span><\/li>\n<li data-list=\"bullet\"><span class=\"ql-ui\" contenteditable=\"false\"><\/span><span style=\"background-color: rgb(255, 255, 255); color: black;\">&nbsp;10 ^ 3 ve 10 ^ 9 ohm aras\u0131nda y\u00fczey direncine sahip ESD testinden ge\u00e7mi\u015f siyah epoksi re\u00e7ine kaplama<\/span><\/li>\n<li data-list=\"bullet\"><span class=\"ql-ui\" contenteditable=\"false\"><\/span><span style=\"background-color: rgb(255, 255, 255); color: black;\">&nbsp;Elektronik ve hassas m\u00fchendislik end\u00fcstrileri i\u00e7in<\/span><\/li>\n<li data-list=\"bullet\"><span class=\"ql-ui\" contenteditable=\"false\"><\/span><span style=\"background-color: rgb(255, 255, 255); color: black;\">&nbsp;Elektromanyetik hasar\u0131 \u00f6nlemek i\u00e7in antimanyetik yap\u0131<\/span><\/li>\n<li data-list=\"bullet\"><span class=\"ql-ui\" contenteditable=\"false\"><\/span><span style=\"background-color: rgb(255, 255, 255); color: black;\">&nbsp;Geni\u015f tasar\u0131m yelpazesi: d\u00fcz, a\u00e7\u0131l\u0131, kavrama u\u00e7lar\u0131 ve d\u00fcz veya t\u0131rt\u0131kl\u0131, i\u011fne u\u00e7lu, dar veya k\u00f6r u\u00e7lu<\/span><\/li>\n<li data-list=\"bullet\"><span class=\"ql-ui\" contenteditable=\"false\"><\/span><span style=\"background-color: rgb(255, 255, 255); color: black;\">&nbsp;Y\u00fcksek kaliteli paslanmaz \u00e7elik: \u00e7e\u015fitli atmosferik ortamlara ve bir\u00e7ok a\u015f\u0131nd\u0131r\u0131c\u0131 malzemeye kar\u015f\u0131 y\u00fcksek dayan\u0131m ve \u00e7ok iyi korozyon direnci<\/span><\/li>\n<li data-list=\"bullet\"><span class=\"ql-ui\" contenteditable=\"false\"><\/span><span style=\"background-color: rgb(255, 255, 255); color: black;\">&nbsp;Set olarak da temin edilebilir (92 00 01 ESD)<\/span><\/li>\n<\/ol>\n<p><\/p>\n<table>\n<tr>\n<td>\u00d6l\u00e7\u00fcleri<\/td>\n<td>145 x 11 x 17 mm<\/td>\n<\/tr>\n<tr>\n<td>A\u011f\u0131rl\u0131k<\/td>\n<td>24 g<\/td>\n<\/tr>\n<\/table>\n","protected":false},"excerpt":{"rendered":"<p><strong style=\"background-color: rgb(255, 255, 255); color: rgb(99, 99, 99);\">Evrensel C\u0131mb\u0131z ESD<\/strong><\/p>\n<ol>\n<li data-list=\"bullet\"><span class=\"ql-ui\" contenteditable=\"false\"><\/span><span style=\"background-color: rgb(255, 255, 255); color: black;\">&nbsp;Elektrik itici kaplama: ESD versiyonundaki \u00fcniversal c\u0131mb\u0131zlar, kullan\u0131c\u0131lar ile \u00e7al\u0131\u015fma par\u00e7alar\u0131 aras\u0131ndaki elektriksel potansiyel farklar\u0131n\u0131 kontroll\u00fc olarak e\u015fitler<\/span><\/li>\n<li data-list=\"bullet\"><span class=\"ql-ui\" contenteditable=\"false\"><\/span><span style=\"background-color: rgb(255, 255, 255); color: black;\">&nbsp;10 ^ 3 ve 10 ^ 9 ohm aras\u0131nda y\u00fczey direncine sahip ESD testinden ge\u00e7mi\u015f siyah epoksi re\u00e7ine kaplama<\/span><\/li>\n<li data-list=\"bullet\"><span class=\"ql-ui\" contenteditable=\"false\"><\/span><span style=\"background-color: rgb(255, 255, 255); color: black;\">&nbsp;Elektronik ve hassas m\u00fchendislik end\u00fcstrileri i\u00e7in<\/span><\/li>\n<li data-list=\"bullet\"><span class=\"ql-ui\" contenteditable=\"false\"><\/span><span style=\"background-color: rgb(255, 255, 255); color: black;\">&nbsp;Elektromanyetik hasar\u0131 \u00f6nlemek i\u00e7in antimanyetik yap\u0131<\/span><\/li>\n<li data-list=\"bullet\"><span class=\"ql-ui\" contenteditable=\"false\"><\/span><span style=\"background-color: rgb(255, 255, 255); color: black;\">&nbsp;Geni\u015f tasar\u0131m yelpazesi: d\u00fcz, a\u00e7\u0131l\u0131, kavrama u\u00e7lar\u0131 ve d\u00fcz veya t\u0131rt\u0131kl\u0131, i\u011fne u\u00e7lu, dar veya k\u00f6r u\u00e7lu<\/span><\/li>\n<li data-list=\"bullet\"><span class=\"ql-ui\" contenteditable=\"false\"><\/span><span style=\"background-color: rgb(255, 255, 255); color: black;\">&nbsp;Y\u00fcksek kaliteli paslanmaz \u00e7elik: \u00e7e\u015fitli atmosferik ortamlara ve bir\u00e7ok a\u015f\u0131nd\u0131r\u0131c\u0131 malzemeye kar\u015f\u0131 y\u00fcksek dayan\u0131m ve \u00e7ok iyi korozyon direnci<\/span><\/li>\n<li data-list=\"bullet\"><span class=\"ql-ui\" contenteditable=\"false\"><\/span><span style=\"background-color: rgb(255, 255, 255); color: black;\">&nbsp;Set olarak da temin edilebilir (92 00 01 ESD)<\/span><\/li>\n<\/ol>\n<p><\/p>\n","protected":false},"featured_media":0,"comment_status":"open","ping_status":"closed","template":"","meta":{"_acf_changed":false},"product_brand":[1486],"product_cat":[1565],"product_tag":[],"class_list":{"0":"post-24679","1":"product","2":"type-product","3":"status-publish","5":"product_brand-knipex","6":"product_cat-yok-yok","8":"first","9":"instock","10":"taxable","11":"shipping-taxable","12":"purchasable","13":"product-type-simple","14":"add-to-wishlist-after_add_to_cart"},"acf":[],"_links":{"self":[{"href":"https:\/\/www.makitamarket.com.tr\/site\/wp-json\/wp\/v2\/product\/24679","targetHints":{"allow":["GET"]}}],"collection":[{"href":"https:\/\/www.makitamarket.com.tr\/site\/wp-json\/wp\/v2\/product"}],"about":[{"href":"https:\/\/www.makitamarket.com.tr\/site\/wp-json\/wp\/v2\/types\/product"}],"replies":[{"embeddable":true,"href":"https:\/\/www.makitamarket.com.tr\/site\/wp-json\/wp\/v2\/comments?post=24679"}],"wp:attachment":[{"href":"https:\/\/www.makitamarket.com.tr\/site\/wp-json\/wp\/v2\/media?parent=24679"}],"wp:term":[{"taxonomy":"product_brand","embeddable":true,"href":"https:\/\/www.makitamarket.com.tr\/site\/wp-json\/wp\/v2\/product_brand?post=24679"},{"taxonomy":"product_cat","embeddable":true,"href":"https:\/\/www.makitamarket.com.tr\/site\/wp-json\/wp\/v2\/product_cat?post=24679"},{"taxonomy":"product_tag","embeddable":true,"href":"https:\/\/www.makitamarket.com.tr\/site\/wp-json\/wp\/v2\/product_tag?post=24679"}],"curies":[{"name":"wp","href":"https:\/\/api.w.org\/{rel}","templated":true}]}}