{"id":24682,"date":"2025-07-12T01:19:19","date_gmt":"2025-07-11T22:19:19","guid":{"rendered":"https:\/\/www.makitamarket.com.tr\/site\/urun\/knipex-9113250-knipex-91-13-250\/"},"modified":"2026-04-06T18:21:49","modified_gmt":"2026-04-06T15:21:49","slug":"knipex-9113250-knipex-91-13-250","status":"publish","type":"product","link":"https:\/\/www.makitamarket.com.tr\/site\/urun\/knipex-9113250-knipex-91-13-250\/","title":{"rendered":"Knipex 9113250 KNIPEX 91 13 250"},"content":{"rendered":"<p><strong style=\"background-color: rgb(255, 255, 255); color: rgb(99, 99, 99);\">Fayans K\u0131rma Pensesi<\/strong><\/p>\n<ol>\n<li data-list=\"bullet\"><span class=\"ql-ui\" contenteditable=\"false\"><\/span><span style=\"background-color: rgb(255, 255, 255); color: rgb(0, 79, 159);\">Fayans kesici elmas ile \u00e7izdikten sonra fayanslar\u0131 hassas \u00f6l\u00e7\u00fc ile k\u0131rmak i\u00e7in<\/span><\/li>\n<li data-list=\"bullet\"><span class=\"ql-ui\" contenteditable=\"false\"><\/span><span style=\"background-color: rgb(255, 255, 255); color: rgb(0, 79, 159);\">&nbsp;Uzun ve kal\u0131n fayanslar i\u00e7in ideal<\/span><\/li>\n<li data-list=\"bullet\"><span class=\"ql-ui\" contenteditable=\"false\"><\/span><span style=\"background-color: rgb(255, 255, 255); color: black;\">&nbsp;Fayanslar\u0131n optimal derecede korunmas\u0131 i\u00e7in: Yumu\u015fak, sa\u011flam plastik malzemeden imal edilmi\u015f de\u011fi\u015ftirilebilir dayanak \u00e7eneleri<\/span><\/li>\n<li data-list=\"bullet\"><span class=\"ql-ui\" contenteditable=\"false\"><\/span><span style=\"background-color: rgb(255, 255, 255); color: black;\">&nbsp;El kuvveti 10 kat g\u00fc\u00e7lendirilerek y\u00fcksek k\u0131rma kuvveti elde edilmi\u015ftir<\/span><\/li>\n<li data-list=\"bullet\"><span class=\"ql-ui\" contenteditable=\"false\"><\/span><span style=\"background-color: rgb(255, 255, 255); color: black;\">&nbsp;\u0130\u015flenecek fayans kal\u0131nl\u0131\u011f\u0131na uygun olarak kolayca d\u00fc\u011fmeye bas\u0131larak ayarlanabilir<\/span><\/li>\n<\/ol>\n<p><\/p>\n<table>\n<tr>\n<td>A\u011f\u0131rl\u0131k<\/td>\n<td>560 g<\/td>\n<\/tr>\n<tr>\n<td>\u00d6l\u00e7\u00fcler<\/td>\n<td>250 x 58 x 40 mm<\/td>\n<\/tr>\n<\/table>\n","protected":false},"excerpt":{"rendered":"<p><strong style=\"background-color: rgb(255, 255, 255); color: rgb(99, 99, 99);\">Fayans K\u0131rma Pensesi<\/strong><\/p>\n<ol>\n<li data-list=\"bullet\"><span class=\"ql-ui\" contenteditable=\"false\"><\/span><span style=\"background-color: rgb(255, 255, 255); color: rgb(0, 79, 159);\">Fayans kesici elmas ile \u00e7izdikten sonra fayanslar\u0131 hassas \u00f6l\u00e7\u00fc ile k\u0131rmak i\u00e7in<\/span><\/li>\n<li data-list=\"bullet\"><span class=\"ql-ui\" contenteditable=\"false\"><\/span><span style=\"background-color: rgb(255, 255, 255); color: rgb(0, 79, 159);\">&nbsp;Uzun ve kal\u0131n fayanslar i\u00e7in ideal<\/span><\/li>\n<li data-list=\"bullet\"><span class=\"ql-ui\" contenteditable=\"false\"><\/span><span style=\"background-color: rgb(255, 255, 255); color: black;\">&nbsp;Fayanslar\u0131n optimal derecede korunmas\u0131 i\u00e7in: Yumu\u015fak, sa\u011flam plastik malzemeden imal edilmi\u015f de\u011fi\u015ftirilebilir dayanak \u00e7eneleri<\/span><\/li>\n<li data-list=\"bullet\"><span class=\"ql-ui\" contenteditable=\"false\"><\/span><span style=\"background-color: rgb(255, 255, 255); color: black;\">&nbsp;El kuvveti 10 kat g\u00fc\u00e7lendirilerek y\u00fcksek k\u0131rma kuvveti elde edilmi\u015ftir<\/span><\/li>\n<li data-list=\"bullet\"><span class=\"ql-ui\" contenteditable=\"false\"><\/span><span style=\"background-color: rgb(255, 255, 255); color: black;\">&nbsp;\u0130\u015flenecek fayans kal\u0131nl\u0131\u011f\u0131na uygun olarak kolayca d\u00fc\u011fmeye bas\u0131larak ayarlanabilir<\/span><\/li>\n<\/ol>\n<p><\/p>\n","protected":false},"featured_media":0,"comment_status":"open","ping_status":"closed","template":"","meta":{"_acf_changed":false},"product_brand":[1486],"product_cat":[1565],"product_tag":[],"class_list":{"0":"post-24682","1":"product","2":"type-product","3":"status-publish","5":"product_brand-knipex","6":"product_cat-yok-yok","8":"first","9":"instock","10":"taxable","11":"shipping-taxable","12":"purchasable","13":"product-type-simple","14":"add-to-wishlist-after_add_to_cart"},"acf":[],"_links":{"self":[{"href":"https:\/\/www.makitamarket.com.tr\/site\/wp-json\/wp\/v2\/product\/24682","targetHints":{"allow":["GET"]}}],"collection":[{"href":"https:\/\/www.makitamarket.com.tr\/site\/wp-json\/wp\/v2\/product"}],"about":[{"href":"https:\/\/www.makitamarket.com.tr\/site\/wp-json\/wp\/v2\/types\/product"}],"replies":[{"embeddable":true,"href":"https:\/\/www.makitamarket.com.tr\/site\/wp-json\/wp\/v2\/comments?post=24682"}],"wp:attachment":[{"href":"https:\/\/www.makitamarket.com.tr\/site\/wp-json\/wp\/v2\/media?parent=24682"}],"wp:term":[{"taxonomy":"product_brand","embeddable":true,"href":"https:\/\/www.makitamarket.com.tr\/site\/wp-json\/wp\/v2\/product_brand?post=24682"},{"taxonomy":"product_cat","embeddable":true,"href":"https:\/\/www.makitamarket.com.tr\/site\/wp-json\/wp\/v2\/product_cat?post=24682"},{"taxonomy":"product_tag","embeddable":true,"href":"https:\/\/www.makitamarket.com.tr\/site\/wp-json\/wp\/v2\/product_tag?post=24682"}],"curies":[{"name":"wp","href":"https:\/\/api.w.org\/{rel}","templated":true}]}}