{"id":24683,"date":"2025-07-12T01:19:20","date_gmt":"2025-07-11T22:19:20","guid":{"rendered":"https:\/\/www.makitamarket.com.tr\/site\/urun\/knipex-9192180-knipex-91-92-180-dosemeci-pensesi\/"},"modified":"2026-04-13T23:48:54","modified_gmt":"2026-04-13T20:48:54","slug":"knipex-9192180-knipex-91-92-180-dosemeci-pensesi","status":"publish","type":"product","link":"https:\/\/www.makitamarket.com.tr\/site\/urun\/knipex-9192180-knipex-91-92-180-dosemeci-pensesi\/","title":{"rendered":"Knipex 9192180 KNIPEX 91 92 180 DOSEMECI PENSES\u0130"},"content":{"rendered":"<ol>\n<li data-list=\"bullet\"><span class=\"ql-ui\" contenteditable=\"false\"><\/span><span style=\"background-color: rgb(255, 255, 255); color: black;\">&nbsp;Koltuk k\u0131l\u0131flar\u0131n\u0131n profilli koltuklara, t\u00fcm s\u0131radan d\u00f6\u015feme telleri ile profesyonel \u015fekilde sabitlenmesi i\u00e7in<\/span><\/li>\n<li data-list=\"bullet\"><span class=\"ql-ui\" contenteditable=\"false\"><\/span><span style=\"background-color: rgb(255, 255, 255); color: black;\">&nbsp;D\u00f6\u015feme tellerini g\u00fcvenli yerle\u015ftirme, y\u00f6nlendirme ve tutma: Freze ile a\u00e7\u0131lm\u0131\u015f spesyal oluk, d\u00f6\u015feme tellerini do\u011fru pozisyonda sabitler<\/span><\/li>\n<li data-list=\"bullet\"><span class=\"ql-ui\" contenteditable=\"false\"><\/span><span style=\"background-color: rgb(255, 255, 255); color: black;\">&nbsp;Tel kolayl\u0131kla yerle\u015ftirilir: Kapatma yay\u0131 teli kapal\u0131 pozisyonda tutar, b\u00f6ylece tel g\u00fcvenli \u015fekilde yerle\u015ftirilir ve preslenir<\/span><\/li>\n<li data-list=\"bullet\"><span class=\"ql-ui\" contenteditable=\"false\"><\/span><span style=\"background-color: rgb(255, 255, 255); color: black;\">&nbsp;\u00c7ok komponentli k\u0131l\u0131flar sayesinde konforlu \u00e7al\u0131\u015fma<\/span><\/li>\n<li data-list=\"bullet\"><span class=\"ql-ui\" contenteditable=\"false\"><\/span><span style=\"background-color: rgb(255, 255, 255); color: black;\">&nbsp;Penselerin iyi bir aktarma oran\u0131na sahip olmas\u0131 nedeniyle d\u00f6\u015feme telleri kolayca bast\u0131r\u0131l\u0131r<\/span><\/li>\n<li data-list=\"bullet\"><span class=\"ql-ui\" contenteditable=\"false\"><\/span><span style=\"background-color: rgb(255, 255, 255); color: black;\">&nbsp;Uzun \u00f6m\u00fcrl\u00fc ve sa\u011flam<\/span><\/li>\n<\/ol>\n<p><\/p>\n<table>\n<tr>\n<td>A\u011f\u0131rl\u0131k<\/td>\n<td>195 g<\/td>\n<\/tr>\n<tr>\n<td>\u00d6l\u00e7\u00fcler<\/td>\n<td>185 x 55 x 19 mm<\/td>\n<\/tr>\n<\/table>\n","protected":false},"excerpt":{"rendered":"<ol>\n<li data-list=\"bullet\"><span class=\"ql-ui\" contenteditable=\"false\"><\/span><span style=\"background-color: rgb(255, 255, 255); color: black;\">&nbsp;Koltuk k\u0131l\u0131flar\u0131n\u0131n profilli koltuklara, t\u00fcm s\u0131radan d\u00f6\u015feme telleri ile profesyonel \u015fekilde sabitlenmesi i\u00e7in<\/span><\/li>\n<li data-list=\"bullet\"><span class=\"ql-ui\" contenteditable=\"false\"><\/span><span style=\"background-color: rgb(255, 255, 255); color: black;\">&nbsp;D\u00f6\u015feme tellerini g\u00fcvenli yerle\u015ftirme, y\u00f6nlendirme ve tutma: Freze ile a\u00e7\u0131lm\u0131\u015f spesyal oluk, d\u00f6\u015feme tellerini do\u011fru pozisyonda sabitler<\/span><\/li>\n<li data-list=\"bullet\"><span class=\"ql-ui\" contenteditable=\"false\"><\/span><span style=\"background-color: rgb(255, 255, 255); color: black;\">&nbsp;Tel kolayl\u0131kla yerle\u015ftirilir: Kapatma yay\u0131 teli kapal\u0131 pozisyonda tutar, b\u00f6ylece tel g\u00fcvenli \u015fekilde yerle\u015ftirilir ve preslenir<\/span><\/li>\n<li data-list=\"bullet\"><span class=\"ql-ui\" contenteditable=\"false\"><\/span><span style=\"background-color: rgb(255, 255, 255); color: black;\">&nbsp;\u00c7ok komponentli k\u0131l\u0131flar sayesinde konforlu \u00e7al\u0131\u015fma<\/span><\/li>\n<li data-list=\"bullet\"><span class=\"ql-ui\" contenteditable=\"false\"><\/span><span style=\"background-color: rgb(255, 255, 255); color: black;\">&nbsp;Penselerin iyi bir aktarma oran\u0131na sahip olmas\u0131 nedeniyle d\u00f6\u015feme telleri kolayca bast\u0131r\u0131l\u0131r<\/span><\/li>\n<li data-list=\"bullet\"><span class=\"ql-ui\" contenteditable=\"false\"><\/span><span style=\"background-color: rgb(255, 255, 255); color: black;\">&nbsp;Uzun \u00f6m\u00fcrl\u00fc ve sa\u011flam<\/span><\/li>\n<\/ol>\n<p><\/p>\n","protected":false},"featured_media":0,"comment_status":"open","ping_status":"closed","template":"","meta":{"_acf_changed":false},"product_brand":[1486],"product_cat":[1565],"product_tag":[],"class_list":{"0":"post-24683","1":"product","2":"type-product","3":"status-publish","5":"product_brand-knipex","6":"product_cat-yok-yok","8":"first","9":"instock","10":"taxable","11":"shipping-taxable","12":"purchasable","13":"product-type-simple","14":"add-to-wishlist-after_add_to_cart"},"acf":[],"_links":{"self":[{"href":"https:\/\/www.makitamarket.com.tr\/site\/wp-json\/wp\/v2\/product\/24683","targetHints":{"allow":["GET"]}}],"collection":[{"href":"https:\/\/www.makitamarket.com.tr\/site\/wp-json\/wp\/v2\/product"}],"about":[{"href":"https:\/\/www.makitamarket.com.tr\/site\/wp-json\/wp\/v2\/types\/product"}],"replies":[{"embeddable":true,"href":"https:\/\/www.makitamarket.com.tr\/site\/wp-json\/wp\/v2\/comments?post=24683"}],"wp:attachment":[{"href":"https:\/\/www.makitamarket.com.tr\/site\/wp-json\/wp\/v2\/media?parent=24683"}],"wp:term":[{"taxonomy":"product_brand","embeddable":true,"href":"https:\/\/www.makitamarket.com.tr\/site\/wp-json\/wp\/v2\/product_brand?post=24683"},{"taxonomy":"product_cat","embeddable":true,"href":"https:\/\/www.makitamarket.com.tr\/site\/wp-json\/wp\/v2\/product_cat?post=24683"},{"taxonomy":"product_tag","embeddable":true,"href":"https:\/\/www.makitamarket.com.tr\/site\/wp-json\/wp\/v2\/product_tag?post=24683"}],"curies":[{"name":"wp","href":"https:\/\/api.w.org\/{rel}","templated":true}]}}